{"id":1774,"date":"2018-08-26T19:56:42","date_gmt":"2018-08-26T17:56:42","guid":{"rendered":"https:\/\/www.rotaflex.cz\/index\/"},"modified":"2018-08-26T19:56:42","modified_gmt":"2018-08-26T17:56:42","slug":"index","status":"publish","type":"page","link":"https:\/\/www.rotaflex.cz\/de\/","title":{"rendered":"Index"},"content":{"rendered":"<section class=\"well well2\">\n<div class=\"container\">\n<h2>\u00dcber uns<\/h2>\n<p>UNION LESN\u00cd BR\u00c1NA, a.s., mit Sitz in Dub\u00ed bei Teplice in Nordwestb\u00f6hmen, ist ein bedeutender und historisch gesehen der \u00e4lteste tschechische Hersteller von mineralischen D\u00e4mmstoffen (seit den 1960er Jahren zun\u00e4chst unter dem Namen Fibrex, sp\u00e4ter Rotaflex und in der neueren Geschichte &#8211; seit 1992 &#8211; Rotaflex super). Das Unternehmen stellt thermische und akustische Isolierungen aus Glasfasern her, die vor allem im Baugewerbe f\u00fcr Wohn-, Zivil-, Industrie- und landwirtschaftliche Geb\u00e4ude, aber auch in anderen Branchen eingesetzt werden. Die Produkte sind in einer Vielzahl von Gr\u00f6\u00dfen, Dicken und Gewichten erh\u00e4ltlich und werden als Matten oder Platten angeboten.<\/p>\n<p>Der Markt f\u00fcr Geb\u00e4uded\u00e4mmung entwickelt sich st\u00e4ndig weiter, die Anforderungen an Produktqualit\u00e4t, gesundheitliche Unbedenklichkeit, \u00f6kologische Aspekte usw. steigen. die vor 20 Jahren verwendet wurden, auf dem heutigen Markt f\u00fcr Geb\u00e4uded\u00e4mmung nicht mehr rentabel sein w\u00fcrden. Der Wettbewerb in diesem Produktionssektor ist sehr hoch und der Verzicht auf schrittweise technologische Innovationen w\u00e4re f\u00fcr UNION LESN\u00cd BR\u00c1NA, a.s. sehr nachteilig. Daher wurde seit 2013 eine schrittweise Modernisierung der gesamten Produktionstechnologie durchgef\u00fchrt, die Hunderte von Millionen Euro gekostet hat. Alle Rekonstruktionen im Zusammenhang mit der Produktionslinie wurden in Zusammenarbeit mit f\u00fchrenden Beratungsunternehmen und erfahrenen in- und ausl\u00e4ndischen Anbietern von Technologien im Bereich der Glasschmelze und des Zellstoffs durchgef\u00fchrt. Die Neuerungen im Produktionsprozess betrafen die wichtigsten technologischen Knotenpunkte, nicht nur das bereits erw\u00e4hnte Schmelzen (Modernisierung des Schmelzbades) und den Aufschluss des Glases, sondern auch die Verteilung der Fasern in der Lagerkammer, die Formgebung des Glasfaservlieses und schlie\u00dflich seine Formatierung und Verpackung in Rollen oder Platten sowie die eigentliche Palettierung dieser Produkte f\u00fcr den Versand. Diese gesamte Phase wurde Ende 2020 mit einer gro\u00dfen Renovierung abgeschlossen. Der wichtigste Parameter dieser Innovationen war die moderne komplexe Steuerung des Produktionsprozesses, d.h. Kontrolle der Ablagerung und Verteilung von Glasfasern durch Online-R\u00f6ntgen der gesamten Produktion (GreCon-Dieffensor), Kontrolle der thermischen Eigenschaften der Produkte mit Hilfe des so genannten Lambdameter, Kontrolle des Faserdurchmessers mit dem Diamscoppe-Ger\u00e4t&#8230; Zu diesen neuen Technologien geh\u00f6rt auch die Installation von Ger\u00e4ten, die die negativen Auswirkungen der Produktion auf die Umwelt minimieren. Alle technischen Daten werden in einer internen Datenbank gespeichert und dienen dann der Bewertung der Produktionseffizienz und der weiteren Optimierung des Produktionsprozesses. F\u00fcr die Qualit\u00e4t ist das Managementsystem nach ISO 9001, das Umweltmanagementsystem nach ISO 14001 und das Sicherheitssystem nach ISO 45001 zertifiziert. Die Produkte sind mit dem Qualit\u00e4tszeichen Czech Made ausgezeichnet, das von der Tschechischen Gesellschaft f\u00fcr Qualit\u00e4t f\u00fcr tschechische Qualit\u00e4tsprodukte vergeben wird.<\/p>\n<p>Derzeit stellt UNION LESN\u00cd BR\u00c1NA, a.s. innovative Produkte her, die mit Konkurrenzprodukten zur W\u00e4rme- und Schalld\u00e4mmung aus Glasfasern voll vergleichbar sind. Sie liefert ihre Produkte nicht nur auf den heimischen Markt, sondern auch ins Ausland unter der Supermarke ROTAFLEX und arbeitet mit Kunden zusammen, die die Herstellung und Lieferung von Produkten in ihrer privaten Verpackung w\u00fcnschen. Alle seine Produkte sind ordnungsgem\u00e4\u00df zertifiziert.<\/p>\n<p>Die h\u00f6chste Priorit\u00e4t aller Mitarbeiter von UNION LESN\u00cd BR\u00c1NA, a.s. ist die Zufriedenheit und das Vertrauen der Kunden. Deshalb sind alle Aktivit\u00e4ten darauf ausgerichtet, dass der Kunde wei\u00df, dass er mit einem zuverl\u00e4ssigen Partner zusammenarbeitet. Die umfangreichen Investitionen in die Modernisierung der gesamten Produktionslinie waren daher das Hauptmotiv, dieses Ziel zu erreichen.<\/p>\n<\/div>\n<\/section>\n","protected":false},"excerpt":{"rendered":"<p>\u00dcber uns UNION LESN\u00cd BR\u00c1NA, a.s., mit Sitz in Dub\u00ed bei Teplice in Nordwestb\u00f6hmen, ist ein bedeutender und historisch gesehen der \u00e4lteste tschechische Hersteller von mineralischen D\u00e4mmstoffen (seit den 1960er Jahren zun\u00e4chst unter dem Namen Fibrex, sp\u00e4ter Rotaflex und in der neueren Geschichte &#8211; seit 1992 &#8211; Rotaflex super). Das Unternehmen stellt thermische und akustische [&hellip;]<\/p>\n","protected":false},"author":1,"featured_media":0,"parent":0,"menu_order":0,"comment_status":"closed","ping_status":"open","template":"","meta":{"footnotes":""},"class_list":["post-1774","page","type-page","status-publish","hentry"],"_links":{"self":[{"href":"https:\/\/www.rotaflex.cz\/de\/wp-json\/wp\/v2\/pages\/1774"}],"collection":[{"href":"https:\/\/www.rotaflex.cz\/de\/wp-json\/wp\/v2\/pages"}],"about":[{"href":"https:\/\/www.rotaflex.cz\/de\/wp-json\/wp\/v2\/types\/page"}],"author":[{"embeddable":true,"href":"https:\/\/www.rotaflex.cz\/de\/wp-json\/wp\/v2\/users\/1"}],"replies":[{"embeddable":true,"href":"https:\/\/www.rotaflex.cz\/de\/wp-json\/wp\/v2\/comments?post=1774"}],"version-history":[{"count":0,"href":"https:\/\/www.rotaflex.cz\/de\/wp-json\/wp\/v2\/pages\/1774\/revisions"}],"wp:attachment":[{"href":"https:\/\/www.rotaflex.cz\/de\/wp-json\/wp\/v2\/media?parent=1774"}],"curies":[{"name":"wp","href":"https:\/\/api.w.org\/{rel}","templated":true}]}}