{"id":1775,"date":"2018-10-18T09:02:42","date_gmt":"2018-10-18T07:02:42","guid":{"rendered":"https:\/\/www.rotaflex.cz\/gruen-zum-sparen\/"},"modified":"2018-10-18T09:02:42","modified_gmt":"2018-10-18T07:02:42","slug":"gruen-zum-sparen","status":"publish","type":"page","link":"https:\/\/www.rotaflex.cz\/de\/gruen-zum-sparen\/","title":{"rendered":"Gr\u00fcn zum Sparen"},"content":{"rendered":"<h2>Gr\u00fcn zum Sparen  <img loading=\"lazy\" decoding=\"async\" class=\"pull-right intext alignnone wp-image-96 size-medium\" src=\"http:\/\/www.rotaflex.cz\/wp-content\/uploads\/2018\/12\/sfzp-logo-300x82.png\" alt=\"\" width=\"300\" height=\"82\" srcset=\"https:\/\/www.rotaflex.cz\/wp-content\/uploads\/2018\/12\/sfzp-logo-300x82.png 300w, https:\/\/www.rotaflex.cz\/wp-content\/uploads\/2018\/12\/sfzp-logo.png 600w\" sizes=\"(max-width: 300px) 100vw, 300px\" \/><\/h2>\n<p>Sie k\u00f6nnen ROTAFLEX Super W\u00e4rmed\u00e4mmung im Rahmen der New Green Savings Subvention kaufen. New Green Savings ist eines der Programme in der Tschechischen Republik, das sich auf Energieeinsparungen in Wohngeb\u00e4uden konzentriert. Es f\u00f6rdert die Senkung des Energieverbrauchs in Wohngeb\u00e4uden, den Bau von Niedrigstenergieh\u00e4usern, umweltfreundliche Heizmethoden und die Installation von erneuerbaren Energiequellen. Das Hauptziel des Programms besteht darin, den Zustand der Umwelt zu verbessern, indem die Produktion von Schadstoffen und Treibhausgasen (haupts\u00e4chlich CO2-Emissionen) reduziert wird. Es tr\u00e4gt dazu bei, Energie beim Endverbrauch zu sparen und die Wirtschaft der Tschechischen Republik anzukurbeln. Dar\u00fcber hinaus bietet es weitere soziale Vorteile, wie die Verbesserung der Wohnqualit\u00e4t f\u00fcr die B\u00fcrger, die Verbesserung des Erscheinungsbildes von St\u00e4dten und D\u00f6rfern und die Einleitung langfristiger progressiver Trends.<\/p>\n<p>Im Einzelnen k\u00f6nnen Sie f\u00fcr die folgenden Produkte einen Zuschuss beantragen:<\/p>\n<h6 style=\"padding-left: 60px\"><a href=\"http:\/\/www.rotaflex.cz\/product\/krokvove-pasy-kp-01\/\">Regalstreifen KP 01 (\u03bb = 0,037), <strong>SVT-Code 999<\/strong><\/a><\/h6>\n<h6 style=\"padding-left: 60px\"><a href=\"http:\/\/www.rotaflex.cz\/product\/krokvove-pasy-kp-02\/\">Regalstreifen KP02 (\u03bb = 0,035), <strong>SVT-Code 1000<\/strong><\/a><\/h6>\n<h6 style=\"padding-left: 60px\"><a href=\"http:\/\/www.rotaflex.cz\/product\/tepelne-pasy-tp-01\/\">Thermostreifen TP 01 (\u03bb = 0,039), <strong>SVT-Code 998<\/strong><\/a><\/h6>\n<h6 style=\"padding-left: 60px\"><a href=\"http:\/\/www.rotaflex.cz\/product\/uni-deska-viceucelova-izolacni-deska\/\">Platte UNI-P (\u03bb = 0,040), <strong>SVT-Code 759<\/strong><\/a><\/h6>\n<h6 style=\"padding-left: 60px\"><a href=\"http:\/\/www.rotaflex.cz\/product\/fasadni-desky-fd-01\/\">Fassadentafeln FD 01 (\u03bb = 0,035), <strong>SVT-Code 1003<\/strong><\/a><\/h6>\n<h6 style=\"padding-left: 60px\"><a href=\"http:\/\/www.rotaflex.cz\/product\/fasadni-desky-fd-02\/\">Fassadentafeln FD 02 (\u03bb = 0,032), <strong>SVT-Code 1005<\/strong><\/a><\/h6>\n<h6 style=\"padding-left: 60px\"><a href=\"http:\/\/www.rotaflex.cz\/product\/prickove-pasy-pp-01\/\">Trennstreifen PP 01 (\u03bb = 0,039), <strong>SVT-Code 879<\/strong><\/a><\/h6>\n<h6 style=\"padding-left: 60px\"><a href=\"http:\/\/www.rotaflex.cz\/product\/prickove-desky-pdl-01\/\">Teilungsbretter PDL 01 (\u03bb = 0,039), <strong>SVT-Code 860<\/strong><\/a><\/h6>\n<h6 style=\"padding-left: 60px\"><a href=\"http:\/\/www.rotaflex.cz\/product\/granulat-r\/\">Granulat R (\u03bb = 0,038), <strong>SVT-Code 1012<\/strong><\/a><\/h6>\n<h6 style=\"padding-left: 60px\"><a href=\"http:\/\/www.rotaflex.cz\/product\/akusticke-desky-adp-01\/\">Akustikplatten ADP 01 (\u03bb = 0,035), <strong>SVT-Code 1011<\/strong><\/a><\/h6>\n","protected":false},"excerpt":{"rendered":"<p>Gr\u00fcn zum Sparen Sie k\u00f6nnen ROTAFLEX Super W\u00e4rmed\u00e4mmung im Rahmen der New Green Savings Subvention kaufen. New Green Savings ist eines der Programme in der Tschechischen Republik, das sich auf Energieeinsparungen in Wohngeb\u00e4uden konzentriert. Es f\u00f6rdert die Senkung des Energieverbrauchs in Wohngeb\u00e4uden, den Bau von Niedrigstenergieh\u00e4usern, umweltfreundliche Heizmethoden und die Installation von erneuerbaren Energiequellen. Das [&hellip;]<\/p>\n","protected":false},"author":1,"featured_media":0,"parent":0,"menu_order":0,"comment_status":"closed","ping_status":"closed","template":"","meta":{"footnotes":""},"class_list":["post-1775","page","type-page","status-publish","hentry"],"_links":{"self":[{"href":"https:\/\/www.rotaflex.cz\/de\/wp-json\/wp\/v2\/pages\/1775"}],"collection":[{"href":"https:\/\/www.rotaflex.cz\/de\/wp-json\/wp\/v2\/pages"}],"about":[{"href":"https:\/\/www.rotaflex.cz\/de\/wp-json\/wp\/v2\/types\/page"}],"author":[{"embeddable":true,"href":"https:\/\/www.rotaflex.cz\/de\/wp-json\/wp\/v2\/users\/1"}],"replies":[{"embeddable":true,"href":"https:\/\/www.rotaflex.cz\/de\/wp-json\/wp\/v2\/comments?post=1775"}],"version-history":[{"count":0,"href":"https:\/\/www.rotaflex.cz\/de\/wp-json\/wp\/v2\/pages\/1775\/revisions"}],"wp:attachment":[{"href":"https:\/\/www.rotaflex.cz\/de\/wp-json\/wp\/v2\/media?parent=1775"}],"curies":[{"name":"wp","href":"https:\/\/api.w.org\/{rel}","templated":true}]}}