{"id":1790,"date":"2018-10-18T08:18:04","date_gmt":"2018-10-18T06:18:04","guid":{"rendered":"https:\/\/www.rotaflex.cz\/ueber-das-unternehmen\/"},"modified":"2018-10-18T08:18:04","modified_gmt":"2018-10-18T06:18:04","slug":"ueber-das-unternehmen","status":"publish","type":"page","link":"https:\/\/www.rotaflex.cz\/de\/ueber-das-unternehmen\/","title":{"rendered":"\u00dcber das Unternehmen"},"content":{"rendered":"<div class=\"col-md-4 col-sm-12\">\n<h2 class=\"text-center\">\u00dcber das Unternehmen<\/h2>\n<div class=\"center991\"><img loading=\"lazy\" decoding=\"async\" width=\"300\" height=\"192\" class=\"wp-image-47\" style=\"margin-bottom: 15px; margin-left: 25px;\" src=\"\/wp-content\/uploads\/2018\/10\/page-2_img2-300x192.jpg\" srcset=\"https:\/\/www.rotaflex.cz\/wp-content\/uploads\/2018\/10\/page-2_img2-300x192.jpg 300w, https:\/\/www.rotaflex.cz\/wp-content\/uploads\/2018\/10\/page-2_img2-600x383.jpg 600w, https:\/\/www.rotaflex.cz\/wp-content\/uploads\/2018\/10\/page-2_img2.jpg 620w\" sizes=\"(max-width: 300px) 100vw, 300px\" \/><\/div>\n<p>UNION LESN\u00cd BR\u00c1NA, a. s., ist der einzige tschechische Hersteller von W\u00e4rme- und Schalld\u00e4mmung aus Glasfasern f\u00fcr Wohn-, Zivil-, Industrie- und Landwirtschaftsgeb\u00e4ude.<\/p>\n<p>&nbsp;<\/p>\n<p>Wir stellen eine breite Palette von Produkten zur W\u00e4rme- und Schalld\u00e4mmung her. Dabei handelt es sich um Matten und Platten in verschiedenen Abmessungen, Dicken und Volumengewichten.<\/p>\n<\/div>\n<div class=\"col-md-4 col-sm-12\">\n<p>Unsere Produkte verf\u00fcgen \u00fcber EG-Konformit\u00e4tszertifikate, die in den L\u00e4ndern der Europ\u00e4ischen Union g\u00fcltig sind, und ihre Qualit\u00e4t wird von einer Zertifizierungsstelle \u00fcberwacht.<\/p>\n<p>&nbsp;<\/p>\n<p>Die Absicht der UNION LESN\u00cd BR\u00c1NA, a. s. ist es, die inl\u00e4ndischen Kunden zufriedenzustellen, denen wir ein Produkt auf europ\u00e4ischem Niveau anbieten. In Zukunft wollen wir besser mit unseren H\u00e4ndlern zusammenarbeiten und das Niveau des Verkaufsservices erh\u00f6hen, um den Absatz zu verbessern. Wir wollen unseren Kunden zeigen, wie sie unser Material am besten und effizientesten f\u00fcr die Isolierung einsetzen k\u00f6nnen, mit welchen Materialien es kombiniert werden kann, damit die Baugruppen den Normen und Vorschriften entsprechen. Gleichzeitig wollen wir unsere H\u00e4ndler und Kunden mit neuem Wissen und neuen Produkten auf dem Laufenden halten.<\/p>\n<p>&nbsp;<\/p>\n<p>Das wichtigste und entscheidende Ziel von UNION LESN\u00cd BR\u00c1NA, a. s. ist ein zufriedener Kunde, der durch den Einsatz von ROTAFLEX Super \u00ae mit Qualit\u00e4t und Garantie Energie gespart und den Ger\u00e4uschpegel reduziert hat.<\/p>\n<p>&nbsp;<\/p>\n<p>UNION LESN\u00cd BR\u00c1NA, a. s., \u00fcberwacht kontinuierlich die Qualit\u00e4t der Produkte w\u00e4hrend des Produktionsprozesses. Zu diesem Zweck wurde ein Qualit\u00e4tsmanagementsystem in \u00dcbereinstimmung mit den europ\u00e4ischen Normen entwickelt. Dieses Verfahren gew\u00e4hrleistet die dauerhafte Qualit\u00e4t der Produkte.<\/p>\n<\/div>\n<div class=\"col-md-4 col-sm-12\">\n<h2 class=\"text-center\">Unsere Geschichte<\/h2>\n<article class=\"media\"><time class=\"media-left\" datetime=\"1872\">1872-<\/time><\/p>\n<p class=\"media-body\">Der erste gesicherte Bericht \u00fcber den Wald Branna als Glash\u00fctte stammt aus dem Jahr 1872 aus dem Verzeichnis f\u00fcr den Bezirk Teplice.<\/p>\n<\/article>\n<article class=\"media\"><time class=\"media-left\" datetime=\"1891\">1891-<\/time><\/p>\n<p class=\"media-body\">Vom urspr\u00fcnglichen Besitzer Ernst A. A. Abendroth, kaufte die Familie Fischmann die Glash\u00fctte. W\u00e4hrend ihres Bestehens produzierte die Glash\u00fctte haupts\u00e4chlich typische Produkte (Getr\u00e4nkeflaschen, Flachglas, Glasbl\u00f6cke), aber auch elektrisch geschmolzene feuerfeste Materialien.<\/p>\n<\/article>\n<article class=\"media\"><time class=\"media-left\" datetime=\"1936\">1936-<\/time><\/p>\n<p class=\"media-body\">Die Glasfabriken Fischmann S\u00f6hne A. G. ist ernsthaft an der Herstellung von Glaswolle f\u00fcr Isolieranwendungen interessiert. Diese Idee wurde in den Jahren 1963-1967 mit dem Bau einer Produktionslinie f\u00fcr Fibrex-Isolierfasern fortgesetzt. Nach dem erfolgreichen Start der Fibrex-Produktion wurde mit dem Bau der Rotaflex-Faserproduktionsanlage begonnen.<\/p>\n<\/article>\n<article class=\"media\"><time class=\"media-left\" datetime=\"1993\">1993-<\/time><\/p>\n<p class=\"media-body\">Der weltweite Anstieg der Energiepreise am Ende des letzten Jahrhunderts spiegelte sich in der Nachfrage nach hochwertiger Isolierung wider. Die Gesch\u00e4ftsf\u00fchrung der Aktiengesellschaft UNION LESN\u00cd BR\u00c1NA hat beschlossen, die Produktionstechnologie zu \u00e4ndern, um ein Produkt herzustellen, das mit den Produkten aus den Industriel\u00e4ndern voll vergleichbar ist. Das Vorhaben wurde in die Tat umgesetzt und 1993 verlie\u00df das Lizenzprodukt ROTAFLEX Super \u00ae die Produktionslinie.<\/p>\n<\/article>\n<\/div>\n","protected":false},"excerpt":{"rendered":"<p>\u00dcber das Unternehmen UNION LESN\u00cd BR\u00c1NA, a. s., ist der einzige tschechische Hersteller von W\u00e4rme- und Schalld\u00e4mmung aus Glasfasern f\u00fcr Wohn-, Zivil-, Industrie- und Landwirtschaftsgeb\u00e4ude. &nbsp; Wir stellen eine breite Palette von Produkten zur W\u00e4rme- und Schalld\u00e4mmung her. Dabei handelt es sich um Matten und Platten in verschiedenen Abmessungen, Dicken und Volumengewichten. Unsere Produkte verf\u00fcgen [&hellip;]<\/p>\n","protected":false},"author":1,"featured_media":0,"parent":0,"menu_order":0,"comment_status":"closed","ping_status":"closed","template":"","meta":{"footnotes":""},"class_list":["post-1790","page","type-page","status-publish","hentry"],"_links":{"self":[{"href":"https:\/\/www.rotaflex.cz\/de\/wp-json\/wp\/v2\/pages\/1790"}],"collection":[{"href":"https:\/\/www.rotaflex.cz\/de\/wp-json\/wp\/v2\/pages"}],"about":[{"href":"https:\/\/www.rotaflex.cz\/de\/wp-json\/wp\/v2\/types\/page"}],"author":[{"embeddable":true,"href":"https:\/\/www.rotaflex.cz\/de\/wp-json\/wp\/v2\/users\/1"}],"replies":[{"embeddable":true,"href":"https:\/\/www.rotaflex.cz\/de\/wp-json\/wp\/v2\/comments?post=1790"}],"version-history":[{"count":0,"href":"https:\/\/www.rotaflex.cz\/de\/wp-json\/wp\/v2\/pages\/1790\/revisions"}],"wp:attachment":[{"href":"https:\/\/www.rotaflex.cz\/de\/wp-json\/wp\/v2\/media?parent=1790"}],"curies":[{"name":"wp","href":"https:\/\/api.w.org\/{rel}","templated":true}]}}