{"id":1799,"date":"2018-11-19T23:18:46","date_gmt":"2018-11-19T22:18:46","guid":{"rendered":"https:\/\/www.rotaflex.cz\/kontakt-formular\/"},"modified":"2026-04-05T23:11:48","modified_gmt":"2026-04-05T21:11:48","slug":"kontakt-formular","status":"publish","type":"page","link":"https:\/\/www.rotaflex.cz\/de\/kontakt-formular\/","title":{"rendered":"Kontakt-Formular"},"content":{"rendered":"<div class=\"col-md-4 col-sm-12\">\n<h2 class=\"text-center\">Adresse<\/h2>\n<p>Die Zufahrt f\u00fcr den G\u00fcterverkehr und Besucher erfolgt von der Ruska-Stra\u00dfe aus (Haupttorhaus).<br><\/p>\n<p> <\/p>\n<address class=\"addr_blc\"><strong><br><br>UNION FOREST GATES, a. s.<\/strong><br>Novosedlick\u00e1 248, Pozorka<br>417 03 Dub\u00ed<br>Tschechische Republik\n<p> <\/p>\n<\/address><dl>\n<dt><strong>ID:<\/strong><\/dt>\n<dd>14864606<\/dd>\n<dt><strong>TIN:<\/strong><\/dt>\n<dd>CZ14864606<\/dd>\n<dt><strong>DS ID:<\/strong><\/dt>\n<dd>akagtk5<\/dd>\n<\/dl>\n<p><strong><span style=\"color: #ff0000;\">Kontaktieren Sie <span style=\"text-decoration: underline;\"><a style=\"color: #ff0000; text-decoration: underline;\" href=\"https:\/\/www.rotaflex.cz\/de\/struktur-des-unternehmens\/\">HIER<\/a><\/span><\/span><\/strong><\/p>\n<\/div><div class=\"col-md-8 col-sm-12\">\n<h2 class=\"text-center\">Kontakt-Formular<\/h2>\n<p><script src=\"https:\/\/www.google.com\/recaptcha\/api.js\" async=\"\" defer><\/script><br><div class=\"wpforms-container wpforms-container-full contact-form offs3\" id=\"wpforms-77\"><form id=\"wpforms-form-77\" class=\"wpforms-validate wpforms-form wpforms-ajax-form\" data-formid=\"77\" method=\"post\" enctype=\"multipart\/form-data\" action=\"\/de\/wp-json\/wp\/v2\/pages\/1799\" data-token=\"7c92ebd5996641b4e7c16006e231f153\"><noscript class=\"wpforms-error-noscript\">Please enable JavaScript in your browser to complete this form.<\/noscript><div class=\"wpforms-field-container\"><div id=\"wpforms-77-field_0-container\" class=\"wpforms-field wpforms-field-name\" data-field-id=\"0\"><label class=\"wpforms-field-label\" for=\"wpforms-77-field_0\">Ihr Name <span class=\"wpforms-required-label\">*<\/span><\/label><input type=\"text\" id=\"wpforms-77-field_0\" class=\"wpforms-field-medium wpforms-field-required\" name=\"wpforms[fields][0]\" required><\/div><div id=\"wpforms-77-field_1-container\" class=\"wpforms-field wpforms-field-email\" data-field-id=\"1\"><label class=\"wpforms-field-label\" for=\"wpforms-77-field_1\">Email<\/label><input type=\"email\" id=\"wpforms-77-field_1\" class=\"wpforms-field-medium\" name=\"wpforms[fields][1]\" ><\/div><div id=\"wpforms-77-field_5-container\" class=\"wpforms-field wpforms-field-phone\" data-field-id=\"5\"><label class=\"wpforms-field-label\" for=\"wpforms-77-field_5\">Telefon<\/label><input type=\"tel\" id=\"wpforms-77-field_5\" class=\"wpforms-field-medium wpforms-smart-phone-field\" data-rule-smart-phone-field=\"true\" name=\"wpforms[fields][5]\" ><\/div><div id=\"wpforms-77-field_2-container\" class=\"wpforms-field wpforms-field-textarea\" data-field-id=\"2\"><label class=\"wpforms-field-label\" for=\"wpforms-77-field_2\">Nachricht <span class=\"wpforms-required-label\">*<\/span><\/label><textarea id=\"wpforms-77-field_2\" class=\"wpforms-field-medium wpforms-field-required\" name=\"wpforms[fields][2]\" required><\/textarea><\/div><\/div><div class=\"wpforms-field wpforms-field-hp\"><label for=\"wpforms-77-field-hp\" class=\"wpforms-field-label\">Message<\/label><input type=\"text\" name=\"wpforms[hp]\" id=\"wpforms-77-field-hp\" class=\"wpforms-field-medium\"><\/div><input type=\"hidden\" name=\"wpforms[recaptcha]\" value=\"\"><div class=\"wpforms-submit-container\"><input type=\"hidden\" name=\"wpforms[id]\" value=\"77\"><input type=\"hidden\" name=\"wpforms[author]\" value=\"1\"><button type=\"submit\" name=\"wpforms[submit]\" id=\"wpforms-submit-77\" class=\"wpforms-submit btn btn-primary\" data-alt-text=\"Wird gesendet...\" data-submit-text=\"Schicken\" aria-live=\"assertive\" value=\"wpforms-submit\">Schicken<\/button><img loading=\"lazy\" decoding=\"async\" src=\"https:\/\/www.rotaflex.cz\/wp-content\/plugins\/wpforms\/assets\/images\/submit-spin.svg\" class=\"wpforms-submit-spinner\" style=\"display: none;\" width=\"26\" height=\"26\" alt=\"Loading\"><\/div><\/form><\/div>  <!-- .wpforms-container --><\/p>\n<\/div>","protected":false},"excerpt":{"rendered":"<p>Adresse Die Zufahrt f\u00fcr den G\u00fcterverkehr und Besucher erfolgt von der Ruska-Stra\u00dfe aus (Haupttorhaus). UNION FOREST GATES, a. s.Novosedlick\u00e1 248, Pozorka417 03 Dub\u00edTschechische Republik ID: 14864606 TIN: CZ14864606 DS ID: akagtk5 Kontaktieren Sie HIER Kontakt-Formular<\/p>\n","protected":false},"author":1,"featured_media":0,"parent":0,"menu_order":0,"comment_status":"closed","ping_status":"closed","template":"","meta":{"footnotes":""},"class_list":["post-1799","page","type-page","status-publish","hentry"],"_links":{"self":[{"href":"https:\/\/www.rotaflex.cz\/de\/wp-json\/wp\/v2\/pages\/1799"}],"collection":[{"href":"https:\/\/www.rotaflex.cz\/de\/wp-json\/wp\/v2\/pages"}],"about":[{"href":"https:\/\/www.rotaflex.cz\/de\/wp-json\/wp\/v2\/types\/page"}],"author":[{"embeddable":true,"href":"https:\/\/www.rotaflex.cz\/de\/wp-json\/wp\/v2\/users\/1"}],"replies":[{"embeddable":true,"href":"https:\/\/www.rotaflex.cz\/de\/wp-json\/wp\/v2\/comments?post=1799"}],"version-history":[{"count":5,"href":"https:\/\/www.rotaflex.cz\/de\/wp-json\/wp\/v2\/pages\/1799\/revisions"}],"predecessor-version":[{"id":1805,"href":"https:\/\/www.rotaflex.cz\/de\/wp-json\/wp\/v2\/pages\/1799\/revisions\/1805"}],"wp:attachment":[{"href":"https:\/\/www.rotaflex.cz\/de\/wp-json\/wp\/v2\/media?parent=1799"}],"curies":[{"name":"wp","href":"https:\/\/api.w.org\/{rel}","templated":true}]}}