{"id":1818,"date":"2018-12-18T20:38:00","date_gmt":"2018-12-18T19:38:00","guid":{"rendered":"https:\/\/www.rotaflex.cz\/product\/teilungsstreifen-pp-01-%ce%bbd-0037\/"},"modified":"2018-12-18T20:38:00","modified_gmt":"2018-12-18T19:38:00","slug":"teilungsstreifen-pp-01-%ce%bbd-0037","status":"publish","type":"product","link":"https:\/\/www.rotaflex.cz\/de\/product\/teilungsstreifen-pp-01-%ce%bbd-0037\/","title":{"rendered":"Teilungsstreifen PP 01 &#8211; \u03bbD = 0,037"},"content":{"rendered":"<p style=\"text-align: justify\">Schall- und Brandschutzisolierung von inneren Bauelementen (Trennw\u00e4nde, Decken). In Gipsplattensystemen sind ihre Abmessungen zusammen mit Metall-C-Profilen 50, 75, 100 mm und Gipsplatten f\u00fcr leichte Trennw\u00e4nde mit einer Feuerbest\u00e4ndigkeit von 30 Minuten ausgelegt. Die Produkte werden in Paketen auf Paletten geliefert &#8211; 18 Rollen einer Dimension pro Palette. Die Paletten k\u00f6nnen nicht zur\u00fcckgegeben werden.   <\/p>\n<table style=\"height: 224px;width: 60.684%\" width=\"644\">\n<tbody>\n<tr style=\"height: 21.0pt\">\n<td class=\"xl65\" style=\"height: 21pt;width: 12.8162%\" height=\"28\">Bestellnummer<\/td>\n<td class=\"xl65\" style=\"border-left: none;width: 11.1298%\">Dicke [mm]<\/td>\n<td class=\"xl65\" style=\"border-left: none;width: 11.4671%\">Abmessungen [mm]<\/td>\n<td class=\"xl65\" style=\"border-left: none;width: 9.10624%\">St\u00fcck\/Packung<\/td>\n<td class=\"xl65\" style=\"border-left: none;width: 9.10624%\">m2 \/ Paket<\/td>\n<td class=\"xl65\" style=\"border-left: none;width: 9.27487%\">m3 \/ Paket<\/td>\n<td class=\"xl65\" style=\"border-left: none;width: 10.2893%\">m2 \/ Palette<\/td>\n<td class=\"xl65\" style=\"border-left: none;width: 10.4613%\">m3 \/ Palette<\/td>\n<td class=\"xl65\" style=\"border-left: none;width: 18.2262%\">RD [m2 K\/W]<\/td>\n<td class=\"xl65\" style=\"border-left: none;width: 1.69492%\"><\/td>\n<\/tr>\n<tr>\n<td style=\"width: 12.8162%;text-align: center\">55010401<\/td>\n<td style=\"width: 11.1298%;text-align: center\">40<\/td>\n<td style=\"width: 11.4671%;text-align: center\">625 x 12000<\/td>\n<td style=\"width: 9.10624%;text-align: center\">2<\/td>\n<td style=\"width: 9.10624%;text-align: center\">15,00<\/td>\n<td style=\"width: 9.27487%;text-align: center\">0,60<\/td>\n<td style=\"width: 10.2893%;text-align: center\">270,00<\/td>\n<td style=\"width: 10.4613%;text-align: center\">10,80<\/td>\n<td style=\"width: 18.2262%;text-align: center\">1,05<\/td>\n<td style=\"width: 1.69492%;text-align: center\"><\/td>\n<\/tr>\n<tr>\n<td style=\"width: 12.8162%;text-align: center\">55010501<\/td>\n<td style=\"width: 11.1298%;text-align: center\">50<\/td>\n<td style=\"width: 11.4671%;text-align: center\">625 x 12000<\/td>\n<td style=\"width: 9.10624%;text-align: center\">2<\/td>\n<td style=\"width: 9.10624%;text-align: center\">15,00<\/td>\n<td style=\"width: 9.27487%;text-align: center\">0,75<\/td>\n<td style=\"width: 10.2893%;text-align: center\">270,00<\/td>\n<td style=\"width: 10.4613%;text-align: center\">13,50<\/td>\n<td style=\"width: 18.2262%;text-align: center\">1,35<\/td>\n<td style=\"width: 1.69492%;text-align: center\"><\/td>\n<\/tr>\n<tr>\n<td style=\"width: 12.8162%;text-align: center\">55010601<\/td>\n<td style=\"width: 11.1298%;text-align: center\">60<\/td>\n<td style=\"width: 11.4671%;text-align: center\">625 x 12000<\/td>\n<td style=\"width: 9.10624%;text-align: center\">2<\/td>\n<td style=\"width: 9.10624%;text-align: center\">15,00<\/td>\n<td style=\"width: 9.27487%;text-align: center\">0,90<\/td>\n<td style=\"width: 10.2893%;text-align: center\">270,00<\/td>\n<td style=\"width: 10.4613%;text-align: center\">16,20<\/td>\n<td style=\"width: 18.2262%;text-align: center\">1,60<\/td>\n<td style=\"width: 1.69492%;text-align: center\"><\/td>\n<\/tr>\n<tr>\n<td style=\"width: 12.8162%;text-align: center\">55010801<\/td>\n<td style=\"width: 11.1298%;text-align: center\">80<\/td>\n<td style=\"width: 11.4671%;text-align: center\">625 x 8000<\/td>\n<td style=\"width: 9.10624%;text-align: center\">2<\/td>\n<td style=\"width: 9.10624%;text-align: center\">10,00<\/td>\n<td style=\"width: 9.27487%;text-align: center\">0,80<\/td>\n<td style=\"width: 10.2893%;text-align: center\">180,00<\/td>\n<td style=\"width: 10.4613%;text-align: center\">14,40<\/td>\n<td style=\"width: 18.2262%;text-align: center\">2,15<\/td>\n<td style=\"width: 1.69492%;text-align: center\"><\/td>\n<\/tr>\n<tr>\n<td style=\"width: 12.8162%;text-align: center\">55011001<\/td>\n<td style=\"width: 11.1298%;text-align: center\">100<\/td>\n<td style=\"width: 11.4671%;text-align: center\">625 x 7000<\/td>\n<td style=\"width: 9.10624%;text-align: center\">2<\/td>\n<td style=\"width: 9.10624%;text-align: center\">8,75<\/td>\n<td style=\"width: 9.27487%;text-align: center\">0,87<\/td>\n<td style=\"width: 10.2893%;text-align: center\">157,50<\/td>\n<td style=\"width: 10.4613%;text-align: center\">15,66<\/td>\n<td style=\"width: 18.2262%;text-align: center\">2,70<\/td>\n<td style=\"width: 1.69492%;text-align: center\"><\/td>\n<\/tr>\n<\/tbody>\n<\/table>\n","protected":false},"excerpt":{"rendered":"<p>Formstabile Platten f\u00fcr die Schall- und W\u00e4rmed\u00e4mmung von Innenbauteilen.<\/p>\n","protected":false},"featured_media":0,"comment_status":"closed","ping_status":"closed","template":"","meta":[],"product_cat":[325],"product_tag":[],"class_list":{"0":"post-1818","1":"product","2":"type-product","3":"status-publish","5":"product_cat-innere-trennwand","7":"first","8":"instock","9":"shipping-taxable","10":"product-type-simple"},"_links":{"self":[{"href":"https:\/\/www.rotaflex.cz\/de\/wp-json\/wp\/v2\/product\/1818"}],"collection":[{"href":"https:\/\/www.rotaflex.cz\/de\/wp-json\/wp\/v2\/product"}],"about":[{"href":"https:\/\/www.rotaflex.cz\/de\/wp-json\/wp\/v2\/types\/product"}],"replies":[{"embeddable":true,"href":"https:\/\/www.rotaflex.cz\/de\/wp-json\/wp\/v2\/comments?post=1818"}],"wp:attachment":[{"href":"https:\/\/www.rotaflex.cz\/de\/wp-json\/wp\/v2\/media?parent=1818"}],"wp:term":[{"taxonomy":"product_cat","embeddable":true,"href":"https:\/\/www.rotaflex.cz\/de\/wp-json\/wp\/v2\/product_cat?post=1818"},{"taxonomy":"product_tag","embeddable":true,"href":"https:\/\/www.rotaflex.cz\/de\/wp-json\/wp\/v2\/product_tag?post=1818"}],"curies":[{"name":"wp","href":"https:\/\/api.w.org\/{rel}","templated":true}]}}