{"id":1831,"date":"2019-05-07T10:05:45","date_gmt":"2019-05-07T08:05:45","guid":{"rendered":"https:\/\/www.rotaflex.cz\/product\/rolle-mit-schwarzer-wolle\/"},"modified":"2019-05-07T10:05:45","modified_gmt":"2019-05-07T08:05:45","slug":"rolle-mit-schwarzer-wolle","status":"publish","type":"product","link":"https:\/\/www.rotaflex.cz\/de\/product\/rolle-mit-schwarzer-wolle\/","title":{"rendered":"Rolle mit schwarzer Wolle"},"content":{"rendered":"<p style=\"text-align: justify;padding-left: 40px\">Glaswolle-D\u00e4mmung mit einseitiger Beschichtung mit schwarzem Glasvlies zur W\u00e4rme- und Schalld\u00e4mmung von Geb\u00e4uden.<\/p>\n<p style=\"text-align: justify;padding-left: 40px\">Die Produktion dieser Rollen ist auch in den folgenden Gr\u00f6\u00dfen m\u00f6glich: 3 x 400 mm, 4 x 300 mm und 2 x 600 mm.<\/p>\n<p style=\"padding-left: 40px\">Mindestbestellmenge nach Vereinbarung mit dem Hersteller.<\/p>\n<table style=\"width: 1.54206%;height: 142px\" width=\"963\">\n<tbody>\n<tr>\n<td style=\"text-align: center\" width=\"105\"><\/td>\n<td style=\"text-align: center\" width=\"117\"><\/td>\n<td style=\"text-align: center\" width=\"104\"><\/td>\n<td style=\"text-align: center\" width=\"121\"><\/td>\n<td style=\"text-align: center\" width=\"80\"><\/td>\n<td style=\"text-align: center\" width=\"86\"><\/td>\n<td style=\"text-align: center\" width=\"87\"><\/td>\n<td style=\"text-align: center\" width=\"88\"><\/td>\n<td style=\"text-align: center\" width=\"94\"><\/td>\n<td style=\"text-align: center\" width=\"81\"><\/td>\n<\/tr>\n<tr>\n<td style=\"text-align: center\"><\/td>\n<td style=\"text-align: center\"><\/td>\n<td style=\"text-align: center\"><\/td>\n<td style=\"text-align: center\"><\/td>\n<td style=\"text-align: center\"><\/td>\n<td style=\"text-align: center\"><\/td>\n<td style=\"text-align: center\"><\/td>\n<td style=\"text-align: center\"><\/td>\n<td style=\"text-align: center\"><\/td>\n<td style=\"text-align: center\"><\/td>\n<\/tr>\n<tr>\n<td style=\"text-align: center\"><\/td>\n<td style=\"text-align: center\"><\/td>\n<td style=\"text-align: center\"><\/td>\n<td style=\"text-align: center\"><\/td>\n<td style=\"text-align: center\"><\/td>\n<td style=\"text-align: center\"><\/td>\n<td style=\"text-align: center\"><\/td>\n<td style=\"text-align: center\"><\/td>\n<td style=\"text-align: center\"><\/td>\n<td style=\"text-align: center\"><\/td>\n<\/tr>\n<tr>\n<td style=\"text-align: center\"><\/td>\n<td style=\"text-align: center\"><\/td>\n<td style=\"text-align: center\"><\/td>\n<td style=\"text-align: center\"><\/td>\n<td style=\"text-align: center\"><\/td>\n<td style=\"text-align: center\"><\/td>\n<td style=\"text-align: center\"><\/td>\n<td style=\"text-align: center\"><\/td>\n<td style=\"text-align: center\"><\/td>\n<td style=\"text-align: center\"><\/td>\n<\/tr>\n<tr>\n<td style=\"text-align: center\"><\/td>\n<td style=\"text-align: center\"><\/td>\n<td style=\"text-align: center\"><\/td>\n<td style=\"text-align: center\"><\/td>\n<td style=\"text-align: center\"><\/td>\n<td style=\"text-align: center\"><\/td>\n<td style=\"text-align: center\"><\/td>\n<td style=\"text-align: center\"><\/td>\n<td style=\"text-align: center\"><\/td>\n<td style=\"text-align: center\"><\/td>\n<\/tr>\n<tr>\n<td style=\"text-align: center\"><\/td>\n<td style=\"text-align: center\"><\/td>\n<td style=\"text-align: center\"><\/td>\n<td style=\"text-align: center\"><\/td>\n<td style=\"text-align: center\"><\/td>\n<td style=\"text-align: center\"><\/td>\n<td style=\"text-align: center\"><\/td>\n<td style=\"text-align: center\"><\/td>\n<td style=\"text-align: center\"><\/td>\n<td style=\"text-align: center\"><\/td>\n<\/tr>\n<\/tbody>\n<\/table>\n<p>&nbsp;<\/p>\n","protected":false},"excerpt":{"rendered":"<p>Glaswolle-D\u00e4mmung mit einseitiger Beschichtung mit schwarzem Glasvlies zur W\u00e4rme- und Schalld\u00e4mmung von Geb\u00e4uden. Die Produktion dieser Rollen ist auch in den folgenden Gr\u00f6\u00dfen m\u00f6glich: 3 x 400 mm, 4 x 300 mm und 2 x 600 mm. Mindestbestellmenge nach Vereinbarung mit dem Hersteller. &nbsp;<\/p>\n","protected":false},"featured_media":1835,"comment_status":"closed","ping_status":"closed","template":"","meta":[],"product_cat":[324],"product_tag":[],"class_list":{"0":"post-1831","1":"product","2":"type-product","3":"status-publish","4":"has-post-thumbnail","6":"product_cat-besondere-isolierung","8":"first","9":"instock","10":"shipping-taxable","11":"product-type-simple"},"_links":{"self":[{"href":"https:\/\/www.rotaflex.cz\/de\/wp-json\/wp\/v2\/product\/1831"}],"collection":[{"href":"https:\/\/www.rotaflex.cz\/de\/wp-json\/wp\/v2\/product"}],"about":[{"href":"https:\/\/www.rotaflex.cz\/de\/wp-json\/wp\/v2\/types\/product"}],"replies":[{"embeddable":true,"href":"https:\/\/www.rotaflex.cz\/de\/wp-json\/wp\/v2\/comments?post=1831"}],"wp:featuredmedia":[{"embeddable":true,"href":"https:\/\/www.rotaflex.cz\/de\/wp-json\/wp\/v2\/media\/1835"}],"wp:attachment":[{"href":"https:\/\/www.rotaflex.cz\/de\/wp-json\/wp\/v2\/media?parent=1831"}],"wp:term":[{"taxonomy":"product_cat","embeddable":true,"href":"https:\/\/www.rotaflex.cz\/de\/wp-json\/wp\/v2\/product_cat?post=1831"},{"taxonomy":"product_tag","embeddable":true,"href":"https:\/\/www.rotaflex.cz\/de\/wp-json\/wp\/v2\/product_tag?post=1831"}],"curies":[{"name":"wp","href":"https:\/\/api.w.org\/{rel}","templated":true}]}}