{"id":1836,"date":"2018-12-18T20:45:48","date_gmt":"2018-12-18T19:45:48","guid":{"rendered":"https:\/\/www.rotaflex.cz\/product\/regalstreifen-kp-02-%ce%bbd-0035\/"},"modified":"2018-12-18T20:45:48","modified_gmt":"2018-12-18T19:45:48","slug":"regalstreifen-kp-02-%ce%bbd-0035","status":"publish","type":"product","link":"https:\/\/www.rotaflex.cz\/de\/product\/regalstreifen-kp-02-%ce%bbd-0035\/","title":{"rendered":"Regalstreifen KP 02 &#8211; \u03bbD = 0,035"},"content":{"rendered":"<p style=\"text-align: justify\">W\u00e4rme- und Schalld\u00e4mmung von bel\u00fcfteten und unbel\u00fcfteten Steild\u00e4chern mit Standard-Sparrenabst\u00e4nden und Wohncontainern. Um ein effektives D\u00e4mmsystem f\u00fcr Schr\u00e4gd\u00e4cher zu schaffen, ist die Verwendung von qualitativ hochwertigen Abdichtungsbahnen unerl\u00e4sslich. Die Produkte werden in Palettenpackungen geliefert &#8211; 18 Rollen einer Gr\u00f6\u00dfe pro Palette. Die Paletten sind nicht umtauschbar.   <\/p>\n<p>&nbsp;<\/p>\n<table style=\"border-collapse: collapse;width: 75.3092%;height: 307px\" border=\"0\" width=\"640\" cellspacing=\"0\" cellpadding=\"0\">\n<colgroup>\n<col style=\"width: 48pt\" span=\"10\" width=\"64\"> <\/colgroup>\n<tbody>\n<tr>\n<td style=\"width: 10.2881%;text-align: center\">Bestellnummer<\/td>\n<td style=\"width: 9.0535%;text-align: center\">Dicke [mm]<\/td>\n<td style=\"width: 15.9122%;text-align: center\">Abmessungen [mm]<\/td>\n<td style=\"width: 8.36763%;text-align: center\">St\u00fcck\/Packung<\/td>\n<td style=\"width: 11.1036%;text-align: center\">m2 \/ Paket<\/td>\n<td style=\"width: 11.2404%;text-align: center\">m3 \/ Paket<\/td>\n<td style=\"width: 10.8345%;text-align: center\">m2 \/ Palette<\/td>\n<td style=\"width: 10.146%;text-align: center\">m3 \/ Palette<\/td>\n<td style=\"width: 12.6425%;text-align: center\">RD [m2 K\/W]<\/td>\n<td style=\"width: 1.50854%\"><\/td>\n<\/tr>\n<tr>\n<td style=\"width: 10.2881%;text-align: center\">69010502<\/td>\n<td style=\"width: 9.0535%;text-align: center\">50<\/td>\n<td style=\"width: 15.9122%;text-align: center\">1200 x 13000<\/td>\n<td style=\"width: 8.36763%;text-align: center\">1<\/td>\n<td style=\"width: 11.1036%;text-align: center\">15,60<\/td>\n<td style=\"width: 11.2404%;text-align: center\">0,78<\/td>\n<td style=\"width: 10.8345%;text-align: center\">280,80<\/td>\n<td style=\"width: 10.146%;text-align: center\">14,04<\/td>\n<td style=\"width: 12.6425%;text-align: center\">1,40<\/td>\n<td style=\"width: 1.50854%;text-align: center\"><\/td>\n<\/tr>\n<tr>\n<td style=\"width: 10.2881%;text-align: center\">69010602<\/td>\n<td style=\"width: 9.0535%;text-align: center\">60<\/td>\n<td style=\"width: 15.9122%;text-align: center\">1200 x 10800<\/td>\n<td style=\"width: 8.36763%;text-align: center\">1<\/td>\n<td style=\"width: 11.1036%;text-align: center\">12,96<\/td>\n<td style=\"width: 11.2404%;text-align: center\">0,78<\/td>\n<td style=\"width: 10.8345%;text-align: center\">233,28<\/td>\n<td style=\"width: 10.146%;text-align: center\">14,00<\/td>\n<td style=\"width: 12.6425%;text-align: center\">1,70<\/td>\n<td style=\"width: 1.50854%;text-align: center\"><\/td>\n<\/tr>\n<tr>\n<td style=\"width: 10.2881%;text-align: center\">69010802<\/td>\n<td style=\"width: 9.0535%;text-align: center\">80<\/td>\n<td style=\"width: 15.9122%;text-align: center\">1200 x 8100<\/td>\n<td style=\"width: 8.36763%;text-align: center\">1<\/td>\n<td style=\"width: 11.1036%;text-align: center\">9,72<\/td>\n<td style=\"width: 11.2404%;text-align: center\">0,78<\/td>\n<td style=\"width: 10.8345%;text-align: center\">174,96<\/td>\n<td style=\"width: 10.146%;text-align: center\">14,00<\/td>\n<td style=\"width: 12.6425%;text-align: center\">2,25<\/td>\n<td style=\"width: 1.50854%;text-align: center\"><\/td>\n<\/tr>\n<tr>\n<td style=\"width: 10.2881%;text-align: center\">69011002<\/td>\n<td style=\"width: 9.0535%;text-align: center\">100<\/td>\n<td style=\"width: 15.9122%;text-align: center\">1200 x 6500<\/td>\n<td style=\"width: 8.36763%;text-align: center\">1<\/td>\n<td style=\"width: 11.1036%;text-align: center\">7,80<\/td>\n<td style=\"width: 11.2404%;text-align: center\">0,78<\/td>\n<td style=\"width: 10.8345%;text-align: center\">140,40<\/td>\n<td style=\"width: 10.146%;text-align: center\">14,04<\/td>\n<td style=\"width: 12.6425%;text-align: center\">2,85<\/td>\n<td style=\"width: 1.50854%;text-align: center\"><\/td>\n<\/tr>\n<tr>\n<td style=\"width: 10.2881%;text-align: center\">69011202<\/td>\n<td style=\"width: 9.0535%;text-align: center\">120<\/td>\n<td style=\"width: 15.9122%;text-align: center\">1200 x 5400<\/td>\n<td style=\"width: 8.36763%;text-align: center\">1<\/td>\n<td style=\"width: 11.1036%;text-align: center\">6,48<\/td>\n<td style=\"width: 11.2404%;text-align: center\">0,78<\/td>\n<td style=\"width: 10.8345%;text-align: center\">116,64<\/td>\n<td style=\"width: 10.146%;text-align: center\">14,00<\/td>\n<td style=\"width: 12.6425%;text-align: center\">3,40<\/td>\n<td style=\"width: 1.50854%;text-align: center\"><\/td>\n<\/tr>\n<tr>\n<td style=\"width: 10.2881%;text-align: center\">69011402<\/td>\n<td style=\"width: 9.0535%;text-align: center\">140<\/td>\n<td style=\"width: 15.9122%;text-align: center\">1200 x 4600<\/td>\n<td style=\"width: 8.36763%;text-align: center\">1<\/td>\n<td style=\"width: 11.1036%;text-align: center\">5,52<\/td>\n<td style=\"width: 11.2404%;text-align: center\">0,77<\/td>\n<td style=\"width: 10.8345%;text-align: center\">99,36<\/td>\n<td style=\"width: 10.146%;text-align: center\">13,91<\/td>\n<td style=\"width: 12.6425%;text-align: center\">4,00<\/td>\n<td style=\"width: 1.50854%;text-align: center\"><\/td>\n<\/tr>\n<tr>\n<td style=\"width: 10.2881%;text-align: center\">69011502<\/td>\n<td style=\"width: 9.0535%;text-align: center\">150<\/td>\n<td style=\"width: 15.9122%;text-align: center\">1200 x 4300<\/td>\n<td style=\"width: 8.36763%;text-align: center\">1<\/td>\n<td style=\"width: 11.1036%;text-align: center\">5,16<\/td>\n<td style=\"width: 11.2404%;text-align: center\">0,77<\/td>\n<td style=\"width: 10.8345%;text-align: center\">92,88<\/td>\n<td style=\"width: 10.146%;text-align: center\">13,93<\/td>\n<td style=\"width: 12.6425%;text-align: center\">4,25<\/td>\n<td style=\"width: 1.50854%;text-align: center\"><\/td>\n<\/tr>\n<tr>\n<td style=\"width: 10.2881%;text-align: center\">69011602<\/td>\n<td style=\"width: 9.0535%;text-align: center\">160<\/td>\n<td style=\"width: 15.9122%;text-align: center\">1200 x 4000<\/td>\n<td style=\"width: 8.36763%;text-align: center\">1<\/td>\n<td style=\"width: 11.1036%;text-align: center\">4,80<\/td>\n<td style=\"width: 11.2404%;text-align: center\">0,77<\/td>\n<td style=\"width: 10.8345%;text-align: center\">86,40<\/td>\n<td style=\"width: 10.146%;text-align: center\">13,82<\/td>\n<td style=\"width: 12.6425%;text-align: center\">4,55<\/td>\n<td style=\"width: 1.50854%;text-align: center\"><\/td>\n<\/tr>\n<tr>\n<td style=\"width: 10.2881%;text-align: center\">69011802<\/td>\n<td style=\"width: 9.0535%;text-align: center\">180<\/td>\n<td style=\"width: 15.9122%;text-align: center\">1200 x 3600<\/td>\n<td style=\"width: 8.36763%;text-align: center\">1<\/td>\n<td style=\"width: 11.1036%;text-align: center\">4,32<\/td>\n<td style=\"width: 11.2404%;text-align: center\">0,78<\/td>\n<td style=\"width: 10.8345%;text-align: center\">77,76<\/td>\n<td style=\"width: 10.146%;text-align: center\">14,00<\/td>\n<td style=\"width: 12.6425%;text-align: center\">5,10<\/td>\n<td style=\"width: 1.50854%;text-align: center\"><\/td>\n<\/tr>\n<tr>\n<td style=\"width: 10.2881%;text-align: center\">69012002<\/td>\n<td style=\"width: 9.0535%;text-align: center\">200<\/td>\n<td style=\"width: 15.9122%;text-align: center\">1200 x 3200<\/td>\n<td style=\"width: 8.36763%;text-align: center\">1<\/td>\n<td style=\"width: 11.1036%;text-align: center\">3,84<\/td>\n<td style=\"width: 11.2404%;text-align: center\">0,77<\/td>\n<td style=\"width: 10.8345%;text-align: center\">69,12<\/td>\n<td style=\"width: 10.146%;text-align: center\">13,82<\/td>\n<td style=\"width: 12.6425%;text-align: center\">5,70<\/td>\n<td style=\"width: 1.50854%;text-align: center\"><\/td>\n<\/tr>\n<\/tbody>\n<\/table>\n","protected":false},"excerpt":{"rendered":"<p>W\u00e4rme- und Schalld\u00e4mmung von bel\u00fcfteten und unbel\u00fcfteten Steild\u00e4chern mit Standard-Sparrenabst\u00e4nden.<\/p>\n","protected":false},"featured_media":1843,"comment_status":"closed","ping_status":"closed","template":"","meta":[],"product_cat":[326],"product_tag":[],"class_list":{"0":"post-1836","1":"product","2":"type-product","3":"status-publish","4":"has-post-thumbnail","6":"product_cat-dach","8":"first","9":"instock","10":"shipping-taxable","11":"product-type-simple"},"_links":{"self":[{"href":"https:\/\/www.rotaflex.cz\/de\/wp-json\/wp\/v2\/product\/1836"}],"collection":[{"href":"https:\/\/www.rotaflex.cz\/de\/wp-json\/wp\/v2\/product"}],"about":[{"href":"https:\/\/www.rotaflex.cz\/de\/wp-json\/wp\/v2\/types\/product"}],"replies":[{"embeddable":true,"href":"https:\/\/www.rotaflex.cz\/de\/wp-json\/wp\/v2\/comments?post=1836"}],"wp:featuredmedia":[{"embeddable":true,"href":"https:\/\/www.rotaflex.cz\/de\/wp-json\/wp\/v2\/media\/1843"}],"wp:attachment":[{"href":"https:\/\/www.rotaflex.cz\/de\/wp-json\/wp\/v2\/media?parent=1836"}],"wp:term":[{"taxonomy":"product_cat","embeddable":true,"href":"https:\/\/www.rotaflex.cz\/de\/wp-json\/wp\/v2\/product_cat?post=1836"},{"taxonomy":"product_tag","embeddable":true,"href":"https:\/\/www.rotaflex.cz\/de\/wp-json\/wp\/v2\/product_tag?post=1836"}],"curies":[{"name":"wp","href":"https:\/\/api.w.org\/{rel}","templated":true}]}}