{"id":1844,"date":"2019-05-07T10:26:46","date_gmt":"2019-05-07T08:26:46","guid":{"rendered":"https:\/\/www.rotaflex.cz\/product\/rolle-mit-glasseide-gewebter-schwarzer-stoff\/"},"modified":"2019-05-07T10:26:46","modified_gmt":"2019-05-07T08:26:46","slug":"rolle-mit-glasseide-gewebter-schwarzer-stoff","status":"publish","type":"product","link":"https:\/\/www.rotaflex.cz\/de\/product\/rolle-mit-glasseide-gewebter-schwarzer-stoff\/","title":{"rendered":"Rolle mit Glasseide (gewebter schwarzer Stoff)"},"content":{"rendered":"<p style=\"text-align: justify\">Glaswolle-D\u00e4mmung mit einseitiger schwarzer Gewebebeschichtung (Glasseide) zur W\u00e4rme- und Schalld\u00e4mmung von Geb\u00e4uden.<\/p>\n<p>Mindestbestellmenge nach Vereinbarung mit dem Hersteller.<\/p>\n<p>&nbsp;<\/p>\n<table style=\"width: 0.130841%;height: 177px\" width=\"963\">\n<tbody>\n<tr>\n<td style=\"text-align: center;width: 7.27273%\"><\/td>\n<td style=\"text-align: center;width: 7.27273%\"><\/td>\n<td style=\"text-align: center;width: 7.27273%\"><\/td>\n<td style=\"text-align: center;width: 78.1818%\"><\/td>\n<td style=\"text-align: center;width: 18.1818%\"><\/td>\n<td style=\"text-align: center;width: 7.27273%\"><\/td>\n<td style=\"text-align: center;width: 7.27273%\"><\/td>\n<td style=\"text-align: center;width: 7.27273%\"><\/td>\n<td style=\"text-align: center;width: 7.27273%\"><\/td>\n<td style=\"text-align: center;width: 7.27273%\"><\/td>\n<\/tr>\n<tr>\n<td style=\"text-align: center;width: 7.27273%\"><\/td>\n<td style=\"text-align: center;width: 7.27273%\"><\/td>\n<td style=\"text-align: center;width: 7.27273%\"><\/td>\n<td style=\"text-align: center;width: 78.1818%\"><\/td>\n<td style=\"text-align: center;width: 18.1818%\"><\/td>\n<td style=\"text-align: center;width: 7.27273%\"><\/td>\n<td style=\"text-align: center;width: 7.27273%\"><\/td>\n<td style=\"text-align: center;width: 7.27273%\"><\/td>\n<td style=\"text-align: center;width: 7.27273%\"><\/td>\n<td style=\"text-align: center;width: 7.27273%\"><\/td>\n<\/tr>\n<tr>\n<td style=\"text-align: center;width: 7.27273%\"><\/td>\n<td style=\"text-align: center;width: 7.27273%\"><\/td>\n<td style=\"text-align: center;width: 7.27273%\"><\/td>\n<td style=\"text-align: center;width: 78.1818%\"><\/td>\n<td style=\"text-align: center;width: 18.1818%\"><\/td>\n<td style=\"text-align: center;width: 7.27273%\"><\/td>\n<td style=\"text-align: center;width: 7.27273%\"><\/td>\n<td style=\"text-align: center;width: 7.27273%\"><\/td>\n<td style=\"text-align: center;width: 7.27273%\"><\/td>\n<td style=\"text-align: center;width: 7.27273%\"><\/td>\n<\/tr>\n<tr>\n<td style=\"text-align: center;width: 7.27273%\"><\/td>\n<td style=\"text-align: center;width: 7.27273%\"><\/td>\n<td style=\"text-align: center;width: 7.27273%\"><\/td>\n<td style=\"text-align: center;width: 78.1818%\"><\/td>\n<td style=\"text-align: center;width: 18.1818%\"><\/td>\n<td style=\"text-align: center;width: 7.27273%\"><\/td>\n<td style=\"text-align: center;width: 7.27273%\"><\/td>\n<td style=\"text-align: center;width: 7.27273%\"><\/td>\n<td style=\"text-align: center;width: 7.27273%\"><\/td>\n<td style=\"text-align: center;width: 7.27273%\"><\/td>\n<\/tr>\n<tr>\n<td style=\"text-align: center;width: 7.27273%\"><\/td>\n<td style=\"text-align: center;width: 7.27273%\"><\/td>\n<td style=\"text-align: center;width: 7.27273%\"><\/td>\n<td style=\"text-align: center;width: 78.1818%\"><\/td>\n<td style=\"text-align: center;width: 18.1818%\"><\/td>\n<td style=\"text-align: center;width: 7.27273%\"><\/td>\n<td style=\"text-align: center;width: 7.27273%\"><\/td>\n<td style=\"text-align: center;width: 7.27273%\"><\/td>\n<td style=\"text-align: center;width: 7.27273%\"><\/td>\n<td style=\"text-align: center;width: 7.27273%\"><\/td>\n<\/tr>\n<tr>\n<td style=\"text-align: center;width: 7.27273%\"><\/td>\n<td style=\"text-align: center;width: 7.27273%\"><\/td>\n<td style=\"text-align: center;width: 7.27273%\"><\/td>\n<td style=\"text-align: center;width: 78.1818%\"><\/td>\n<td style=\"text-align: center;width: 18.1818%\"><\/td>\n<td style=\"text-align: center;width: 7.27273%\"><\/td>\n<td style=\"text-align: center;width: 7.27273%\"><\/td>\n<td style=\"text-align: center;width: 7.27273%\"><\/td>\n<td style=\"text-align: center;width: 7.27273%\"><\/td>\n<td style=\"text-align: center;width: 7.27273%\"><\/td>\n<\/tr>\n<\/tbody>\n<\/table>\n","protected":false},"excerpt":{"rendered":"<p>Glaswolle-D\u00e4mmung mit einseitiger schwarzer Gewebebeschichtung (Glasseide) zur W\u00e4rme- und Schalld\u00e4mmung von Geb\u00e4uden. Mindestbestellmenge nach Vereinbarung mit dem Hersteller. &nbsp;<\/p>\n","protected":false},"featured_media":1845,"comment_status":"closed","ping_status":"closed","template":"","meta":[],"product_cat":[324],"product_tag":[],"class_list":{"0":"post-1844","1":"product","2":"type-product","3":"status-publish","4":"has-post-thumbnail","6":"product_cat-besondere-isolierung","8":"first","9":"instock","10":"shipping-taxable","11":"product-type-simple"},"_links":{"self":[{"href":"https:\/\/www.rotaflex.cz\/de\/wp-json\/wp\/v2\/product\/1844"}],"collection":[{"href":"https:\/\/www.rotaflex.cz\/de\/wp-json\/wp\/v2\/product"}],"about":[{"href":"https:\/\/www.rotaflex.cz\/de\/wp-json\/wp\/v2\/types\/product"}],"replies":[{"embeddable":true,"href":"https:\/\/www.rotaflex.cz\/de\/wp-json\/wp\/v2\/comments?post=1844"}],"wp:featuredmedia":[{"embeddable":true,"href":"https:\/\/www.rotaflex.cz\/de\/wp-json\/wp\/v2\/media\/1845"}],"wp:attachment":[{"href":"https:\/\/www.rotaflex.cz\/de\/wp-json\/wp\/v2\/media?parent=1844"}],"wp:term":[{"taxonomy":"product_cat","embeddable":true,"href":"https:\/\/www.rotaflex.cz\/de\/wp-json\/wp\/v2\/product_cat?post=1844"},{"taxonomy":"product_tag","embeddable":true,"href":"https:\/\/www.rotaflex.cz\/de\/wp-json\/wp\/v2\/product_tag?post=1844"}],"curies":[{"name":"wp","href":"https:\/\/api.w.org\/{rel}","templated":true}]}}