{"id":1846,"date":"2018-12-18T20:46:30","date_gmt":"2018-12-18T19:46:30","guid":{"rendered":"https:\/\/www.rotaflex.cz\/product\/fassadendielen-fd-01-%ce%bbd-0035\/"},"modified":"2018-12-18T20:46:30","modified_gmt":"2018-12-18T19:46:30","slug":"fassadendielen-fd-01-%ce%bbd-0035","status":"publish","type":"product","link":"https:\/\/www.rotaflex.cz\/de\/product\/fassadendielen-fd-01-%ce%bbd-0035\/","title":{"rendered":"Fassadendielen FD 01 &#8211; \u03bbD = 0,035"},"content":{"rendered":"<p style=\"text-align: justify\">W\u00e4rme- und Schalld\u00e4mmung von doppelschaligen hinterl\u00fcfteten Fassaden mit mechanischer Befestigung. Die Isolierung ist nicht durch die H\u00f6he des Geb\u00e4udes begrenzt. Kann f\u00fcr Verkleidungen mit Metall, Kunststoff, Holz, Keramik oder anderen Materialien verwendet werden. Die Produkte sind mit einem Glasvlies kaschiert und dauerhaft hydrophobiert. Die Produkte werden in Paketen auf Paletten geliefert &#8211; 12 Pakete einer Gr\u00f6\u00dfe pro Palette. Die Paletten sind nicht umtauschbar.      Mindestbestellmenge nach Vereinbarung mit dem Hersteller.<\/p>\n<p>&nbsp;<\/p>\n<p>&nbsp;<\/p>\n<table style=\"border-collapse: collapse;width: 66.3634%\" border=\"0\" width=\"640\" cellspacing=\"0\" cellpadding=\"0\">\n<colgroup>\n<col style=\"width: 48pt\" span=\"10\" width=\"64\"><\/colgroup>\n<tbody>\n<tr style=\"height: 21.0pt\">\n<td class=\"xl65\" style=\"height: 21pt;width: 11.5265%\" width=\"64\" height=\"28\">Bestellnummer<\/td>\n<td class=\"xl65\" style=\"border-left: none;width: 10.2804%\" width=\"64\">Dicke [mm]<\/td>\n<td class=\"xl65\" style=\"border-left: none;width: 10.2804%\" width=\"64\">Abmessungen [mm]<\/td>\n<td class=\"xl65\" style=\"border-left: none;width: 9.81308%\" width=\"64\">St\u00fcck\/Packung<\/td>\n<td class=\"xl65\" style=\"border-left: none;width: 10.5883%\" width=\"64\">m2 \/ Paket<\/td>\n<td class=\"xl65\" style=\"border-left: none;width: 10.8983%\" width=\"64\">m3 \/ Paket<\/td>\n<td class=\"xl65\" style=\"border-left: none;width: 10.4332%\" width=\"64\">m2 \/ Palette<\/td>\n<td class=\"xl65\" style=\"border-left: none;width: 11.0534%\" width=\"64\">m3 \/ Palette<\/td>\n<td class=\"xl65\" style=\"border-left: none;width: 14.9707%\" width=\"64\">RD [m2 K\/W]<\/td>\n<td class=\"xl65\" style=\"border-left: none;width: 1.55763%\" width=\"64\"><\/td>\n<\/tr>\n<tr style=\"height: 21.0pt\">\n<td class=\"xl65\" style=\"height: 21pt;border-top: none;width: 11.5265%;text-align: center\" width=\"64\" height=\"28\">31710411<\/td>\n<td class=\"xl66\" style=\"border-top: none;border-left: none;width: 10.2804%;text-align: center\" width=\"64\">40<\/td>\n<td class=\"xl66\" style=\"border-top: none;border-left: none;width: 10.2804%;text-align: center\" width=\"64\">600 x 1250<\/td>\n<td class=\"xl66\" style=\"border-top: none;border-left: none;width: 9.81308%;text-align: center\" width=\"64\">18<\/td>\n<td class=\"xl66\" style=\"border-top: none;border-left: none;width: 10.5883%;text-align: center\" width=\"64\">16,50<\/td>\n<td class=\"xl66\" style=\"border-top: none;border-left: none;width: 10.8983%;text-align: center\" width=\"64\">0,54<\/td>\n<td class=\"xl66\" style=\"border-top: none;border-left: none;width: 10.4332%;text-align: center\" width=\"64\">162,00<\/td>\n<td class=\"xl66\" style=\"border-top: none;border-left: none;width: 11.0534%;text-align: center\" width=\"64\">6,48<\/td>\n<td class=\"xl66\" style=\"border-top: none;border-left: none;width: 14.9707%;text-align: center\" width=\"64\">1,10<\/td>\n<td class=\"xl66\" style=\"border-top: none;border-left: none;width: 1.55763%;text-align: center\" width=\"64\"><\/td>\n<\/tr>\n<tr style=\"height: 21.0pt\">\n<td class=\"xl65\" style=\"height: 21pt;border-top: none;width: 11.5265%;text-align: center\" width=\"64\" height=\"28\">31710511<\/td>\n<td class=\"xl66\" style=\"border-top: none;border-left: none;width: 10.2804%;text-align: center\" width=\"64\">50<\/td>\n<td class=\"xl66\" style=\"border-top: none;border-left: none;width: 10.2804%;text-align: center\" width=\"64\">600 x 1250<\/td>\n<td class=\"xl66\" style=\"border-top: none;border-left: none;width: 9.81308%;text-align: center\" width=\"64\">15<\/td>\n<td class=\"xl66\" style=\"border-top: none;border-left: none;width: 10.5883%;text-align: center\" width=\"64\">11,25<\/td>\n<td class=\"xl66\" style=\"border-top: none;border-left: none;width: 10.8983%;text-align: center\" width=\"64\">0,56<\/td>\n<td class=\"xl66\" style=\"border-top: none;border-left: none;width: 10.4332%;text-align: center\" width=\"64\">135,00<\/td>\n<td class=\"xl66\" style=\"border-top: none;border-left: none;width: 11.0534%;text-align: center\" width=\"64\">6,72<\/td>\n<td class=\"xl66\" style=\"border-top: none;border-left: none;width: 14.9707%;text-align: center\" width=\"64\">1,40<\/td>\n<td class=\"xl66\" style=\"border-top: none;border-left: none;width: 1.55763%;text-align: center\" width=\"64\"><\/td>\n<\/tr>\n<tr style=\"height: 21.0pt\">\n<td class=\"xl65\" style=\"height: 21pt;border-top: none;width: 11.5265%;text-align: center\" width=\"64\" height=\"28\">31710611<\/td>\n<td class=\"xl66\" style=\"border-top: none;border-left: none;width: 10.2804%;text-align: center\" width=\"64\">60<\/td>\n<td class=\"xl66\" style=\"border-top: none;border-left: none;width: 10.2804%;text-align: center\" width=\"64\">600 x 1250<\/td>\n<td class=\"xl66\" style=\"border-top: none;border-left: none;width: 9.81308%;text-align: center\" width=\"64\">13<\/td>\n<td class=\"xl66\" style=\"border-top: none;border-left: none;width: 10.5883%;text-align: center\" width=\"64\">9,75<\/td>\n<td class=\"xl66\" style=\"border-top: none;border-left: none;width: 10.8983%;text-align: center\" width=\"64\">0,59<\/td>\n<td class=\"xl66\" style=\"border-top: none;border-left: none;width: 10.4332%;text-align: center\" width=\"64\">117,00<\/td>\n<td class=\"xl66\" style=\"border-top: none;border-left: none;width: 11.0534%;text-align: center\" width=\"64\">7,08<\/td>\n<td class=\"xl66\" style=\"border-top: none;border-left: none;width: 14.9707%;text-align: center\" width=\"64\">1,70<\/td>\n<td class=\"xl66\" style=\"border-top: none;border-left: none;width: 1.55763%;text-align: center\" width=\"64\"><\/td>\n<\/tr>\n<tr style=\"height: 21.0pt\">\n<td class=\"xl65\" style=\"height: 21pt;border-top: none;width: 11.5265%;text-align: center\" width=\"64\" height=\"28\">31710811<\/td>\n<td class=\"xl66\" style=\"border-top: none;border-left: none;width: 10.2804%;text-align: center\" width=\"64\">80<\/td>\n<td class=\"xl66\" style=\"border-top: none;border-left: none;width: 10.2804%;text-align: center\" width=\"64\">600 x 1250<\/td>\n<td class=\"xl66\" style=\"border-top: none;border-left: none;width: 9.81308%;text-align: center\" width=\"64\">10<\/td>\n<td class=\"xl66\" style=\"border-top: none;border-left: none;width: 10.5883%;text-align: center\" width=\"64\">7,50<\/td>\n<td class=\"xl66\" style=\"border-top: none;border-left: none;width: 10.8983%;text-align: center\" width=\"64\">0,60<\/td>\n<td class=\"xl66\" style=\"border-top: none;border-left: none;width: 10.4332%;text-align: center\" width=\"64\">90,00<\/td>\n<td class=\"xl66\" style=\"border-top: none;border-left: none;width: 11.0534%;text-align: center\" width=\"64\">7,20<\/td>\n<td class=\"xl66\" style=\"border-top: none;border-left: none;width: 14.9707%;text-align: center\" width=\"64\">2,25<\/td>\n<td class=\"xl66\" style=\"border-top: none;border-left: none;width: 1.55763%;text-align: center\" width=\"64\"><\/td>\n<\/tr>\n<tr style=\"height: 21.0pt\">\n<td class=\"xl65\" style=\"height: 21pt;border-top: none;width: 11.5265%;text-align: center\" width=\"64\" height=\"28\">31711011<\/td>\n<td class=\"xl66\" style=\"border-top: none;border-left: none;width: 10.2804%;text-align: center\" width=\"64\">100<\/td>\n<td class=\"xl66\" style=\"border-top: none;border-left: none;width: 10.2804%;text-align: center\" width=\"64\">600 x 1250<\/td>\n<td class=\"xl66\" style=\"border-top: none;border-left: none;width: 9.81308%;text-align: center\" width=\"64\">8<\/td>\n<td class=\"xl66\" style=\"border-top: none;border-left: none;width: 10.5883%;text-align: center\" width=\"64\">6,00<\/td>\n<td class=\"xl66\" style=\"border-top: none;border-left: none;width: 10.8983%;text-align: center\" width=\"64\">0,60<\/td>\n<td class=\"xl66\" style=\"border-top: none;border-left: none;width: 10.4332%;text-align: center\" width=\"64\">72,00<\/td>\n<td class=\"xl66\" style=\"border-top: none;border-left: none;width: 11.0534%;text-align: center\" width=\"64\">7,20<\/td>\n<td class=\"xl66\" style=\"border-top: none;border-left: none;width: 14.9707%;text-align: center\" width=\"64\">2,85<\/td>\n<td class=\"xl66\" style=\"border-top: none;border-left: none;width: 1.55763%;text-align: center\" width=\"64\"><\/td>\n<\/tr>\n<tr style=\"height: 21.0pt\">\n<td class=\"xl65\" style=\"height: 21pt;border-top: none;width: 11.5265%;text-align: center\" width=\"64\" height=\"28\">31711211<\/td>\n<td class=\"xl66\" style=\"border-top: none;border-left: none;width: 10.2804%;text-align: center\" width=\"64\">120<\/td>\n<td class=\"xl66\" style=\"border-top: none;border-left: none;width: 10.2804%;text-align: center\" width=\"64\">600 x 1250<\/td>\n<td class=\"xl66\" style=\"border-top: none;border-left: none;width: 9.81308%;text-align: center\" width=\"64\">6<\/td>\n<td class=\"xl66\" style=\"border-top: none;border-left: none;width: 10.5883%;text-align: center\" width=\"64\">4,50<\/td>\n<td class=\"xl66\" style=\"border-top: none;border-left: none;width: 10.8983%;text-align: center\" width=\"64\">0,54<\/td>\n<td class=\"xl66\" style=\"border-top: none;border-left: none;width: 10.4332%;text-align: center\" width=\"64\">54,00<\/td>\n<td class=\"xl66\" style=\"border-top: none;border-left: none;width: 11.0534%;text-align: center\" width=\"64\">6,48<\/td>\n<td class=\"xl66\" style=\"border-top: none;border-left: none;width: 14.9707%;text-align: center\" width=\"64\">3,40<\/td>\n<td class=\"xl66\" style=\"border-top: none;border-left: none;width: 1.55763%;text-align: center\" width=\"64\"><\/td>\n<\/tr>\n<\/tbody>\n<\/table>\n","protected":false},"excerpt":{"rendered":"<p>W\u00e4rme- und Schalld\u00e4mmung von doppelschaligen hinterl\u00fcfteten Fassaden mit mechanischer Befestigung.<\/p>\n","protected":false},"featured_media":1858,"comment_status":"closed","ping_status":"closed","template":"","meta":[],"product_cat":[327],"product_tag":[],"class_list":{"0":"post-1846","1":"product","2":"type-product","3":"status-publish","4":"has-post-thumbnail","6":"product_cat-hinterluftete-fassade","8":"first","9":"instock","10":"shipping-taxable","11":"product-type-simple"},"_links":{"self":[{"href":"https:\/\/www.rotaflex.cz\/de\/wp-json\/wp\/v2\/product\/1846"}],"collection":[{"href":"https:\/\/www.rotaflex.cz\/de\/wp-json\/wp\/v2\/product"}],"about":[{"href":"https:\/\/www.rotaflex.cz\/de\/wp-json\/wp\/v2\/types\/product"}],"replies":[{"embeddable":true,"href":"https:\/\/www.rotaflex.cz\/de\/wp-json\/wp\/v2\/comments?post=1846"}],"wp:featuredmedia":[{"embeddable":true,"href":"https:\/\/www.rotaflex.cz\/de\/wp-json\/wp\/v2\/media\/1858"}],"wp:attachment":[{"href":"https:\/\/www.rotaflex.cz\/de\/wp-json\/wp\/v2\/media?parent=1846"}],"wp:term":[{"taxonomy":"product_cat","embeddable":true,"href":"https:\/\/www.rotaflex.cz\/de\/wp-json\/wp\/v2\/product_cat?post=1846"},{"taxonomy":"product_tag","embeddable":true,"href":"https:\/\/www.rotaflex.cz\/de\/wp-json\/wp\/v2\/product_tag?post=1846"}],"curies":[{"name":"wp","href":"https:\/\/api.w.org\/{rel}","templated":true}]}}