{"id":1859,"date":"2018-12-18T20:47:42","date_gmt":"2018-12-18T19:47:42","guid":{"rendered":"https:\/\/www.rotaflex.cz\/product\/fassadendielen-fd-02-%ce%bbd-0032\/"},"modified":"2018-12-18T20:47:42","modified_gmt":"2018-12-18T19:47:42","slug":"fassadendielen-fd-02-%ce%bbd-0032","status":"publish","type":"product","link":"https:\/\/www.rotaflex.cz\/de\/product\/fassadendielen-fd-02-%ce%bbd-0032\/","title":{"rendered":"Fassadendielen FD 02 &#8211; \u03bbD = 0,032"},"content":{"rendered":"<p style=\"text-align: justify\">Thermische und akustische Isolierung von doppelschaligen hinterl\u00fcfteten Fassaden mit mechanischer Befestigung. Kann f\u00fcr Verkleidungen mit Metall, Kunststoff, Holz, Keramik oder anderen Materialien ohne Begrenzung der Geb\u00e4udeh\u00f6he verwendet werden. Die Produkte sind mit einem Glasvlies kaschiert und dauerhaft hydrophobiert. Die Produkte werden in Paketen auf Paletten geliefert &#8211; 12 Pakete einer Gr\u00f6\u00dfe pro Palette. Die Paletten sind nicht umtauschbar. Mindestbestellmengen nach Absprache mit dem Hersteller.     <\/p>\n<p>&nbsp;<\/p>\n<table style=\"border-collapse: collapse;width: 65.0824%\" border=\"0\" width=\"640\" cellspacing=\"0\" cellpadding=\"0\">\n<colgroup>\n<col style=\"width: 48pt\" span=\"10\" width=\"64\"> <\/colgroup>\n<tbody>\n<tr style=\"height: 30.0pt\">\n<td class=\"xl63\" style=\"height: 30pt;width: 11.5506%\" height=\"40\">Bestellnummer<\/td>\n<td class=\"xl63\" style=\"width: 10.2848%\">Dicke [mm]<\/td>\n<td class=\"xl63\" style=\"width: 11.7068%\">Abmessungen [mm]<\/td>\n<td class=\"xl63\" style=\"width: 9.33618%\">St\u00fcck\/Packung<\/td>\n<td class=\"xl63\" style=\"width: 9.96811%\">m2 \/ Paket<\/td>\n<td class=\"xl63\" style=\"width: 9.65213%\">m3 \/ Paket<\/td>\n<td class=\"xl63\" style=\"width: 10.7582%\">m2 \/ Palette<\/td>\n<td class=\"xl63\" style=\"width: 11.3899%\">m3 \/ Palette<\/td>\n<td class=\"xl63\" style=\"width: 15.8277%\">RD [m2 K\/W]<\/td>\n<td class=\"xl63\" style=\"width: 1.58228%\"><\/td>\n<\/tr>\n<tr style=\"height: 30.0pt\">\n<td class=\"xl63\" style=\"height: 30pt;width: 11.5506%;text-align: center\" align=\"right\" height=\"40\">31710412<\/td>\n<td class=\"xl63\" style=\"width: 10.2848%;text-align: center\" align=\"right\">40<\/td>\n<td class=\"xl63\" style=\"width: 11.7068%;text-align: center\">600 x 1250<\/td>\n<td class=\"xl63\" style=\"width: 9.33618%;text-align: center\" align=\"right\">14<\/td>\n<td class=\"xl63\" style=\"width: 9.96811%;text-align: center\" align=\"right\">10,5<\/td>\n<td class=\"xl63\" style=\"width: 9.65213%;text-align: center\" align=\"right\">0,42<\/td>\n<td class=\"xl63\" style=\"width: 10.7582%;text-align: center\" align=\"right\">126,00<\/td>\n<td class=\"xl63\" style=\"width: 11.3899%;text-align: center\" align=\"right\">5,04<\/td>\n<td class=\"xl63\" style=\"width: 15.8277%;text-align: center\" align=\"right\">1,25<\/td>\n<td class=\"xl63\" style=\"width: 1.58228%;text-align: center\" align=\"right\"><\/td>\n<\/tr>\n<tr style=\"height: 30.0pt\">\n<td class=\"xl63\" style=\"height: 30pt;width: 11.5506%;text-align: center\" align=\"right\" height=\"40\">31710512<\/td>\n<td class=\"xl63\" style=\"width: 10.2848%;text-align: center\" align=\"right\">50<\/td>\n<td class=\"xl63\" style=\"width: 11.7068%;text-align: center\">600 x 1250<\/td>\n<td class=\"xl63\" style=\"width: 9.33618%;text-align: center\" align=\"right\">12<\/td>\n<td class=\"xl63\" style=\"width: 9.96811%;text-align: center\" align=\"right\">9,00<\/td>\n<td class=\"xl63\" style=\"width: 9.65213%;text-align: center\" align=\"right\">0,45<\/td>\n<td class=\"xl63\" style=\"width: 10.7582%;text-align: center\" align=\"right\">108,00<\/td>\n<td class=\"xl63\" style=\"width: 11.3899%;text-align: center\" align=\"right\">5,40<\/td>\n<td class=\"xl63\" style=\"width: 15.8277%;text-align: center\" align=\"right\">1,55<\/td>\n<td class=\"xl63\" style=\"width: 1.58228%;text-align: center\" align=\"right\"><\/td>\n<\/tr>\n<tr style=\"height: 30.0pt\">\n<td class=\"xl63\" style=\"height: 30pt;width: 11.5506%;text-align: center\" align=\"right\" height=\"40\">31710612<\/td>\n<td class=\"xl63\" style=\"width: 10.2848%;text-align: center\" align=\"right\">60<\/td>\n<td class=\"xl63\" style=\"width: 11.7068%;text-align: center\">600 x 1250<\/td>\n<td class=\"xl63\" style=\"width: 9.33618%;text-align: center\" align=\"right\">10<\/td>\n<td class=\"xl63\" style=\"width: 9.96811%;text-align: center\" align=\"right\">7,50<\/td>\n<td class=\"xl63\" style=\"width: 9.65213%;text-align: center\" align=\"right\">0,45<\/td>\n<td class=\"xl63\" style=\"width: 10.7582%;text-align: center\" align=\"right\">90,00<\/td>\n<td class=\"xl63\" style=\"width: 11.3899%;text-align: center\" align=\"right\">5,40<\/td>\n<td class=\"xl63\" style=\"width: 15.8277%;text-align: center\" align=\"right\">1,85<\/td>\n<td class=\"xl63\" style=\"width: 1.58228%;text-align: center\" align=\"right\"><\/td>\n<\/tr>\n<tr style=\"height: 30.0pt\">\n<td class=\"xl63\" style=\"height: 30pt;width: 11.5506%;text-align: center\" align=\"right\" height=\"40\">31710812<\/td>\n<td class=\"xl63\" style=\"width: 10.2848%;text-align: center\" align=\"right\">80<\/td>\n<td class=\"xl63\" style=\"width: 11.7068%;text-align: center\">600 x 1250<\/td>\n<td class=\"xl63\" style=\"width: 9.33618%;text-align: center\" align=\"right\">7<\/td>\n<td class=\"xl63\" style=\"width: 9.96811%;text-align: center\" align=\"right\">5,25<\/td>\n<td class=\"xl63\" style=\"width: 9.65213%;text-align: center\" align=\"right\">0,42<\/td>\n<td class=\"xl63\" style=\"width: 10.7582%;text-align: center\" align=\"right\">63,00<\/td>\n<td class=\"xl63\" style=\"width: 11.3899%;text-align: center\" align=\"right\">5,04<\/td>\n<td class=\"xl63\" style=\"width: 15.8277%;text-align: center\" align=\"right\">2,50<\/td>\n<td class=\"xl63\" style=\"width: 1.58228%;text-align: center\" align=\"right\"><\/td>\n<\/tr>\n<tr style=\"height: 30.0pt\">\n<td class=\"xl63\" style=\"height: 30pt;width: 11.5506%;text-align: center\" align=\"right\" height=\"40\">31711012<\/td>\n<td class=\"xl63\" style=\"width: 10.2848%;text-align: center\" align=\"right\">100<\/td>\n<td class=\"xl63\" style=\"width: 11.7068%;text-align: center\">600 x 1250<\/td>\n<td class=\"xl63\" style=\"width: 9.33618%;text-align: center\" align=\"right\">6<\/td>\n<td class=\"xl63\" style=\"width: 9.96811%;text-align: center\" align=\"right\">4,50<\/td>\n<td class=\"xl63\" style=\"width: 9.65213%;text-align: center\" align=\"right\">0,45<\/td>\n<td class=\"xl63\" style=\"width: 10.7582%;text-align: center\" align=\"right\">54,00<\/td>\n<td class=\"xl63\" style=\"width: 11.3899%;text-align: center\" align=\"right\">5,40<\/td>\n<td class=\"xl63\" style=\"width: 15.8277%;text-align: center\" align=\"right\">3,10<\/td>\n<td class=\"xl63\" style=\"width: 1.58228%;text-align: center\" align=\"right\"><\/td>\n<\/tr>\n<tr style=\"height: 30.0pt\">\n<td class=\"xl63\" style=\"height: 30pt;width: 11.5506%;text-align: center\" align=\"right\" height=\"40\">31711212<\/td>\n<td class=\"xl63\" style=\"width: 10.2848%;text-align: center\" align=\"right\">120<\/td>\n<td class=\"xl63\" style=\"width: 11.7068%;text-align: center\">600 x 1250<\/td>\n<td class=\"xl63\" style=\"width: 9.33618%;text-align: center\" align=\"right\">5<\/td>\n<td class=\"xl63\" style=\"width: 9.96811%;text-align: center\" align=\"right\">3,75<\/td>\n<td class=\"xl63\" style=\"width: 9.65213%;text-align: center\" align=\"right\">0,45<\/td>\n<td class=\"xl63\" style=\"width: 10.7582%;text-align: center\" align=\"right\">45,00<\/td>\n<td class=\"xl63\" style=\"width: 11.3899%;text-align: center\" align=\"right\">5,40<\/td>\n<td class=\"xl63\" style=\"width: 15.8277%;text-align: center\" align=\"right\">3,75<\/td>\n<td class=\"xl63\" style=\"width: 1.58228%;text-align: center\" align=\"right\"><\/td>\n<\/tr>\n<\/tbody>\n<\/table>\n","protected":false},"excerpt":{"rendered":"<p>W\u00e4rme- und Schalld\u00e4mmung von doppelschaligen hinterl\u00fcfteten Fassaden mit mechanischer Befestigung.<\/p>\n","protected":false},"featured_media":1858,"comment_status":"closed","ping_status":"closed","template":"","meta":[],"product_cat":[327],"product_tag":[],"class_list":{"0":"post-1859","1":"product","2":"type-product","3":"status-publish","4":"has-post-thumbnail","6":"product_cat-hinterluftete-fassade","8":"first","9":"instock","10":"shipping-taxable","11":"product-type-simple"},"_links":{"self":[{"href":"https:\/\/www.rotaflex.cz\/de\/wp-json\/wp\/v2\/product\/1859"}],"collection":[{"href":"https:\/\/www.rotaflex.cz\/de\/wp-json\/wp\/v2\/product"}],"about":[{"href":"https:\/\/www.rotaflex.cz\/de\/wp-json\/wp\/v2\/types\/product"}],"replies":[{"embeddable":true,"href":"https:\/\/www.rotaflex.cz\/de\/wp-json\/wp\/v2\/comments?post=1859"}],"wp:featuredmedia":[{"embeddable":true,"href":"https:\/\/www.rotaflex.cz\/de\/wp-json\/wp\/v2\/media\/1858"}],"wp:attachment":[{"href":"https:\/\/www.rotaflex.cz\/de\/wp-json\/wp\/v2\/media?parent=1859"}],"wp:term":[{"taxonomy":"product_cat","embeddable":true,"href":"https:\/\/www.rotaflex.cz\/de\/wp-json\/wp\/v2\/product_cat?post=1859"},{"taxonomy":"product_tag","embeddable":true,"href":"https:\/\/www.rotaflex.cz\/de\/wp-json\/wp\/v2\/product_tag?post=1859"}],"curies":[{"name":"wp","href":"https:\/\/api.w.org\/{rel}","templated":true}]}}