{"id":1860,"date":"2019-07-17T10:22:02","date_gmt":"2019-07-17T08:22:02","guid":{"rendered":"https:\/\/www.rotaflex.cz\/product\/regalstreifen-kp-03-%ce%bbd-0033\/"},"modified":"2019-07-17T10:22:02","modified_gmt":"2019-07-17T08:22:02","slug":"regalstreifen-kp-03-%ce%bbd-0033","status":"publish","type":"product","link":"https:\/\/www.rotaflex.cz\/de\/product\/regalstreifen-kp-03-%ce%bbd-0033\/","title":{"rendered":"Regalstreifen KP 03 &#8211; \u03bbD = 0,033"},"content":{"rendered":"<p style=\"text-align: justify\">W\u00e4rme- und Schalld\u00e4mmung von bel\u00fcfteten und unbel\u00fcfteten Steild\u00e4chern mit Standard-Sparrenabst\u00e4nden und Wohncontainern. Um ein effektives D\u00e4mmsystem f\u00fcr Schr\u00e4gd\u00e4cher zu schaffen, ist die Verwendung von qualitativ hochwertigen Abdichtungsbahnen unerl\u00e4sslich. Die Produkte werden in Palettenpackungen geliefert &#8211; 18 Rollen einer Gr\u00f6\u00dfe pro Palette. Die Paletten sind nicht umtauschbar.   <\/p>\n<p>Ab einer Dicke von 100 mm wird das Produkt mit gelber Wolle kaschiert.<\/p>\n<table style=\"border-collapse: collapse;width: 97.4478%;height: 338px\" border=\"0\" width=\"640\" cellspacing=\"0\" cellpadding=\"0\">\n<colgroup>\n<col style=\"width: 48pt\" span=\"10\" width=\"64\"> <\/colgroup>\n<tbody>\n<tr style=\"height: 49px\">\n<td style=\"width: 12.2101%;height: 49px;text-align: center\">Bestellnummer<\/td>\n<td style=\"width: 9.56945%;height: 49px;text-align: center\">Dicke [mm]<\/td>\n<td style=\"width: 15.6138%;height: 49px;text-align: center\">Abmessungen [mm]<\/td>\n<td style=\"width: 9.00537%;height: 49px;text-align: center\">St\u00fcck\/Packung<\/td>\n<td style=\"width: 9.63631%;height: 49px;text-align: center\">m2 \/ Paket<\/td>\n<td style=\"width: 8.82401%;height: 49px;text-align: center\">m3 \/ Paket<\/td>\n<td style=\"width: 12.1904%;height: 49px;text-align: center\">m2 \/ Palette<\/td>\n<td style=\"width: 11.6003%;height: 49px;text-align: center\">m3 \/ Palette<\/td>\n<td style=\"width: 11.5578%;height: 49px;text-align: center\">RD [m2 K\/W]<\/td>\n<td style=\"width: 47.7723%;height: 49px\"><\/td>\n<\/tr>\n<tr style=\"height: 24px\">\n<td style=\"width: 12.2101%;text-align: center;height: 24px\">62010502<\/td>\n<td style=\"width: 9.56945%;text-align: center;height: 24px\">50<\/td>\n<td style=\"width: 15.6138%;text-align: center;height: 24px\">1200 x 10300<\/td>\n<td style=\"width: 9.00537%;text-align: center;height: 24px\">1<\/td>\n<td style=\"width: 9.63631%;text-align: center;height: 24px\">12,36<\/td>\n<td style=\"width: 8.82401%;text-align: center;height: 24px\">0,62<\/td>\n<td style=\"width: 12.1904%;text-align: center;height: 24px\">222,48<\/td>\n<td style=\"width: 11.6003%;text-align: center;height: 24px\">11,12<\/td>\n<td style=\"width: 11.5578%;text-align: center;height: 24px\">1,55<\/td>\n<td style=\"width: 47.7723%;text-align: center;height: 24px\"><\/td>\n<\/tr>\n<tr style=\"height: 24px\">\n<td style=\"width: 12.2101%;text-align: center;height: 24px\">62010602<\/td>\n<td style=\"width: 9.56945%;text-align: center;height: 24px\">60<\/td>\n<td style=\"width: 15.6138%;text-align: center;height: 24px\">1200 x 8600<\/td>\n<td style=\"width: 9.00537%;text-align: center;height: 24px\">1<\/td>\n<td style=\"width: 9.63631%;text-align: center;height: 24px\">10,32<\/td>\n<td style=\"width: 8.82401%;text-align: center;height: 24px\">0,62<\/td>\n<td style=\"width: 12.1904%;text-align: center;height: 24px\">185,76<\/td>\n<td style=\"width: 11.6003%;text-align: center;height: 24px\">11,15<\/td>\n<td style=\"width: 11.5578%;text-align: center;height: 24px\">1,85<\/td>\n<td style=\"width: 47.7723%;text-align: center;height: 24px\"><\/td>\n<\/tr>\n<tr style=\"height: 24px\">\n<td style=\"width: 12.2101%;text-align: center;height: 24px\">62010802<\/td>\n<td style=\"width: 9.56945%;text-align: center;height: 24px\">80<\/td>\n<td style=\"width: 15.6138%;text-align: center;height: 24px\">1200 x 6500<\/td>\n<td style=\"width: 9.00537%;text-align: center;height: 24px\">1<\/td>\n<td style=\"width: 9.63631%;text-align: center;height: 24px\">7,80<\/td>\n<td style=\"width: 8.82401%;text-align: center;height: 24px\">0,62<\/td>\n<td style=\"width: 12.1904%;text-align: center;height: 24px\">140,40<\/td>\n<td style=\"width: 11.6003%;text-align: center;height: 24px\">11,23<\/td>\n<td style=\"width: 11.5578%;text-align: center;height: 24px\">2,50<\/td>\n<td style=\"width: 47.7723%;text-align: center;height: 24px\"><\/td>\n<\/tr>\n<tr style=\"height: 24px\">\n<td style=\"width: 12.2101%;text-align: center;height: 24px\">62011042<\/td>\n<td style=\"width: 9.56945%;text-align: center;height: 24px\">100<\/td>\n<td style=\"width: 15.6138%;text-align: center;height: 24px\">1200 x 5200<\/td>\n<td style=\"width: 9.00537%;text-align: center;height: 24px\">1<\/td>\n<td style=\"width: 9.63631%;text-align: center;height: 24px\">6,24<\/td>\n<td style=\"width: 8.82401%;text-align: center;height: 24px\">0,62<\/td>\n<td style=\"width: 12.1904%;text-align: center;height: 24px\">112,32<\/td>\n<td style=\"width: 11.6003%;text-align: center;height: 24px\">11,32<\/td>\n<td style=\"width: 11.5578%;text-align: center;height: 24px\">3,10<\/td>\n<td style=\"width: 47.7723%;text-align: center;height: 24px\"><\/td>\n<\/tr>\n<tr style=\"height: 24px\">\n<td style=\"width: 12.2101%;text-align: center;height: 24px\">62011242<\/td>\n<td style=\"width: 9.56945%;text-align: center;height: 24px\">120<\/td>\n<td style=\"width: 15.6138%;text-align: center;height: 24px\">1200 x 4300<\/td>\n<td style=\"width: 9.00537%;text-align: center;height: 24px\">1<\/td>\n<td style=\"width: 9.63631%;text-align: center;height: 24px\">5,16<\/td>\n<td style=\"width: 8.82401%;text-align: center;height: 24px\">0,62<\/td>\n<td style=\"width: 12.1904%;text-align: center;height: 24px\">92,88<\/td>\n<td style=\"width: 11.6003%;text-align: center;height: 24px\">11,15<\/td>\n<td style=\"width: 11.5578%;text-align: center;height: 24px\">3,75<\/td>\n<td style=\"width: 47.7723%;text-align: center;height: 24px\"><\/td>\n<\/tr>\n<tr style=\"height: 24px\">\n<td style=\"width: 12.2101%;text-align: center;height: 24px\">62011442<\/td>\n<td style=\"width: 9.56945%;text-align: center;height: 24px\">140<\/td>\n<td style=\"width: 15.6138%;text-align: center;height: 24px\">1200 x 3700<\/td>\n<td style=\"width: 9.00537%;text-align: center;height: 24px\">1<\/td>\n<td style=\"width: 9.63631%;text-align: center;height: 24px\">4,44<\/td>\n<td style=\"width: 8.82401%;text-align: center;height: 24px\">0,62<\/td>\n<td style=\"width: 12.1904%;text-align: center;height: 24px\">79,92<\/td>\n<td style=\"width: 11.6003%;text-align: center;height: 24px\">11,19<\/td>\n<td style=\"width: 11.5578%;text-align: center;height: 24px\">4,35<\/td>\n<td style=\"width: 47.7723%;text-align: center;height: 24px\"><\/td>\n<\/tr>\n<tr style=\"height: 24px\">\n<td style=\"width: 12.2101%;text-align: center;height: 24px\">62011542<\/td>\n<td style=\"width: 9.56945%;text-align: center;height: 24px\">150<\/td>\n<td style=\"width: 15.6138%;text-align: center;height: 24px\">1200 x 3400<\/td>\n<td style=\"width: 9.00537%;text-align: center;height: 24px\">1<\/td>\n<td style=\"width: 9.63631%;text-align: center;height: 24px\">4,08<\/td>\n<td style=\"width: 8.82401%;text-align: center;height: 24px\">0,61<\/td>\n<td style=\"width: 12.1904%;text-align: center;height: 24px\">73,44<\/td>\n<td style=\"width: 11.6003%;text-align: center;height: 24px\">11,02<\/td>\n<td style=\"width: 11.5578%;text-align: center;height: 24px\">4,65<\/td>\n<td style=\"width: 47.7723%;text-align: center;height: 24px\"><\/td>\n<\/tr>\n<tr style=\"height: 24px\">\n<td style=\"width: 12.2101%;text-align: center;height: 24px\">62011642<\/td>\n<td style=\"width: 9.56945%;text-align: center;height: 24px\">160<\/td>\n<td style=\"width: 15.6138%;text-align: center;height: 24px\">1200 x 3200<\/td>\n<td style=\"width: 9.00537%;text-align: center;height: 24px\">1<\/td>\n<td style=\"width: 9.63631%;text-align: center;height: 24px\">3,84<\/td>\n<td style=\"width: 8.82401%;text-align: center;height: 24px\">0,61<\/td>\n<td style=\"width: 12.1904%;text-align: center;height: 24px\">69,12<\/td>\n<td style=\"width: 11.6003%;text-align: center;height: 24px\">11,06<\/td>\n<td style=\"width: 11.5578%;text-align: center;height: 24px\">5,00<\/td>\n<td style=\"width: 47.7723%;text-align: center;height: 24px\"><\/td>\n<\/tr>\n<tr style=\"height: 24px\">\n<td style=\"width: 12.2101%;text-align: center;height: 24px\">62011842<\/td>\n<td style=\"width: 9.56945%;text-align: center;height: 24px\">180<\/td>\n<td style=\"width: 15.6138%;text-align: center;height: 24px\">1200 x 2800<\/td>\n<td style=\"width: 9.00537%;text-align: center;height: 24px\">1<\/td>\n<td style=\"width: 9.63631%;text-align: center;height: 24px\">3,36<\/td>\n<td style=\"width: 8.82401%;text-align: center;height: 24px\">0,60<\/td>\n<td style=\"width: 12.1904%;text-align: center;height: 24px\">60,48<\/td>\n<td style=\"width: 11.6003%;text-align: center;height: 24px\">10,89<\/td>\n<td style=\"width: 11.5578%;text-align: center;height: 24px\">5,60<\/td>\n<td style=\"width: 47.7723%;text-align: center;height: 24px\"><\/td>\n<\/tr>\n<tr style=\"height: 24px\">\n<td style=\"width: 12.2101%;text-align: center;height: 24px\">62012042<\/td>\n<td style=\"width: 9.56945%;text-align: center;height: 24px\">200<\/td>\n<td style=\"width: 15.6138%;text-align: center;height: 24px\">1200 x 2500<\/td>\n<td style=\"width: 9.00537%;text-align: center;height: 24px\">1<\/td>\n<td style=\"width: 9.63631%;text-align: center;height: 24px\">3,00<\/td>\n<td style=\"width: 8.82401%;text-align: center;height: 24px\">0,60<\/td>\n<td style=\"width: 12.1904%;text-align: center;height: 24px\">54,00<\/td>\n<td style=\"width: 11.6003%;text-align: center;height: 24px\">10,80<\/td>\n<td style=\"width: 11.5578%;text-align: center;height: 24px\">6,25<\/td>\n<td style=\"width: 47.7723%;text-align: center;height: 24px\"><\/td>\n<\/tr>\n<\/tbody>\n<\/table>\n<p>&nbsp;<\/p>\n","protected":false},"excerpt":{"rendered":"<p>W\u00e4rme- und Schalld\u00e4mmung von bel\u00fcfteten und unbel\u00fcfteten Steild\u00e4chern mit Standard-Sparrenabst\u00e4nden.<\/p>\n","protected":false},"featured_media":1862,"comment_status":"closed","ping_status":"closed","template":"","meta":[],"product_cat":[326],"product_tag":[],"class_list":{"0":"post-1860","1":"product","2":"type-product","3":"status-publish","4":"has-post-thumbnail","6":"product_cat-dach","8":"first","9":"instock","10":"shipping-taxable","11":"product-type-simple"},"_links":{"self":[{"href":"https:\/\/www.rotaflex.cz\/de\/wp-json\/wp\/v2\/product\/1860"}],"collection":[{"href":"https:\/\/www.rotaflex.cz\/de\/wp-json\/wp\/v2\/product"}],"about":[{"href":"https:\/\/www.rotaflex.cz\/de\/wp-json\/wp\/v2\/types\/product"}],"replies":[{"embeddable":true,"href":"https:\/\/www.rotaflex.cz\/de\/wp-json\/wp\/v2\/comments?post=1860"}],"wp:featuredmedia":[{"embeddable":true,"href":"https:\/\/www.rotaflex.cz\/de\/wp-json\/wp\/v2\/media\/1862"}],"wp:attachment":[{"href":"https:\/\/www.rotaflex.cz\/de\/wp-json\/wp\/v2\/media?parent=1860"}],"wp:term":[{"taxonomy":"product_cat","embeddable":true,"href":"https:\/\/www.rotaflex.cz\/de\/wp-json\/wp\/v2\/product_cat?post=1860"},{"taxonomy":"product_tag","embeddable":true,"href":"https:\/\/www.rotaflex.cz\/de\/wp-json\/wp\/v2\/product_tag?post=1860"}],"curies":[{"name":"wp","href":"https:\/\/api.w.org\/{rel}","templated":true}]}}