{"id":1868,"date":"2018-12-18T20:49:31","date_gmt":"2018-12-18T19:49:31","guid":{"rendered":"https:\/\/www.rotaflex.cz\/product\/akustikplatten-adp-01-%ce%bbd-0035\/"},"modified":"2018-12-18T20:49:31","modified_gmt":"2018-12-18T19:49:31","slug":"akustikplatten-adp-01-%ce%bbd-0035","status":"publish","type":"product","link":"https:\/\/www.rotaflex.cz\/de\/product\/akustikplatten-adp-01-%ce%bbd-0035\/","title":{"rendered":"Akustikplatten ADP 01 &#8211; \u03bbD = 0,035"},"content":{"rendered":"<p style=\"text-align: justify\">Platten zur Schall- und W\u00e4rmed\u00e4mmung, einseitig kaschiert mit schwarzem Vliesstoff. Mit einer Auskleidung aus perforierten Materialien, um eine Isolierung f\u00fcr akustische W\u00e4nde und Decken zu schaffen. Sie sind auch f\u00fcr die thermische und akustische Isolierung von Klimaanlagen geeignet. Die Produkte werden in Paketen auf Paletten geliefert &#8211; 12 Pakete einer Gr\u00f6\u00dfe pro Palette. Die Paletten sind nicht umtauschbar.     Mindestbestellmenge nach Vereinbarung mit dem Hersteller.<\/p>\n<p>&nbsp;<\/p>\n<p>&nbsp;<\/p>\n<table style=\"border-collapse: collapse;width: 66.3634%\" border=\"0\" width=\"640\" cellspacing=\"0\" cellpadding=\"0\">\n<colgroup>\n<col style=\"width: 48pt\" span=\"10\" width=\"64\"> <\/colgroup>\n<tbody>\n<tr style=\"height: 21.0pt\">\n<td class=\"xl65\" style=\"height: 21pt;width: 11.5265%\" width=\"64\" height=\"28\">Bestellnummer<\/td>\n<td class=\"xl65\" style=\"border-left: none;width: 10.2804%\" width=\"64\">Dicke [mm]<\/td>\n<td class=\"xl65\" style=\"border-left: none;width: 11.0556%\" width=\"64\">Abmessungen [mm]<\/td>\n<td class=\"xl65\" style=\"border-left: none;width: 9.34801%\" width=\"64\">St\u00fcck\/Packung<\/td>\n<td class=\"xl65\" style=\"border-left: none;width: 10.4332%\" width=\"64\">m2 \/ Paket<\/td>\n<td class=\"xl65\" style=\"border-left: none;width: 9.81307%\" width=\"64\">m3 \/ Paket<\/td>\n<td class=\"xl65\" style=\"border-left: none;width: 10.4333%\" width=\"64\">m2 \/ Palette<\/td>\n<td class=\"xl65\" style=\"border-left: none;width: 11.6736%\" width=\"64\">m3 \/ Palette<\/td>\n<td class=\"xl65\" style=\"border-left: none;width: 15.4365%\" width=\"64\">RD [m2 K\/W]<\/td>\n<td class=\"xl65\" style=\"border-left: none;width: 1.55763%\" width=\"64\"><\/td>\n<\/tr>\n<tr style=\"height: 21.0pt\">\n<td class=\"xl65\" style=\"height: 21pt;border-top: none;width: 11.5265%;text-align: center\" width=\"64\" height=\"28\">31910311<\/td>\n<td class=\"xl66\" style=\"border-top: none;border-left: none;width: 10.2804%;text-align: center\" width=\"64\">30<\/td>\n<td class=\"xl66\" style=\"border-top: none;border-left: none;width: 11.0556%;text-align: center\" width=\"64\">600 x 1250<\/td>\n<td class=\"xl66\" style=\"border-top: none;border-left: none;width: 9.34801%;text-align: center\" width=\"64\">22<\/td>\n<td class=\"xl66\" style=\"border-top: none;border-left: none;width: 10.4332%;text-align: center\" width=\"64\">16,50<\/td>\n<td class=\"xl66\" style=\"border-top: none;border-left: none;width: 9.81307%;text-align: center\" width=\"64\">0,50<\/td>\n<td class=\"xl66\" style=\"border-top: none;border-left: none;width: 10.4333%;text-align: center\" width=\"64\">198,00<\/td>\n<td class=\"xl66\" style=\"border-top: none;border-left: none;width: 11.6736%;text-align: center\" width=\"64\">6,00<\/td>\n<td class=\"xl66\" style=\"border-top: none;border-left: none;width: 15.4365%;text-align: center\" width=\"64\">0,85<\/td>\n<td class=\"xl66\" style=\"border-top: none;border-left: none;width: 1.55763%;text-align: center\" width=\"64\"><\/td>\n<\/tr>\n<tr style=\"height: 21.0pt\">\n<td class=\"xl65\" style=\"height: 21pt;border-top: none;width: 11.5265%;text-align: center\" width=\"64\" height=\"28\">31910411<\/td>\n<td class=\"xl66\" style=\"border-top: none;border-left: none;width: 10.2804%;text-align: center\" width=\"64\">40<\/td>\n<td class=\"xl66\" style=\"border-top: none;border-left: none;width: 11.0556%;text-align: center\" width=\"64\">600 x 1250<\/td>\n<td class=\"xl66\" style=\"border-top: none;border-left: none;width: 9.34801%;text-align: center\" width=\"64\">17<\/td>\n<td class=\"xl66\" style=\"border-top: none;border-left: none;width: 10.4332%;text-align: center\" width=\"64\">12,75<\/td>\n<td class=\"xl66\" style=\"border-top: none;border-left: none;width: 9.81307%;text-align: center\" width=\"64\">0,51<\/td>\n<td class=\"xl66\" style=\"border-top: none;border-left: none;width: 10.4333%;text-align: center\" width=\"64\">153,00<\/td>\n<td class=\"xl66\" style=\"border-top: none;border-left: none;width: 11.6736%;text-align: center\" width=\"64\">6,12<\/td>\n<td class=\"xl66\" style=\"border-top: none;border-left: none;width: 15.4365%;text-align: center\" width=\"64\">1,10<\/td>\n<td class=\"xl66\" style=\"border-top: none;border-left: none;width: 1.55763%;text-align: center\" width=\"64\"><\/td>\n<\/tr>\n<tr style=\"height: 21.0pt\">\n<td class=\"xl65\" style=\"height: 21pt;border-top: none;width: 11.5265%;text-align: center\" width=\"64\" height=\"28\">31910511<\/td>\n<td class=\"xl66\" style=\"border-top: none;border-left: none;width: 10.2804%;text-align: center\" width=\"64\">50<\/td>\n<td class=\"xl66\" style=\"border-top: none;border-left: none;width: 11.0556%;text-align: center\" width=\"64\">600 x 1250<\/td>\n<td class=\"xl66\" style=\"border-top: none;border-left: none;width: 9.34801%;text-align: center\" width=\"64\">13<\/td>\n<td class=\"xl66\" style=\"border-top: none;border-left: none;width: 10.4332%;text-align: center\" width=\"64\">9,75<\/td>\n<td class=\"xl66\" style=\"border-top: none;border-left: none;width: 9.81307%;text-align: center\" width=\"64\">0,49<\/td>\n<td class=\"xl66\" style=\"border-top: none;border-left: none;width: 10.4333%;text-align: center\" width=\"64\">117,00<\/td>\n<td class=\"xl66\" style=\"border-top: none;border-left: none;width: 11.6736%;text-align: center\" width=\"64\">5,88<\/td>\n<td class=\"xl66\" style=\"border-top: none;border-left: none;width: 15.4365%;text-align: center\" width=\"64\">1,40<\/td>\n<td class=\"xl66\" style=\"border-top: none;border-left: none;width: 1.55763%;text-align: center\" width=\"64\"><\/td>\n<\/tr>\n<tr style=\"height: 21.0pt\">\n<td class=\"xl65\" style=\"height: 21pt;border-top: none;width: 11.5265%;text-align: center\" width=\"64\" height=\"28\">31910611<\/td>\n<td class=\"xl66\" style=\"border-top: none;border-left: none;width: 10.2804%;text-align: center\" width=\"64\">60<\/td>\n<td class=\"xl66\" style=\"border-top: none;border-left: none;width: 11.0556%;text-align: center\" width=\"64\">600 x 1250<\/td>\n<td class=\"xl66\" style=\"border-top: none;border-left: none;width: 9.34801%;text-align: center\" width=\"64\">11<\/td>\n<td class=\"xl66\" style=\"border-top: none;border-left: none;width: 10.4332%;text-align: center\" width=\"64\">8,25<\/td>\n<td class=\"xl66\" style=\"border-top: none;border-left: none;width: 9.81307%;text-align: center\" width=\"64\">0,50<\/td>\n<td class=\"xl66\" style=\"border-top: none;border-left: none;width: 10.4333%;text-align: center\" width=\"64\">99,00<\/td>\n<td class=\"xl66\" style=\"border-top: none;border-left: none;width: 11.6736%;text-align: center\" width=\"64\">6,00<\/td>\n<td class=\"xl66\" style=\"border-top: none;border-left: none;width: 15.4365%;text-align: center\" width=\"64\">1,70<\/td>\n<td class=\"xl66\" style=\"border-top: none;border-left: none;width: 1.55763%;text-align: center\" width=\"64\"><\/td>\n<\/tr>\n<\/tbody>\n<\/table>\n","protected":false},"excerpt":{"rendered":"<p>Platten zur Schall- und W\u00e4rmed\u00e4mmung, einseitig laminiert mit schwarzem Vliesstoff.<\/p>\n","protected":false},"featured_media":1858,"comment_status":"closed","ping_status":"closed","template":"","meta":[],"product_cat":[328,325],"product_tag":[],"class_list":{"0":"post-1868","1":"product","2":"type-product","3":"status-publish","4":"has-post-thumbnail","6":"product_cat-boden","7":"product_cat-innere-trennwand","9":"first","10":"instock","11":"shipping-taxable","12":"product-type-simple"},"_links":{"self":[{"href":"https:\/\/www.rotaflex.cz\/de\/wp-json\/wp\/v2\/product\/1868"}],"collection":[{"href":"https:\/\/www.rotaflex.cz\/de\/wp-json\/wp\/v2\/product"}],"about":[{"href":"https:\/\/www.rotaflex.cz\/de\/wp-json\/wp\/v2\/types\/product"}],"replies":[{"embeddable":true,"href":"https:\/\/www.rotaflex.cz\/de\/wp-json\/wp\/v2\/comments?post=1868"}],"wp:featuredmedia":[{"embeddable":true,"href":"https:\/\/www.rotaflex.cz\/de\/wp-json\/wp\/v2\/media\/1858"}],"wp:attachment":[{"href":"https:\/\/www.rotaflex.cz\/de\/wp-json\/wp\/v2\/media?parent=1868"}],"wp:term":[{"taxonomy":"product_cat","embeddable":true,"href":"https:\/\/www.rotaflex.cz\/de\/wp-json\/wp\/v2\/product_cat?post=1868"},{"taxonomy":"product_tag","embeddable":true,"href":"https:\/\/www.rotaflex.cz\/de\/wp-json\/wp\/v2\/product_tag?post=1868"}],"curies":[{"name":"wp","href":"https:\/\/api.w.org\/{rel}","templated":true}]}}