{"id":1875,"date":"2018-11-19T21:38:43","date_gmt":"2018-11-19T20:38:43","guid":{"rendered":"https:\/\/www.rotaflex.cz\/product\/uni-platte-mehrzweck-daemmplatte-%ce%bbd-0039\/"},"modified":"2018-11-19T21:38:43","modified_gmt":"2018-11-19T20:38:43","slug":"uni-platte-mehrzweck-daemmplatte-%ce%bbd-0039","status":"publish","type":"product","link":"https:\/\/www.rotaflex.cz\/de\/product\/uni-platte-mehrzweck-daemmplatte-%ce%bbd-0039\/","title":{"rendered":"UNI Platte &#8211; Mehrzweck-D\u00e4mmplatte &#8211; \u03bbD = 0,039"},"content":{"rendered":"<p style=\"text-align: justify\">Wird in der Bauindustrie als W\u00e4rme- und Schalld\u00e4mmung zwischen den Sparren von Schr\u00e4gd\u00e4chern, unbelasteten Fu\u00dfb\u00f6den, Fu\u00dfb\u00f6den auf Holzpolstern, als W\u00e4rme- und Schalld\u00e4mmung von abgeh\u00e4ngten Decken, Hohlr\u00e4umen von Dachb\u00f6den und auch untypischen Innenw\u00e4nden verwendet. Die Produkte werden in Paketen auf Paletten geliefert &#8211; 12 Pakete einer Dimension pro Palette. Die Paletten sind nicht umtauschbar.   Mindestbestellmenge nach Vereinbarung mit dem Hersteller.<\/p>\n<p>&nbsp;<\/p>\n<p>&nbsp;<\/p>\n<table style=\"border-collapse: collapse;width: 60.1892%\" border=\"0\" width=\"640\" cellspacing=\"0\" cellpadding=\"0\">\n<colgroup>\n<col style=\"width: 48pt\" span=\"10\" width=\"64\"> <\/colgroup>\n<tbody>\n<tr style=\"height: 19.0pt\">\n<td class=\"xl65\" style=\"height: 19pt;width: 11.5265%\" width=\"64\" height=\"25\">Bestellnummer<\/td>\n<td class=\"xl65\" style=\"width: 10.2804%\" width=\"64\">Dicke [mm]<\/td>\n<td class=\"xl65\" style=\"width: 10.2804%\" width=\"64\">Abmessungen [mm]<\/td>\n<td class=\"xl65\" style=\"width: 9.81308%\" width=\"64\">St\u00fcck\/Packung<\/td>\n<td class=\"xl65\" style=\"width: 10.6678%\" width=\"64\">m2 \/ Paket<\/td>\n<td class=\"xl65\" style=\"width: 10.4968%\" width=\"64\">m3 \/ Paket<\/td>\n<td class=\"xl65\" style=\"width: 9.30024%\" width=\"64\">m2 \/ Palette<\/td>\n<td class=\"xl65\" style=\"width: 12.3772%\" width=\"64\">m3 \/ Palette<\/td>\n<td class=\"xl65\" style=\"width: 15.1019%\" width=\"64\">RD [m2 K\/W]<\/td>\n<td class=\"xl65\" style=\"width: 1.65289%\" width=\"64\"><\/td>\n<\/tr>\n<tr style=\"height: 19.0pt\">\n<td class=\"xl65\" style=\"height: 19pt;width: 11.5265%;text-align: center\" width=\"64\" height=\"25\">71110501<\/td>\n<td class=\"xl66\" style=\"width: 10.2804%;text-align: center\" width=\"64\">50<\/td>\n<td class=\"xl66\" style=\"width: 10.2804%;text-align: center\" width=\"64\">625 x 1250<\/td>\n<td class=\"xl66\" style=\"width: 9.81308%;text-align: center\" width=\"64\">24<\/td>\n<td class=\"xl66\" style=\"width: 10.6678%;text-align: center\" width=\"64\">18,75<\/td>\n<td class=\"xl66\" style=\"width: 10.4968%;text-align: center\" width=\"64\">0,94<\/td>\n<td class=\"xl66\" style=\"width: 9.30024%;text-align: center\" width=\"64\">225,00<\/td>\n<td class=\"xl66\" style=\"width: 12.3772%;text-align: center\" width=\"64\">11,25<\/td>\n<td class=\"xl66\" style=\"width: 15.1019%;text-align: center\" width=\"64\">1,25<\/td>\n<td class=\"xl66\" style=\"width: 1.65289%;text-align: center\" width=\"64\"><\/td>\n<\/tr>\n<tr style=\"height: 19.0pt\">\n<td class=\"xl65\" style=\"height: 19pt;width: 11.5265%;text-align: center\" width=\"64\" height=\"25\">71110601<\/td>\n<td class=\"xl66\" style=\"width: 10.2804%;text-align: center\" width=\"64\">60<\/td>\n<td class=\"xl66\" style=\"width: 10.2804%;text-align: center\" width=\"64\">625 x 1250<\/td>\n<td class=\"xl66\" style=\"width: 9.81308%;text-align: center\" width=\"64\">20<\/td>\n<td class=\"xl66\" style=\"width: 10.6678%;text-align: center\" width=\"64\">15,63<\/td>\n<td class=\"xl66\" style=\"width: 10.4968%;text-align: center\" width=\"64\">0,94<\/td>\n<td class=\"xl66\" style=\"width: 9.30024%;text-align: center\" width=\"64\">187,56<\/td>\n<td class=\"xl66\" style=\"width: 12.3772%;text-align: center\" width=\"64\">11,25<\/td>\n<td class=\"xl66\" style=\"width: 15.1019%;text-align: center\" width=\"64\">1,50<\/td>\n<td class=\"xl66\" style=\"width: 1.65289%;text-align: center\" width=\"64\"><\/td>\n<\/tr>\n<tr style=\"height: 19.0pt\">\n<td class=\"xl65\" style=\"height: 19pt;width: 11.5265%;text-align: center\" width=\"64\" height=\"25\">71110801<\/td>\n<td class=\"xl66\" style=\"width: 10.2804%;text-align: center\" width=\"64\">80<\/td>\n<td class=\"xl66\" style=\"width: 10.2804%;text-align: center\" width=\"64\">625 x 1250<\/td>\n<td class=\"xl66\" style=\"width: 9.81308%;text-align: center\" width=\"64\">15<\/td>\n<td class=\"xl66\" style=\"width: 10.6678%;text-align: center\" width=\"64\">11,72<\/td>\n<td class=\"xl66\" style=\"width: 10.4968%;text-align: center\" width=\"64\">0,94<\/td>\n<td class=\"xl66\" style=\"width: 9.30024%;text-align: center\" width=\"64\">140,64<\/td>\n<td class=\"xl66\" style=\"width: 12.3772%;text-align: center\" width=\"64\">11,25<\/td>\n<td class=\"xl66\" style=\"width: 15.1019%;text-align: center\" width=\"64\">2,05<\/td>\n<td class=\"xl66\" style=\"width: 1.65289%;text-align: center\" width=\"64\"><\/td>\n<\/tr>\n<tr style=\"height: 19.0pt\">\n<td class=\"xl65\" style=\"height: 19pt;width: 11.5265%;text-align: center\" width=\"64\" height=\"25\">71111001<\/td>\n<td class=\"xl66\" style=\"width: 10.2804%;text-align: center\" width=\"64\">100<\/td>\n<td class=\"xl66\" style=\"width: 10.2804%;text-align: center\" width=\"64\">625 x 1250<\/td>\n<td class=\"xl66\" style=\"width: 9.81308%;text-align: center\" width=\"64\">12<\/td>\n<td class=\"xl66\" style=\"width: 10.6678%;text-align: center\" width=\"64\">9,38<\/td>\n<td class=\"xl66\" style=\"width: 10.4968%;text-align: center\" width=\"64\">0,94<\/td>\n<td class=\"xl66\" style=\"width: 9.30024%;text-align: center\" width=\"64\">112,56<\/td>\n<td class=\"xl66\" style=\"width: 12.3772%;text-align: center\" width=\"64\">11,25<\/td>\n<td class=\"xl66\" style=\"width: 15.1019%;text-align: center\" width=\"64\">2,55<\/td>\n<td class=\"xl66\" style=\"width: 1.65289%;text-align: center\" width=\"64\"><\/td>\n<\/tr>\n<tr style=\"height: 19.0pt\">\n<td class=\"xl65\" style=\"height: 19pt;width: 11.5265%;text-align: center\" width=\"64\" height=\"25\">71111201<\/td>\n<td class=\"xl66\" style=\"width: 10.2804%;text-align: center\" width=\"64\">120<\/td>\n<td class=\"xl66\" style=\"width: 10.2804%;text-align: center\" width=\"64\">625 x 1250<\/td>\n<td class=\"xl66\" style=\"width: 9.81308%;text-align: center\" width=\"64\">10<\/td>\n<td class=\"xl66\" style=\"width: 10.6678%;text-align: center\" width=\"64\">7,81<\/td>\n<td class=\"xl66\" style=\"width: 10.4968%;text-align: center\" width=\"64\">0,94<\/td>\n<td class=\"xl66\" style=\"width: 9.30024%;text-align: center\" width=\"64\">93,72<\/td>\n<td class=\"xl66\" style=\"width: 12.3772%;text-align: center\" width=\"64\">11,25<\/td>\n<td class=\"xl66\" style=\"width: 15.1019%;text-align: center\" width=\"64\">3,05<\/td>\n<td class=\"xl66\" style=\"width: 1.65289%;text-align: center\" width=\"64\"><\/td>\n<\/tr>\n<tr style=\"height: 19.0pt\">\n<td class=\"xl65\" style=\"height: 19pt;width: 11.5265%;text-align: center\" width=\"64\" height=\"25\">71111401<\/td>\n<td class=\"xl66\" style=\"width: 10.2804%;text-align: center\" width=\"64\">140<\/td>\n<td class=\"xl66\" style=\"width: 10.2804%;text-align: center\" width=\"64\">625 x 1250<\/td>\n<td class=\"xl66\" style=\"width: 9.81308%;text-align: center\" width=\"64\">8<\/td>\n<td class=\"xl66\" style=\"width: 10.6678%;text-align: center\" width=\"64\">6,25<\/td>\n<td class=\"xl66\" style=\"width: 10.4968%;text-align: center\" width=\"64\">0,88<\/td>\n<td class=\"xl66\" style=\"width: 9.30024%;text-align: center\" width=\"64\">75,00<\/td>\n<td class=\"xl66\" style=\"width: 12.3772%;text-align: center\" width=\"64\">10,50<\/td>\n<td class=\"xl66\" style=\"width: 15.1019%;text-align: center\" width=\"64\">3,60<\/td>\n<td class=\"xl66\" style=\"width: 1.65289%;text-align: center\" width=\"64\"><\/td>\n<\/tr>\n<tr style=\"height: 19.0pt\">\n<td class=\"xl65\" style=\"height: 19pt;width: 11.5265%;text-align: center\" width=\"64\" height=\"25\">71111601<\/td>\n<td class=\"xl66\" style=\"width: 10.2804%;text-align: center\" width=\"64\">160<\/td>\n<td class=\"xl66\" style=\"width: 10.2804%;text-align: center\" width=\"64\">625 x 1250<\/td>\n<td class=\"xl66\" style=\"width: 9.81308%;text-align: center\" width=\"64\">7<\/td>\n<td class=\"xl66\" style=\"width: 10.6678%;text-align: center\" width=\"64\">5,47<\/td>\n<td class=\"xl66\" style=\"width: 10.4968%;text-align: center\" width=\"64\">0,88<\/td>\n<td class=\"xl66\" style=\"width: 9.30024%;text-align: center\" width=\"64\">65,64<\/td>\n<td class=\"xl66\" style=\"width: 12.3772%;text-align: center\" width=\"64\">10,50<\/td>\n<td class=\"xl66\" style=\"width: 15.1019%;text-align: center\" width=\"64\">4,10<\/td>\n<td class=\"xl66\" style=\"width: 1.65289%;text-align: center\" width=\"64\"><\/td>\n<\/tr>\n<tr style=\"height: 19.0pt\">\n<td class=\"xl65\" style=\"height: 19pt;width: 11.5265%;text-align: center\" width=\"64\" height=\"25\">71111801<\/td>\n<td class=\"xl66\" style=\"width: 10.2804%;text-align: center\" width=\"64\">180<\/td>\n<td class=\"xl66\" style=\"width: 10.2804%;text-align: center\" width=\"64\">625 x 1250<\/td>\n<td class=\"xl66\" style=\"width: 9.81308%;text-align: center\" width=\"64\">6<\/td>\n<td class=\"xl66\" style=\"width: 10.6678%;text-align: center\" width=\"64\">4,69<\/td>\n<td class=\"xl66\" style=\"width: 10.4968%;text-align: center\" width=\"64\">0,84<\/td>\n<td class=\"xl66\" style=\"width: 9.30024%;text-align: center\" width=\"64\">56,28<\/td>\n<td class=\"xl66\" style=\"width: 12.3772%;text-align: center\" width=\"64\">10,13<\/td>\n<td class=\"xl66\" style=\"width: 15.1019%;text-align: center\" width=\"64\">4,60<\/td>\n<td class=\"xl66\" style=\"width: 1.65289%;text-align: center\" width=\"64\"><\/td>\n<\/tr>\n<tr style=\"height: 19.0pt\">\n<td class=\"xl65\" style=\"height: 19pt;width: 11.5265%;text-align: center\" width=\"64\" height=\"25\">71112001<\/td>\n<td class=\"xl66\" style=\"width: 10.2804%;text-align: center\" width=\"64\">200<\/td>\n<td class=\"xl66\" style=\"width: 10.2804%;text-align: center\" width=\"64\">625 x 1250<\/td>\n<td class=\"xl66\" style=\"width: 9.81308%;text-align: center\" width=\"64\">6<\/td>\n<td class=\"xl66\" style=\"width: 10.6678%;text-align: center\" width=\"64\">4,69<\/td>\n<td class=\"xl66\" style=\"width: 10.4968%;text-align: center\" width=\"64\">0,94<\/td>\n<td class=\"xl66\" style=\"width: 9.30024%;text-align: center\" width=\"64\">56,28<\/td>\n<td class=\"xl66\" style=\"width: 12.3772%;text-align: center\" width=\"64\">11,26<\/td>\n<td class=\"xl66\" style=\"width: 15.1019%;text-align: center\" width=\"64\">5,15<\/td>\n<td class=\"xl66\" style=\"width: 1.65289%;text-align: center\" width=\"64\"><\/td>\n<\/tr>\n<\/tbody>\n<\/table>\n<p>&nbsp;<\/p>\n","protected":false},"excerpt":{"rendered":"<p>Mehrzweckplatte mit einem sehr breiten Anwendungsspektrum, z.B. zur W\u00e4rme- und Schalld\u00e4mmung. <\/p>\n","protected":false},"featured_media":1882,"comment_status":"closed","ping_status":"closed","template":"","meta":[],"product_cat":[326,328,325],"product_tag":[],"class_list":{"0":"post-1875","1":"product","2":"type-product","3":"status-publish","4":"has-post-thumbnail","6":"product_cat-dach","7":"product_cat-boden","8":"product_cat-innere-trennwand","10":"first","11":"instock","12":"shipping-taxable","13":"product-type-simple"},"_links":{"self":[{"href":"https:\/\/www.rotaflex.cz\/de\/wp-json\/wp\/v2\/product\/1875"}],"collection":[{"href":"https:\/\/www.rotaflex.cz\/de\/wp-json\/wp\/v2\/product"}],"about":[{"href":"https:\/\/www.rotaflex.cz\/de\/wp-json\/wp\/v2\/types\/product"}],"replies":[{"embeddable":true,"href":"https:\/\/www.rotaflex.cz\/de\/wp-json\/wp\/v2\/comments?post=1875"}],"wp:featuredmedia":[{"embeddable":true,"href":"https:\/\/www.rotaflex.cz\/de\/wp-json\/wp\/v2\/media\/1882"}],"wp:attachment":[{"href":"https:\/\/www.rotaflex.cz\/de\/wp-json\/wp\/v2\/media?parent=1875"}],"wp:term":[{"taxonomy":"product_cat","embeddable":true,"href":"https:\/\/www.rotaflex.cz\/de\/wp-json\/wp\/v2\/product_cat?post=1875"},{"taxonomy":"product_tag","embeddable":true,"href":"https:\/\/www.rotaflex.cz\/de\/wp-json\/wp\/v2\/product_tag?post=1875"}],"curies":[{"name":"wp","href":"https:\/\/api.w.org\/{rel}","templated":true}]}}