{"id":1883,"date":"2018-12-18T20:33:02","date_gmt":"2018-12-18T19:33:02","guid":{"rendered":"https:\/\/www.rotaflex.cz\/product\/teilungsbretter-pdl-01-%ce%bbd-0037\/"},"modified":"2018-12-18T20:33:02","modified_gmt":"2018-12-18T19:33:02","slug":"teilungsbretter-pdl-01-%ce%bbd-0037","status":"publish","type":"product","link":"https:\/\/www.rotaflex.cz\/de\/product\/teilungsbretter-pdl-01-%ce%bbd-0037\/","title":{"rendered":"Teilungsbretter PDL 01 &#8211; \u03bbD = 0,037"},"content":{"rendered":"<p style=\"text-align: justify\">Formstabile Platten f\u00fcr die Schall- und W\u00e4rmed\u00e4mmung von Innenbauteilen. Im Trockenbausystem sind die PDL 01 Trennwandplatten zusammen mit Metall-C-Profilen 50, 75, 100 mm und Gipskartonplatten f\u00fcr leichte Trennw\u00e4nde mit einer Feuerbest\u00e4ndigkeit von 30 Minuten konzipiert. Die Platten sind auch f\u00fcr die Isolierung von Wohncontainern geeignet. Die Produkte werden in Paketen auf Paletten geliefert &#8211; 12 Pakete einer Gr\u00f6\u00dfe pro Palette. Die Paletten sind nicht umtauschbar.    <\/p>\n<p>&nbsp;<\/p>\n<table style=\"border-collapse: collapse;width: 480pt\" border=\"0\" width=\"640\" cellspacing=\"0\" cellpadding=\"0\">\n<colgroup>\n<col style=\"width: 48pt\" span=\"10\" width=\"64\"> <\/colgroup>\n<tbody>\n<tr style=\"height: 21.0pt\">\n<td class=\"xl65\" style=\"height: 21.0pt;width: 48pt\" width=\"64\" height=\"28\">Bestellnummer<\/td>\n<td class=\"xl65\" style=\"border-left: none;width: 48pt\" width=\"64\">Dicke [mm]<\/td>\n<td class=\"xl65\" style=\"border-left: none;width: 48pt\" width=\"64\">Abmessungen [mm]<\/td>\n<td class=\"xl65\" style=\"border-left: none;width: 48pt\" width=\"64\">St\u00fcck\/Packung<\/td>\n<td class=\"xl65\" style=\"border-left: none;width: 48pt\" width=\"64\">m2 \/ Paket<\/td>\n<td class=\"xl65\" style=\"border-left: none;width: 48pt\" width=\"64\">m3 \/ Paket<\/td>\n<td class=\"xl65\" style=\"border-left: none;width: 48pt\" width=\"64\">m2 \/ Palette<\/td>\n<td class=\"xl65\" style=\"border-left: none;width: 48pt\" width=\"64\">m3 \/ Palette<\/td>\n<td class=\"xl65\" style=\"border-left: none;width: 48pt\" width=\"64\">CZK \/ m2<\/td>\n<td class=\"xl65\" style=\"border-left: none;width: 48pt\" width=\"64\">RD [m2 K\/W]<\/td>\n<\/tr>\n<tr style=\"height: 21.0pt\">\n<td class=\"xl65\" style=\"height: 21pt;border-top: none;width: 48pt;text-align: center\" width=\"64\" height=\"28\">31110401<\/td>\n<td class=\"xl66\" style=\"border-top: none;border-left: none;width: 48pt;text-align: center\" width=\"64\">40<\/td>\n<td class=\"xl66\" style=\"border-top: none;border-left: none;width: 48pt;text-align: center\" width=\"64\">625 x 1250<\/td>\n<td class=\"xl66\" style=\"border-top: none;border-left: none;width: 48pt;text-align: center\" width=\"64\">30<\/td>\n<td class=\"xl66\" style=\"border-top: none;border-left: none;width: 48pt;text-align: center\" width=\"64\">23,44<\/td>\n<td class=\"xl66\" style=\"border-top: none;border-left: none;width: 48pt;text-align: center\" width=\"64\">0,94<\/td>\n<td class=\"xl66\" style=\"border-top: none;border-left: none;width: 48pt;text-align: center\" width=\"64\">281,28<\/td>\n<td class=\"xl66\" style=\"border-top: none;border-left: none;width: 48pt;text-align: center\" width=\"64\">11,25<\/td>\n<td class=\"xl66\" style=\"border-top: none;border-left: none;width: 48pt;text-align: center\" width=\"64\">52,00<\/td>\n<td class=\"xl66\" style=\"border-top: none;border-left: none;width: 48pt;text-align: center\" width=\"64\">1,05<\/td>\n<\/tr>\n<tr style=\"height: 21.0pt\">\n<td class=\"xl65\" style=\"height: 21pt;border-top: none;width: 48pt;text-align: center\" width=\"64\" height=\"28\">31110501<\/td>\n<td class=\"xl66\" style=\"border-top: none;border-left: none;width: 48pt;text-align: center\" width=\"64\">50<\/td>\n<td class=\"xl66\" style=\"border-top: none;border-left: none;width: 48pt;text-align: center\" width=\"64\">625 x 1250<\/td>\n<td class=\"xl66\" style=\"border-top: none;border-left: none;width: 48pt;text-align: center\" width=\"64\">24<\/td>\n<td class=\"xl66\" style=\"border-top: none;border-left: none;width: 48pt;text-align: center\" width=\"64\">18,75<\/td>\n<td class=\"xl66\" style=\"border-top: none;border-left: none;width: 48pt;text-align: center\" width=\"64\">0,94<\/td>\n<td class=\"xl66\" style=\"border-top: none;border-left: none;width: 48pt;text-align: center\" width=\"64\">225,00<\/td>\n<td class=\"xl66\" style=\"border-top: none;border-left: none;width: 48pt;text-align: center\" width=\"64\">11,25<\/td>\n<td class=\"xl66\" style=\"border-top: none;border-left: none;width: 48pt;text-align: center\" width=\"64\">65,00<\/td>\n<td class=\"xl66\" style=\"border-top: none;border-left: none;width: 48pt;text-align: center\" width=\"64\">1,35<\/td>\n<\/tr>\n<tr style=\"height: 21.0pt\">\n<td class=\"xl65\" style=\"height: 21pt;border-top: none;width: 48pt;text-align: center\" width=\"64\" height=\"28\">31110601<\/td>\n<td class=\"xl66\" style=\"border-top: none;border-left: none;width: 48pt;text-align: center\" width=\"64\">60<\/td>\n<td class=\"xl66\" style=\"border-top: none;border-left: none;width: 48pt;text-align: center\" width=\"64\">625 x 1250<\/td>\n<td class=\"xl66\" style=\"border-top: none;border-left: none;width: 48pt;text-align: center\" width=\"64\">20<\/td>\n<td class=\"xl66\" style=\"border-top: none;border-left: none;width: 48pt;text-align: center\" width=\"64\">15,63<\/td>\n<td class=\"xl66\" style=\"border-top: none;border-left: none;width: 48pt;text-align: center\" width=\"64\">0,94<\/td>\n<td class=\"xl66\" style=\"border-top: none;border-left: none;width: 48pt;text-align: center\" width=\"64\">187,56<\/td>\n<td class=\"xl66\" style=\"border-top: none;border-left: none;width: 48pt;text-align: center\" width=\"64\">11,25<\/td>\n<td class=\"xl66\" style=\"border-top: none;border-left: none;width: 48pt;text-align: center\" width=\"64\">78,00<\/td>\n<td class=\"xl66\" style=\"border-top: none;border-left: none;width: 48pt;text-align: center\" width=\"64\">1,60<\/td>\n<\/tr>\n<tr style=\"height: 21.0pt\">\n<td class=\"xl65\" style=\"height: 21pt;border-top: none;width: 48pt;text-align: center\" width=\"64\" height=\"28\">31110801<\/td>\n<td class=\"xl66\" style=\"border-top: none;border-left: none;width: 48pt;text-align: center\" width=\"64\">80<\/td>\n<td class=\"xl66\" style=\"border-top: none;border-left: none;width: 48pt;text-align: center\" width=\"64\">625 x 1250<\/td>\n<td class=\"xl66\" style=\"border-top: none;border-left: none;width: 48pt;text-align: center\" width=\"64\">15<\/td>\n<td class=\"xl66\" style=\"border-top: none;border-left: none;width: 48pt;text-align: center\" width=\"64\">11,72<\/td>\n<td class=\"xl66\" style=\"border-top: none;border-left: none;width: 48pt;text-align: center\" width=\"64\">0,94<\/td>\n<td class=\"xl66\" style=\"border-top: none;border-left: none;width: 48pt;text-align: center\" width=\"64\">140,64<\/td>\n<td class=\"xl66\" style=\"border-top: none;border-left: none;width: 48pt;text-align: center\" width=\"64\">11,25<\/td>\n<td class=\"xl66\" style=\"border-top: none;border-left: none;width: 48pt;text-align: center\" width=\"64\">104,00<\/td>\n<td class=\"xl66\" style=\"border-top: none;border-left: none;width: 48pt;text-align: center\" width=\"64\">2,15<\/td>\n<\/tr>\n<tr style=\"height: 21.0pt\">\n<td class=\"xl65\" style=\"height: 21pt;border-top: none;width: 48pt;text-align: center\" width=\"64\" height=\"28\">31111001<\/td>\n<td class=\"xl66\" style=\"border-top: none;border-left: none;width: 48pt;text-align: center\" width=\"64\">100<\/td>\n<td class=\"xl66\" style=\"border-top: none;border-left: none;width: 48pt;text-align: center\" width=\"64\">625 x 1250<\/td>\n<td class=\"xl66\" style=\"border-top: none;border-left: none;width: 48pt;text-align: center\" width=\"64\">12<\/td>\n<td class=\"xl66\" style=\"border-top: none;border-left: none;width: 48pt;text-align: center\" width=\"64\">9,38<\/td>\n<td class=\"xl66\" style=\"border-top: none;border-left: none;width: 48pt;text-align: center\" width=\"64\">0,94<\/td>\n<td class=\"xl66\" style=\"border-top: none;border-left: none;width: 48pt;text-align: center\" width=\"64\">112,56<\/td>\n<td class=\"xl66\" style=\"border-top: none;border-left: none;width: 48pt;text-align: center\" width=\"64\">11,25<\/td>\n<td class=\"xl66\" style=\"border-top: none;border-left: none;width: 48pt;text-align: center\" width=\"64\">130,00<\/td>\n<td class=\"xl66\" style=\"border-top: none;border-left: none;width: 48pt;text-align: center\" width=\"64\">2,70<\/td>\n<\/tr>\n<tr style=\"height: 21.0pt\">\n<td class=\"xl65\" style=\"height: 21pt;border-top: none;width: 48pt;text-align: center\" width=\"64\" height=\"28\">31111201<\/td>\n<td class=\"xl66\" style=\"border-top: none;border-left: none;width: 48pt;text-align: center\" width=\"64\">120<\/td>\n<td class=\"xl66\" style=\"border-top: none;border-left: none;width: 48pt;text-align: center\" width=\"64\">625 x 1250<\/td>\n<td class=\"xl66\" style=\"border-top: none;border-left: none;width: 48pt;text-align: center\" width=\"64\">10<\/td>\n<td class=\"xl66\" style=\"border-top: none;border-left: none;width: 48pt;text-align: center\" width=\"64\">7,81<\/td>\n<td class=\"xl66\" style=\"border-top: none;border-left: none;width: 48pt;text-align: center\" width=\"64\">0,94<\/td>\n<td class=\"xl66\" style=\"border-top: none;border-left: none;width: 48pt;text-align: center\" width=\"64\">93,72<\/td>\n<td class=\"xl66\" style=\"border-top: none;border-left: none;width: 48pt;text-align: center\" width=\"64\">11,25<\/td>\n<td class=\"xl66\" style=\"border-top: none;border-left: none;width: 48pt;text-align: center\" width=\"64\">156,00<\/td>\n<td class=\"xl66\" style=\"border-top: none;border-left: none;width: 48pt;text-align: center\" width=\"64\">3,25<\/td>\n<\/tr>\n<tr style=\"height: 21.0pt\">\n<td class=\"xl65\" style=\"height: 21pt;border-top: none;width: 48pt;text-align: center\" width=\"64\" height=\"28\">31111401<\/td>\n<td class=\"xl66\" style=\"border-top: none;border-left: none;width: 48pt;text-align: center\" width=\"64\">140<\/td>\n<td class=\"xl66\" style=\"border-top: none;border-left: none;width: 48pt;text-align: center\" width=\"64\">625 x 1250<\/td>\n<td class=\"xl66\" style=\"border-top: none;border-left: none;width: 48pt;text-align: center\" width=\"64\">8<\/td>\n<td class=\"xl66\" style=\"border-top: none;border-left: none;width: 48pt;text-align: center\" width=\"64\">6,25<\/td>\n<td class=\"xl66\" style=\"border-top: none;border-left: none;width: 48pt;text-align: center\" width=\"64\">0,88<\/td>\n<td class=\"xl66\" style=\"border-top: none;border-left: none;width: 48pt;text-align: center\" width=\"64\">75,00<\/td>\n<td class=\"xl66\" style=\"border-top: none;border-left: none;width: 48pt;text-align: center\" width=\"64\">10,50<\/td>\n<td class=\"xl66\" style=\"border-top: none;border-left: none;width: 48pt;text-align: center\" width=\"64\">182,00<\/td>\n<td class=\"xl66\" style=\"border-top: none;border-left: none;width: 48pt;text-align: center\" width=\"64\">3,75<\/td>\n<\/tr>\n<\/tbody>\n<\/table>\n<p>&nbsp;<\/p>\n","protected":false},"excerpt":{"rendered":"<p>Formstabile Platten f\u00fcr die Schall- und W\u00e4rmed\u00e4mmung von Innenbauteilen.<\/p>\n","protected":false},"featured_media":1882,"comment_status":"closed","ping_status":"closed","template":"","meta":[],"product_cat":[325],"product_tag":[],"class_list":{"0":"post-1883","1":"product","2":"type-product","3":"status-publish","4":"has-post-thumbnail","6":"product_cat-innere-trennwand","8":"first","9":"instock","10":"shipping-taxable","11":"product-type-simple"},"_links":{"self":[{"href":"https:\/\/www.rotaflex.cz\/de\/wp-json\/wp\/v2\/product\/1883"}],"collection":[{"href":"https:\/\/www.rotaflex.cz\/de\/wp-json\/wp\/v2\/product"}],"about":[{"href":"https:\/\/www.rotaflex.cz\/de\/wp-json\/wp\/v2\/types\/product"}],"replies":[{"embeddable":true,"href":"https:\/\/www.rotaflex.cz\/de\/wp-json\/wp\/v2\/comments?post=1883"}],"wp:featuredmedia":[{"embeddable":true,"href":"https:\/\/www.rotaflex.cz\/de\/wp-json\/wp\/v2\/media\/1882"}],"wp:attachment":[{"href":"https:\/\/www.rotaflex.cz\/de\/wp-json\/wp\/v2\/media?parent=1883"}],"wp:term":[{"taxonomy":"product_cat","embeddable":true,"href":"https:\/\/www.rotaflex.cz\/de\/wp-json\/wp\/v2\/product_cat?post=1883"},{"taxonomy":"product_tag","embeddable":true,"href":"https:\/\/www.rotaflex.cz\/de\/wp-json\/wp\/v2\/product_tag?post=1883"}],"curies":[{"name":"wp","href":"https:\/\/api.w.org\/{rel}","templated":true}]}}