{"id":1890,"date":"2018-12-18T20:39:17","date_gmt":"2018-12-18T19:39:17","guid":{"rendered":"https:\/\/www.rotaflex.cz\/product\/thermische-streifen-tp-01-%ce%bbd-0039\/"},"modified":"2018-12-18T20:39:17","modified_gmt":"2018-12-18T19:39:17","slug":"thermische-streifen-tp-01-%ce%bbd-0039","status":"publish","type":"product","link":"https:\/\/www.rotaflex.cz\/de\/product\/thermische-streifen-tp-01-%ce%bbd-0039\/","title":{"rendered":"Thermische Streifen TP 01 &#8211; \u03bbD = 0,039"},"content":{"rendered":"<p style=\"text-align: justify\">F\u00fcr alle Arten von unbelasteter W\u00e4rme- und Schalld\u00e4mmung, B\u00f6den auf Holzpolstern, abgeh\u00e4ngte Decken und zur Erh\u00f6hung der Schalld\u00e4mmung in Hohlr\u00e4umen in Dachb\u00f6den (Verbesserung des thermischen und akustischen Komforts), zur Nichtschalld\u00e4mmung von Decken unbewohnbarer letzter Stockwerke. Auch f\u00fcr die D\u00e4mmung von Schr\u00e4gd\u00e4chern und Wohncontainern geeignet. Die akustischen und thermischen Eigenschaften k\u00f6nnen f\u00fcr technische und bauliche Einrichtungen als absorbierende F\u00fcllung f\u00fcr Untersichten und Dachschalungen verwendet werden. Die Produkte werden in Palettenpackungen geliefert &#8211; 18 Rollen einer Gr\u00f6\u00dfe pro Palette. Die Paletten sind nicht umtauschbar.    <\/p>\n<p>&nbsp;<\/p>\n<p>&nbsp;<\/p>\n<table style=\"border-collapse: collapse;width: 66.0528%;height: 266px\" border=\"0\" width=\"640\" cellspacing=\"0\" cellpadding=\"0\">\n<colgroup>\n<col style=\"width: 48pt\" span=\"10\" width=\"64\"> <\/colgroup>\n<tbody>\n<tr style=\"height: 21.0pt\">\n<td class=\"xl65\" style=\"height: 46px;width: 11.5265%;text-align: center\" width=\"64\" height=\"28\">Bestellnummer<\/td>\n<td class=\"xl65\" style=\"border-left: none;width: 9.96885%;text-align: center;height: 46px\" width=\"64\">Dicke [mm]<\/td>\n<td class=\"xl65\" style=\"border-left: none;width: 14.6417%;text-align: center;height: 46px\" width=\"64\">Abmessungen [mm]<\/td>\n<td class=\"xl65\" style=\"border-left: none;width: 9.34579%;text-align: center;height: 46px\" width=\"64\">St\u00fcck\/Packung<\/td>\n<td class=\"xl65\" style=\"border-left: none;width: 9.34579%;text-align: center;height: 46px\" width=\"64\">m2 \/ Paket<\/td>\n<td class=\"xl65\" style=\"border-left: none;width: 9.34579%;text-align: center;height: 46px\" width=\"64\">m3 \/ Paket<\/td>\n<td class=\"xl65\" style=\"border-left: none;width: 10.7496%;text-align: center;height: 46px\" width=\"64\">m2 \/ Palette<\/td>\n<td class=\"xl65\" style=\"border-left: none;width: 9.96985%;text-align: center;height: 46px\" width=\"64\">m3 \/ Palette<\/td>\n<td class=\"xl65\" style=\"border-left: none;width: 15.5753%;text-align: center;height: 46px\" width=\"64\">RD [m2 K\/W]<\/td>\n<td class=\"xl65\" style=\"border-left: none;width: 1.56006%;height: 46px\" width=\"64\"><\/td>\n<\/tr>\n<tr style=\"height: 21px\">\n<td class=\"xl65\" style=\"height: 21px;border-top: none;width: 11.5265%;text-align: center\" width=\"64\" height=\"28\">63110501<\/td>\n<td class=\"xl66\" style=\"border-top: none;border-left: none;width: 9.96885%;text-align: center;height: 21px\" width=\"64\">50<\/td>\n<td class=\"xl66\" style=\"border-top: none;border-left: none;width: 14.6417%;text-align: center;height: 21px\" width=\"64\">1200&#215;18000<\/td>\n<td class=\"xl66\" style=\"border-top: none;border-left: none;width: 9.34579%;text-align: center;height: 21px\" width=\"64\">1<\/td>\n<td class=\"xl66\" style=\"border-top: none;border-left: none;width: 9.34579%;text-align: center;height: 21px\" width=\"64\">21,60<\/td>\n<td class=\"xl66\" style=\"border-top: none;border-left: none;width: 9.34579%;text-align: center;height: 21px\" width=\"64\">1,08<\/td>\n<td class=\"xl66\" style=\"border-top: none;border-left: none;width: 10.7496%;text-align: center;height: 21px\" width=\"64\">388,80<\/td>\n<td class=\"xl66\" style=\"border-top: none;border-left: none;width: 9.96985%;text-align: center;height: 21px\" width=\"64\">19.44<\/td>\n<td class=\"xl66\" style=\"border-top: none;border-left: none;width: 15.5753%;text-align: center;height: 21px\" width=\"64\">1,25<\/td>\n<td class=\"xl66\" style=\"border-top: none;border-left: none;width: 1.56006%;text-align: center;height: 21px\" width=\"64\"><\/td>\n<\/tr>\n<tr style=\"height: 21px\">\n<td class=\"xl65\" style=\"height: 21px;border-top: none;width: 11.5265%;text-align: center\" width=\"64\" height=\"28\">63110601<\/td>\n<td class=\"xl66\" style=\"border-top: none;border-left: none;width: 9.96885%;text-align: center;height: 21px\" width=\"64\">60<\/td>\n<td class=\"xl66\" style=\"border-top: none;border-left: none;width: 14.6417%;text-align: center;height: 21px\" width=\"64\">1200&#215;16000<\/td>\n<td class=\"xl66\" style=\"border-top: none;border-left: none;width: 9.34579%;text-align: center;height: 21px\" width=\"64\">1<\/td>\n<td class=\"xl66\" style=\"border-top: none;border-left: none;width: 9.34579%;text-align: center;height: 21px\" width=\"64\">19,20<\/td>\n<td class=\"xl66\" style=\"border-top: none;border-left: none;width: 9.34579%;text-align: center;height: 21px\" width=\"64\">1,15<\/td>\n<td class=\"xl66\" style=\"border-top: none;border-left: none;width: 10.7496%;text-align: center;height: 21px\" width=\"64\">345,60<\/td>\n<td class=\"xl66\" style=\"border-top: none;border-left: none;width: 9.96985%;text-align: center;height: 21px\" width=\"64\">20,74<\/td>\n<td class=\"xl66\" style=\"border-top: none;border-left: none;width: 15.5753%;text-align: center;height: 21px\" width=\"64\">1,50<\/td>\n<td class=\"xl66\" style=\"border-top: none;border-left: none;width: 1.56006%;text-align: center;height: 21px\" width=\"64\"><\/td>\n<\/tr>\n<tr style=\"height: 21px\">\n<td class=\"xl65\" style=\"height: 21px;border-top: none;width: 11.5265%;text-align: center\" width=\"64\" height=\"28\">63110801<\/td>\n<td class=\"xl66\" style=\"border-top: none;border-left: none;width: 9.96885%;text-align: center;height: 21px\" width=\"64\">80<\/td>\n<td class=\"xl66\" style=\"border-top: none;border-left: none;width: 14.6417%;text-align: center;height: 21px\" width=\"64\">1200&#215;12300<\/td>\n<td class=\"xl66\" style=\"border-top: none;border-left: none;width: 9.34579%;text-align: center;height: 21px\" width=\"64\">1<\/td>\n<td class=\"xl66\" style=\"border-top: none;border-left: none;width: 9.34579%;text-align: center;height: 21px\" width=\"64\">14,76<\/td>\n<td class=\"xl66\" style=\"border-top: none;border-left: none;width: 9.34579%;text-align: center;height: 21px\" width=\"64\">1,18<\/td>\n<td class=\"xl66\" style=\"border-top: none;border-left: none;width: 10.7496%;text-align: center;height: 21px\" width=\"64\">265,68<\/td>\n<td class=\"xl66\" style=\"border-top: none;border-left: none;width: 9.96985%;text-align: center;height: 21px\" width=\"64\">21,25<\/td>\n<td class=\"xl66\" style=\"border-top: none;border-left: none;width: 15.5753%;text-align: center;height: 21px\" width=\"64\">2,05<\/td>\n<td class=\"xl66\" style=\"border-top: none;border-left: none;width: 1.56006%;text-align: center;height: 21px\" width=\"64\"><\/td>\n<\/tr>\n<tr style=\"height: 21px\">\n<td class=\"xl65\" style=\"height: 21px;border-top: none;width: 11.5265%;text-align: center\" width=\"64\" height=\"28\">63111001<\/td>\n<td class=\"xl66\" style=\"border-top: none;border-left: none;width: 9.96885%;text-align: center;height: 21px\" width=\"64\">100<\/td>\n<td class=\"xl66\" style=\"border-top: none;border-left: none;width: 14.6417%;text-align: center;height: 21px\" width=\"64\">1200&#215;9800<\/td>\n<td class=\"xl66\" style=\"border-top: none;border-left: none;width: 9.34579%;text-align: center;height: 21px\" width=\"64\">1<\/td>\n<td class=\"xl66\" style=\"border-top: none;border-left: none;width: 9.34579%;text-align: center;height: 21px\" width=\"64\">11,76<\/td>\n<td class=\"xl66\" style=\"border-top: none;border-left: none;width: 9.34579%;text-align: center;height: 21px\" width=\"64\">1,18<\/td>\n<td class=\"xl66\" style=\"border-top: none;border-left: none;width: 10.7496%;text-align: center;height: 21px\" width=\"64\">211,68<\/td>\n<td class=\"xl66\" style=\"border-top: none;border-left: none;width: 9.96985%;text-align: center;height: 21px\" width=\"64\">21,17<\/td>\n<td class=\"xl66\" style=\"border-top: none;border-left: none;width: 15.5753%;text-align: center;height: 21px\" width=\"64\">2,55<\/td>\n<td class=\"xl66\" style=\"border-top: none;border-left: none;width: 1.56006%;text-align: center;height: 21px\" width=\"64\"><\/td>\n<\/tr>\n<tr style=\"height: 21px\">\n<td class=\"xl65\" style=\"height: 21px;border-top: none;width: 11.5265%;text-align: center\" width=\"64\" height=\"28\">63111201<\/td>\n<td class=\"xl66\" style=\"border-top: none;border-left: none;width: 9.96885%;text-align: center;height: 21px\" width=\"64\">120<\/td>\n<td class=\"xl66\" style=\"border-top: none;border-left: none;width: 14.6417%;text-align: center;height: 21px\" width=\"64\">1200&#215;8200<\/td>\n<td class=\"xl66\" style=\"border-top: none;border-left: none;width: 9.34579%;text-align: center;height: 21px\" width=\"64\">1<\/td>\n<td class=\"xl66\" style=\"border-top: none;border-left: none;width: 9.34579%;text-align: center;height: 21px\" width=\"64\">9,84<\/td>\n<td class=\"xl66\" style=\"border-top: none;border-left: none;width: 9.34579%;text-align: center;height: 21px\" width=\"64\">1,18<\/td>\n<td class=\"xl66\" style=\"border-top: none;border-left: none;width: 10.7496%;text-align: center;height: 21px\" width=\"64\">177,12<\/td>\n<td class=\"xl66\" style=\"border-top: none;border-left: none;width: 9.96985%;text-align: center;height: 21px\" width=\"64\">21,25<\/td>\n<td class=\"xl66\" style=\"border-top: none;border-left: none;width: 15.5753%;text-align: center;height: 21px\" width=\"64\">3,05<\/td>\n<td class=\"xl66\" style=\"border-top: none;border-left: none;width: 1.56006%;text-align: center;height: 21px\" width=\"64\"><\/td>\n<\/tr>\n<tr style=\"height: 21px\">\n<td class=\"xl65\" style=\"height: 21px;border-top: none;width: 11.5265%;text-align: center\" width=\"64\" height=\"28\">63111401<\/td>\n<td class=\"xl66\" style=\"border-top: none;border-left: none;width: 9.96885%;text-align: center;height: 21px\" width=\"64\">140<\/td>\n<td class=\"xl66\" style=\"border-top: none;border-left: none;width: 14.6417%;text-align: center;height: 21px\" width=\"64\">1200&#215;7000<\/td>\n<td class=\"xl66\" style=\"border-top: none;border-left: none;width: 9.34579%;text-align: center;height: 21px\" width=\"64\">1<\/td>\n<td class=\"xl67\" style=\"border-top: none;border-left: none;width: 9.34579%;text-align: center;height: 21px\" width=\"64\">8,40<\/td>\n<td class=\"xl66\" style=\"border-top: none;border-left: none;width: 9.34579%;text-align: center;height: 21px\" width=\"64\">1,18<\/td>\n<td class=\"xl66\" style=\"border-top: none;border-left: none;width: 10.7496%;text-align: center;height: 21px\" width=\"64\">151,20<\/td>\n<td class=\"xl66\" style=\"border-top: none;border-left: none;width: 9.96985%;text-align: center;height: 21px\" width=\"64\">21,17<\/td>\n<td class=\"xl66\" style=\"border-top: none;border-left: none;width: 15.5753%;text-align: center;height: 21px\" width=\"64\">3,60<\/td>\n<td class=\"xl66\" style=\"border-top: none;border-left: none;width: 1.56006%;text-align: center;height: 21px\" width=\"64\"><\/td>\n<\/tr>\n<tr style=\"height: 21px\">\n<td class=\"xl65\" style=\"height: 21px;border-top: none;width: 11.5265%;text-align: center\" width=\"64\" height=\"28\">63111501<\/td>\n<td class=\"xl66\" style=\"border-top: none;border-left: none;width: 9.96885%;text-align: center;height: 21px\" width=\"64\">150<\/td>\n<td class=\"xl66\" style=\"border-top: none;border-left: none;width: 14.6417%;text-align: center;height: 21px\" width=\"64\">1200&#215;6500<\/td>\n<td class=\"xl66\" style=\"border-top: none;border-left: none;width: 9.34579%;text-align: center;height: 21px\" width=\"64\">1<\/td>\n<td class=\"xl66\" style=\"border-top: none;border-left: none;width: 9.34579%;text-align: center;height: 21px\" width=\"64\">7,80<\/td>\n<td class=\"xl66\" style=\"border-top: none;border-left: none;width: 9.34579%;text-align: center;height: 21px\" width=\"64\">1,17<\/td>\n<td class=\"xl66\" style=\"border-top: none;border-left: none;width: 10.7496%;text-align: center;height: 21px\" width=\"64\">140,40<\/td>\n<td class=\"xl66\" style=\"border-top: none;border-left: none;width: 9.96985%;text-align: center;height: 21px\" width=\"64\">21,06<\/td>\n<td class=\"xl66\" style=\"border-top: none;border-left: none;width: 15.5753%;text-align: center;height: 21px\" width=\"64\">3,85<\/td>\n<td class=\"xl66\" style=\"border-top: none;border-left: none;width: 1.56006%;text-align: center;height: 21px\" width=\"64\"><\/td>\n<\/tr>\n<tr style=\"height: 21px\">\n<td class=\"xl65\" style=\"height: 21px;border-top: none;width: 11.5265%;text-align: center\" width=\"64\" height=\"28\">63111601<\/td>\n<td class=\"xl66\" style=\"border-top: none;border-left: none;width: 9.96885%;text-align: center;height: 21px\" width=\"64\">160<\/td>\n<td class=\"xl66\" style=\"border-top: none;border-left: none;width: 14.6417%;text-align: center;height: 21px\" width=\"64\">1200&#215;6200<\/td>\n<td class=\"xl66\" style=\"border-top: none;border-left: none;width: 9.34579%;text-align: center;height: 21px\" width=\"64\">1<\/td>\n<td class=\"xl66\" style=\"border-top: none;border-left: none;width: 9.34579%;text-align: center;height: 21px\" width=\"64\">7,44<\/td>\n<td class=\"xl66\" style=\"border-top: none;border-left: none;width: 9.34579%;text-align: center;height: 21px\" width=\"64\">1,19<\/td>\n<td class=\"xl66\" style=\"border-top: none;border-left: none;width: 10.7496%;text-align: center;height: 21px\" width=\"64\">133,92<\/td>\n<td class=\"xl66\" style=\"border-top: none;border-left: none;width: 9.96985%;text-align: center;height: 21px\" width=\"64\">21,43<\/td>\n<td class=\"xl66\" style=\"border-top: none;border-left: none;width: 15.5753%;text-align: center;height: 21px\" width=\"64\">4,10<\/td>\n<td class=\"xl66\" style=\"border-top: none;border-left: none;width: 1.56006%;text-align: center;height: 21px\" width=\"64\"><\/td>\n<\/tr>\n<tr style=\"height: 21px\">\n<td class=\"xl65\" style=\"height: 21px;border-top: none;width: 11.5265%;text-align: center\" width=\"64\" height=\"28\">63111801<\/td>\n<td class=\"xl66\" style=\"border-top: none;border-left: none;width: 9.96885%;text-align: center;height: 21px\" width=\"64\">180<\/td>\n<td class=\"xl66\" style=\"border-top: none;border-left: none;width: 14.6417%;text-align: center;height: 21px\" width=\"64\">1200&#215;5400<\/td>\n<td class=\"xl66\" style=\"border-top: none;border-left: none;width: 9.34579%;text-align: center;height: 21px\" width=\"64\">1<\/td>\n<td class=\"xl66\" style=\"border-top: none;border-left: none;width: 9.34579%;text-align: center;height: 21px\" width=\"64\">6,48<\/td>\n<td class=\"xl66\" style=\"border-top: none;border-left: none;width: 9.34579%;text-align: center;height: 21px\" width=\"64\">1,17<\/td>\n<td class=\"xl66\" style=\"border-top: none;border-left: none;width: 10.7496%;text-align: center;height: 21px\" width=\"64\">116,64<\/td>\n<td class=\"xl66\" style=\"border-top: none;border-left: none;width: 9.96985%;text-align: center;height: 21px\" width=\"64\">21,00<\/td>\n<td class=\"xl66\" style=\"border-top: none;border-left: none;width: 15.5753%;text-align: center;height: 21px\" width=\"64\">4,60<\/td>\n<td class=\"xl66\" style=\"border-top: none;border-left: none;width: 1.56006%;text-align: center;height: 21px\" width=\"64\"><\/td>\n<\/tr>\n<tr style=\"height: 21px\">\n<td class=\"xl65\" style=\"height: 21px;border-top: none;width: 11.5265%;text-align: center\" width=\"64\" height=\"28\">63112001<\/td>\n<td class=\"xl66\" style=\"border-top: none;border-left: none;width: 9.96885%;text-align: center;height: 21px\" width=\"64\">200<\/td>\n<td class=\"xl66\" style=\"border-top: none;border-left: none;width: 14.6417%;text-align: center;height: 21px\" width=\"64\">1200&#215;4800<\/td>\n<td class=\"xl66\" style=\"border-top: none;border-left: none;width: 9.34579%;text-align: center;height: 21px\" width=\"64\">1<\/td>\n<td class=\"xl66\" style=\"border-top: none;border-left: none;width: 9.34579%;text-align: center;height: 21px\" width=\"64\">5,76<\/td>\n<td class=\"xl66\" style=\"border-top: none;border-left: none;width: 9.34579%;text-align: center;height: 21px\" width=\"64\">1,15<\/td>\n<td class=\"xl66\" style=\"border-top: none;border-left: none;width: 10.7496%;text-align: center;height: 21px\" width=\"64\">103,68<\/td>\n<td class=\"xl66\" style=\"border-top: none;border-left: none;width: 9.96985%;text-align: center;height: 21px\" width=\"64\">20,74<\/td>\n<td class=\"xl66\" style=\"border-top: none;border-left: none;width: 15.5753%;text-align: center;height: 21px\" width=\"64\">5,15<\/td>\n<td class=\"xl66\" style=\"border-top: none;border-left: none;width: 1.56006%;text-align: center;height: 21px\" width=\"64\"><\/td>\n<\/tr>\n<tr style=\"height: 21.0pt\">\n<td class=\"xl65\" style=\"height: 10px;border-top: none;width: 11.5265%;text-align: center\" width=\"64\" height=\"28\"><\/td>\n<td class=\"xl66\" style=\"border-top: none;border-left: none;width: 9.96885%;text-align: center;height: 10px\" width=\"64\"><\/td>\n<td class=\"xl66\" style=\"border-top: none;border-left: none;width: 14.6417%;text-align: center;height: 10px\" width=\"64\"><\/td>\n<td class=\"xl66\" style=\"border-top: none;border-left: none;width: 9.34579%;text-align: center;height: 10px\" width=\"64\"><\/td>\n<td class=\"xl66\" style=\"border-top: none;border-left: none;width: 9.34579%;text-align: center;height: 10px\" width=\"64\"><\/td>\n<td class=\"xl66\" style=\"border-top: none;border-left: none;width: 9.34579%;text-align: center;height: 10px\" width=\"64\"><\/td>\n<td class=\"xl66\" style=\"border-top: none;border-left: none;width: 10.7496%;text-align: center;height: 10px\" width=\"64\"><\/td>\n<td class=\"xl66\" style=\"border-top: none;border-left: none;width: 9.96985%;text-align: center;height: 10px\" width=\"64\"><\/td>\n<td class=\"xl66\" style=\"border-top: none;border-left: none;width: 15.5753%;text-align: center;height: 10px\" width=\"64\"><\/td>\n<td class=\"xl66\" style=\"border-top: none;border-left: none;width: 1.56006%;text-align: center;height: 10px\" width=\"64\"><\/td>\n<\/tr>\n<\/tbody>\n<\/table>\n","protected":false},"excerpt":{"rendered":"<p style=\"text-align: justify\">F\u00fcr alle Arten von unbelasteter thermischer und akustischer Isolierung, B\u00f6den auf Holzkissen, abgeh\u00e4ngte Decken und zur Erh\u00f6hung der Schalld\u00e4mmung in Hohlr\u00e4umen auf Dachb\u00f6den.<\/p>\n","protected":false},"featured_media":1843,"comment_status":"closed","ping_status":"closed","template":"","meta":[],"product_cat":[326,328],"product_tag":[],"class_list":{"0":"post-1890","1":"product","2":"type-product","3":"status-publish","4":"has-post-thumbnail","6":"product_cat-dach","7":"product_cat-boden","9":"first","10":"instock","11":"shipping-taxable","12":"product-type-simple"},"_links":{"self":[{"href":"https:\/\/www.rotaflex.cz\/de\/wp-json\/wp\/v2\/product\/1890"}],"collection":[{"href":"https:\/\/www.rotaflex.cz\/de\/wp-json\/wp\/v2\/product"}],"about":[{"href":"https:\/\/www.rotaflex.cz\/de\/wp-json\/wp\/v2\/types\/product"}],"replies":[{"embeddable":true,"href":"https:\/\/www.rotaflex.cz\/de\/wp-json\/wp\/v2\/comments?post=1890"}],"wp:featuredmedia":[{"embeddable":true,"href":"https:\/\/www.rotaflex.cz\/de\/wp-json\/wp\/v2\/media\/1843"}],"wp:attachment":[{"href":"https:\/\/www.rotaflex.cz\/de\/wp-json\/wp\/v2\/media?parent=1890"}],"wp:term":[{"taxonomy":"product_cat","embeddable":true,"href":"https:\/\/www.rotaflex.cz\/de\/wp-json\/wp\/v2\/product_cat?post=1890"},{"taxonomy":"product_tag","embeddable":true,"href":"https:\/\/www.rotaflex.cz\/de\/wp-json\/wp\/v2\/product_tag?post=1890"}],"curies":[{"name":"wp","href":"https:\/\/api.w.org\/{rel}","templated":true}]}}