{"id":1903,"date":"2018-12-18T20:45:02","date_gmt":"2018-12-18T19:45:02","guid":{"rendered":"https:\/\/www.rotaflex.cz\/product\/regalstreifen-kp-01-%ce%bbd-0037\/"},"modified":"2018-12-18T20:45:02","modified_gmt":"2018-12-18T19:45:02","slug":"regalstreifen-kp-01-%ce%bbd-0037","status":"publish","type":"product","link":"https:\/\/www.rotaflex.cz\/de\/product\/regalstreifen-kp-01-%ce%bbd-0037\/","title":{"rendered":"Regalstreifen KP 01 &#8211; \u03bbD = 0,037"},"content":{"rendered":"<p style=\"text-align: justify\">W\u00e4rme- und Schalld\u00e4mmung von bel\u00fcfteten und unbel\u00fcfteten Steild\u00e4chern mit Standard-Sparrenabst\u00e4nden und Wohncontainern. Um ein effektives D\u00e4mmsystem f\u00fcr Schr\u00e4gd\u00e4cher zu schaffen, ist die Verwendung von qualitativ hochwertigen Abdichtungsbahnen unerl\u00e4sslich. Die Produkte werden in Palettenpackungen geliefert &#8211; 18 Rollen einer Gr\u00f6\u00dfe pro Palette. Die Paletten sind nicht umtauschbar.   <\/p>\n<p>&nbsp;<\/p>\n<table style=\"height: 275px;width: 60.5729%\" width=\"644\">\n<tbody>\n<tr>\n<td style=\"width: 11.838%\" width=\"70\">Bestellnummer<\/td>\n<td style=\"width: 10.4361%\" width=\"64\">Dicke [mm]<\/td>\n<td style=\"width: 10.5919%\" width=\"64\">Abmessungen [mm]<\/td>\n<td style=\"width: 9.34579%\" width=\"64\">St\u00fcck\/Packung<\/td>\n<td style=\"width: 9.34579%\" width=\"64\">m2 \/ Paket<\/td>\n<td style=\"width: 9.34579%\" width=\"64\">m3 \/ Paket<\/td>\n<td style=\"width: 9.81308%\" width=\"64\">m2 \/ Palette<\/td>\n<td style=\"width: 9.34579%\" width=\"64\">m3 \/ Palette<\/td>\n<td style=\"width: 13.2647%\" width=\"64\">RD [m2 K\/W]<\/td>\n<td style=\"width: 1.69779%\" width=\"64\"><\/td>\n<\/tr>\n<tr>\n<td style=\"width: 11.838%;text-align: center\">64010801<\/td>\n<td style=\"width: 10.4361%;text-align: center\">80<\/td>\n<td style=\"width: 10.5919%;text-align: center\">1200 x 9700<\/td>\n<td style=\"width: 9.34579%;text-align: center\">1<\/td>\n<td style=\"width: 9.34579%;text-align: center\">11,64<\/td>\n<td style=\"width: 9.34579%;text-align: center\">0,93<\/td>\n<td style=\"width: 9.81308%;text-align: center\">209,52<\/td>\n<td style=\"width: 9.34579%;text-align: center\">16,76<\/td>\n<td style=\"width: 13.2647%;text-align: center\">2,15<\/td>\n<td style=\"width: 1.69779%;text-align: center\"><\/td>\n<\/tr>\n<tr>\n<td style=\"width: 11.838%;text-align: center\" width=\"70\">64011001<\/td>\n<td style=\"width: 10.4361%;text-align: center\" width=\"64\">100<\/td>\n<td style=\"width: 10.5919%;text-align: center\" width=\"64\">1200 x 7800<\/td>\n<td style=\"width: 9.34579%;text-align: center\" width=\"64\">1<\/td>\n<td style=\"width: 9.34579%;text-align: center\" width=\"64\">9,36<\/td>\n<td style=\"width: 9.34579%;text-align: center\" width=\"64\">0,94<\/td>\n<td style=\"width: 9.81308%;text-align: center\" width=\"64\">168,48<\/td>\n<td style=\"width: 9.34579%;text-align: center\" width=\"64\">16,85<\/td>\n<td style=\"width: 13.2647%;text-align: center\" width=\"64\">2,70<\/td>\n<td style=\"width: 1.69779%;text-align: center\" width=\"64\"><\/td>\n<\/tr>\n<tr>\n<td style=\"width: 11.838%;text-align: center\" width=\"70\">64011201<\/td>\n<td style=\"width: 10.4361%;text-align: center\" width=\"64\">120<\/td>\n<td style=\"width: 10.5919%;text-align: center\" width=\"64\">1200 x 6500<\/td>\n<td style=\"width: 9.34579%;text-align: center\" width=\"64\">1<\/td>\n<td style=\"width: 9.34579%;text-align: center\" width=\"64\">7,80<\/td>\n<td style=\"width: 9.34579%;text-align: center\" width=\"64\">0,94<\/td>\n<td style=\"width: 9.81308%;text-align: center\" width=\"64\">140,40<\/td>\n<td style=\"width: 9.34579%;text-align: center\" width=\"64\">16,85<\/td>\n<td style=\"width: 13.2647%;text-align: center\" width=\"64\">3,25<\/td>\n<td style=\"width: 1.69779%;text-align: center\" width=\"64\"><\/td>\n<\/tr>\n<tr>\n<td style=\"width: 11.838%;text-align: center\" width=\"70\">64011401<\/td>\n<td style=\"width: 10.4361%;text-align: center\" width=\"64\">140<\/td>\n<td style=\"width: 10.5919%;text-align: center\" width=\"64\">1200 x 5600<\/td>\n<td style=\"width: 9.34579%;text-align: center\" width=\"64\">1<\/td>\n<td style=\"width: 9.34579%;text-align: center\" width=\"64\">6,72<\/td>\n<td style=\"width: 9.34579%;text-align: center\" width=\"64\">0,94<\/td>\n<td style=\"width: 9.81308%;text-align: center\" width=\"64\">120,96<\/td>\n<td style=\"width: 9.34579%;text-align: center\" width=\"64\">16,93<\/td>\n<td style=\"width: 13.2647%;text-align: center\" width=\"64\">3,75<\/td>\n<td style=\"width: 1.69779%;text-align: center\" width=\"64\"><\/td>\n<\/tr>\n<tr>\n<td style=\"width: 11.838%;text-align: center\" width=\"70\">64011501<\/td>\n<td style=\"width: 10.4361%;text-align: center\" width=\"64\">150<\/td>\n<td style=\"width: 10.5919%;text-align: center\" width=\"64\">1200 x 5200<\/td>\n<td style=\"width: 9.34579%;text-align: center\" width=\"64\">1<\/td>\n<td style=\"width: 9.34579%;text-align: center\" width=\"64\">6,24<\/td>\n<td style=\"width: 9.34579%;text-align: center\" width=\"64\">0,94<\/td>\n<td style=\"width: 9.81308%;text-align: center\" width=\"64\">112,32<\/td>\n<td style=\"width: 9.34579%;text-align: center\" width=\"64\">16,85<\/td>\n<td style=\"width: 13.2647%;text-align: center\" width=\"64\">4,05<\/td>\n<td style=\"width: 1.69779%;text-align: center\" width=\"64\"><\/td>\n<\/tr>\n<tr>\n<td style=\"width: 11.838%;text-align: center\" width=\"70\">64011601<\/td>\n<td style=\"width: 10.4361%;text-align: center\" width=\"64\">160<\/td>\n<td style=\"width: 10.5919%;text-align: center\" width=\"64\">1200 x 4900<\/td>\n<td style=\"width: 9.34579%;text-align: center\" width=\"64\">1<\/td>\n<td style=\"width: 9.34579%;text-align: center\" width=\"64\">5,88<\/td>\n<td style=\"width: 9.34579%;text-align: center\" width=\"64\">0,94<\/td>\n<td style=\"width: 9.81308%;text-align: center\" width=\"64\">105,84<\/td>\n<td style=\"width: 9.34579%;text-align: center\" width=\"64\">16,93<\/td>\n<td style=\"width: 13.2647%;text-align: center\" width=\"64\">4,30<\/td>\n<td style=\"width: 1.69779%;text-align: center\" width=\"64\"><\/td>\n<\/tr>\n<tr>\n<td style=\"width: 11.838%;text-align: center\" width=\"70\">64011801<\/td>\n<td style=\"width: 10.4361%;text-align: center\" width=\"64\">180<\/td>\n<td style=\"width: 10.5919%;text-align: center\" width=\"64\">1200 x 4300<\/td>\n<td style=\"width: 9.34579%;text-align: center\" width=\"64\">1<\/td>\n<td style=\"width: 9.34579%;text-align: center\" width=\"64\">5,16<\/td>\n<td style=\"width: 9.34579%;text-align: center\" width=\"64\">0,93<\/td>\n<td style=\"width: 9.81308%;text-align: center\" width=\"64\">92,88<\/td>\n<td style=\"width: 9.34579%;text-align: center\" width=\"64\">16,72<\/td>\n<td style=\"width: 13.2647%;text-align: center\" width=\"64\">4,85<\/td>\n<td style=\"width: 1.69779%;text-align: center\" width=\"64\"><\/td>\n<\/tr>\n<tr>\n<td style=\"width: 11.838%;text-align: center\" width=\"70\">64012001<\/td>\n<td style=\"width: 10.4361%;text-align: center\" width=\"64\">200<\/td>\n<td style=\"width: 10.5919%;text-align: center\" width=\"64\">1200 x 3900<\/td>\n<td style=\"width: 9.34579%;text-align: center\" width=\"64\">1<\/td>\n<td style=\"width: 9.34579%;text-align: center\" width=\"64\">4,68<\/td>\n<td style=\"width: 9.34579%;text-align: center\" width=\"64\">0,94<\/td>\n<td style=\"width: 9.81308%;text-align: center\" width=\"64\">84,24<\/td>\n<td style=\"width: 9.34579%;text-align: center\" width=\"64\">16,85<\/td>\n<td style=\"width: 13.2647%;text-align: center\" width=\"64\">5,40<\/td>\n<td style=\"width: 1.69779%;text-align: center\" width=\"64\"><\/td>\n<\/tr>\n<\/tbody>\n<\/table>\n","protected":false},"excerpt":{"rendered":"<p>W\u00e4rme- und Schalld\u00e4mmung von bel\u00fcfteten und unbel\u00fcfteten Steild\u00e4chern mit Standard-Sparrenabst\u00e4nden.<\/p>\n","protected":false},"featured_media":1862,"comment_status":"closed","ping_status":"closed","template":"","meta":[],"product_cat":[326],"product_tag":[],"class_list":{"0":"post-1903","1":"product","2":"type-product","3":"status-publish","4":"has-post-thumbnail","6":"product_cat-dach","8":"first","9":"instock","10":"shipping-taxable","11":"product-type-simple"},"_links":{"self":[{"href":"https:\/\/www.rotaflex.cz\/de\/wp-json\/wp\/v2\/product\/1903"}],"collection":[{"href":"https:\/\/www.rotaflex.cz\/de\/wp-json\/wp\/v2\/product"}],"about":[{"href":"https:\/\/www.rotaflex.cz\/de\/wp-json\/wp\/v2\/types\/product"}],"replies":[{"embeddable":true,"href":"https:\/\/www.rotaflex.cz\/de\/wp-json\/wp\/v2\/comments?post=1903"}],"wp:featuredmedia":[{"embeddable":true,"href":"https:\/\/www.rotaflex.cz\/de\/wp-json\/wp\/v2\/media\/1862"}],"wp:attachment":[{"href":"https:\/\/www.rotaflex.cz\/de\/wp-json\/wp\/v2\/media?parent=1903"}],"wp:term":[{"taxonomy":"product_cat","embeddable":true,"href":"https:\/\/www.rotaflex.cz\/de\/wp-json\/wp\/v2\/product_cat?post=1903"},{"taxonomy":"product_tag","embeddable":true,"href":"https:\/\/www.rotaflex.cz\/de\/wp-json\/wp\/v2\/product_tag?post=1903"}],"curies":[{"name":"wp","href":"https:\/\/api.w.org\/{rel}","templated":true}]}}