{"id":1910,"date":"2019-07-17T11:59:52","date_gmt":"2019-07-17T09:59:52","guid":{"rendered":"https:\/\/www.rotaflex.cz\/product\/waermeguertel-tp-02-neu-%ce%bbd-0038\/"},"modified":"2019-07-17T11:59:52","modified_gmt":"2019-07-17T09:59:52","slug":"waermeguertel-tp-02-neu-%ce%bbd-0038","status":"publish","type":"product","link":"https:\/\/www.rotaflex.cz\/de\/product\/waermeguertel-tp-02-neu-%ce%bbd-0038\/","title":{"rendered":"W\u00e4rmeg\u00fcrtel TP 02 &#8211; Neu! \u03bbD = 0,038"},"content":{"rendered":"<p style=\"text-align: justify\">F\u00fcr alle Arten von unbelasteter W\u00e4rme- und Schalld\u00e4mmung, B\u00f6den auf Holzpolstern, abgeh\u00e4ngte Decken und zur Erh\u00f6hung der Schalld\u00e4mmung in Hohlr\u00e4umen in Dachb\u00f6den (Verbesserung des thermischen und akustischen Komforts), zur Nichtschalld\u00e4mmung von Decken unbewohnbarer letzter Stockwerke. Auch f\u00fcr die D\u00e4mmung von Schr\u00e4gd\u00e4chern und Wohncontainern geeignet. Die akustischen und thermischen Eigenschaften k\u00f6nnen f\u00fcr technische und bauliche Einrichtungen als absorbierende F\u00fcllung f\u00fcr Untersichten und Dachschalungen genutzt werden. Die Produkte werden in Palettenpackungen geliefert &#8211; 18 Rollen einer Gr\u00f6\u00dfe pro Palette. Die Paletten sind nicht umtauschbar.    <\/p>\n<p>&nbsp;<\/p>\n<p>&nbsp;<\/p>\n<table style=\"border-collapse: collapse;width: 66.156%;height: 241px\" border=\"0\" width=\"640\" cellspacing=\"0\" cellpadding=\"0\">\n<colgroup>\n<col style=\"width: 48pt\" span=\"10\" width=\"64\"> <\/colgroup>\n<tbody>\n<tr style=\"height: 21.0pt\">\n<td class=\"xl65\" style=\"height: 21px;width: 11.3707%\" width=\"64\" height=\"28\">Bestellnummer<\/td>\n<td class=\"xl65\" style=\"border-left: none;width: 9.96885%;height: 21px\" width=\"64\">Dicke [mm]<\/td>\n<td class=\"xl65\" style=\"border-left: none;width: 14.486%;height: 21px\" width=\"64\">Abmessungen [mm]<\/td>\n<td class=\"xl65\" style=\"border-left: none;width: 9.03427%;height: 21px\" width=\"64\">St\u00fcck\/Packung<\/td>\n<td class=\"xl65\" style=\"border-left: none;width: 10.745%;height: 21px\" width=\"64\">m2 \/ Paket<\/td>\n<td class=\"xl65\" style=\"border-left: none;width: 8.87873%;height: 21px\" width=\"64\">m3 \/ Paket<\/td>\n<td class=\"xl65\" style=\"border-left: none;width: 10.2792%;height: 21px\" width=\"64\">m2 \/ Palette<\/td>\n<td class=\"xl65\" style=\"border-left: none;width: 10.5894%;height: 21px\" width=\"64\">m3 \/ Palette<\/td>\n<td class=\"xl65\" style=\"border-left: none;width: 14.9438%;height: 21px\" width=\"64\">RD [m2 K\/W]<\/td>\n<td class=\"xl65\" style=\"border-left: none;width: 1.55521%;height: 21px\" width=\"64\"><\/td>\n<\/tr>\n<tr style=\"height: 21px\">\n<td class=\"xl65\" style=\"height: 21px;border-top: none;width: 11.3707%;text-align: center\" width=\"64\" height=\"28\">63210501<\/td>\n<td class=\"xl66\" style=\"border-top: none;border-left: none;width: 9.96885%;text-align: center;height: 21px\" width=\"64\">50<\/td>\n<td class=\"xl66\" style=\"border-top: none;border-left: none;width: 14.486%;text-align: center;height: 21px\" width=\"64\">1200&#215;18600<\/td>\n<td class=\"xl66\" style=\"border-top: none;border-left: none;width: 9.03427%;text-align: center;height: 21px\" width=\"64\">1<\/td>\n<td class=\"xl66\" style=\"border-top: none;border-left: none;width: 10.745%;text-align: center;height: 21px\" width=\"64\">22,32<\/td>\n<td class=\"xl66\" style=\"border-top: none;border-left: none;width: 8.87873%;text-align: center;height: 21px\" width=\"64\">1,12<\/td>\n<td class=\"xl66\" style=\"border-top: none;border-left: none;width: 10.2792%;text-align: center;height: 21px\" width=\"64\">401,76<\/td>\n<td class=\"xl66\" style=\"border-top: none;border-left: none;width: 10.5894%;text-align: center;height: 21px\" width=\"64\">20,16<\/td>\n<td class=\"xl66\" style=\"border-top: none;border-left: none;width: 14.9438%;text-align: center;height: 21px\" width=\"64\">1,35<\/td>\n<td class=\"xl66\" style=\"border-top: none;border-left: none;width: 1.55521%;text-align: center;height: 21px\" width=\"64\"><\/td>\n<\/tr>\n<tr style=\"height: 21px\">\n<td class=\"xl65\" style=\"height: 21px;border-top: none;width: 11.3707%;text-align: center\" width=\"64\" height=\"28\">63210601<\/td>\n<td class=\"xl66\" style=\"border-top: none;border-left: none;width: 9.96885%;text-align: center;height: 21px\" width=\"64\">60<\/td>\n<td class=\"xl66\" style=\"border-top: none;border-left: none;width: 14.486%;text-align: center;height: 21px\" width=\"64\">1200&#215;15500<\/td>\n<td class=\"xl66\" style=\"border-top: none;border-left: none;width: 9.03427%;text-align: center;height: 21px\" width=\"64\">1<\/td>\n<td class=\"xl66\" style=\"border-top: none;border-left: none;width: 10.745%;text-align: center;height: 21px\" width=\"64\">18,60<\/td>\n<td class=\"xl66\" style=\"border-top: none;border-left: none;width: 8.87873%;text-align: center;height: 21px\" width=\"64\">1,12<\/td>\n<td class=\"xl66\" style=\"border-top: none;border-left: none;width: 10.2792%;text-align: center;height: 21px\" width=\"64\">334,80<\/td>\n<td class=\"xl66\" style=\"border-top: none;border-left: none;width: 10.5894%;text-align: center;height: 21px\" width=\"64\">20,16<\/td>\n<td class=\"xl66\" style=\"border-top: none;border-left: none;width: 14.9438%;text-align: center;height: 21px\" width=\"64\">1,60<\/td>\n<td class=\"xl66\" style=\"border-top: none;border-left: none;width: 1.55521%;text-align: center;height: 21px\" width=\"64\"><\/td>\n<\/tr>\n<tr style=\"height: 21px\">\n<td class=\"xl65\" style=\"height: 21px;border-top: none;width: 11.3707%;text-align: center\" width=\"64\" height=\"28\">63210801<\/td>\n<td class=\"xl66\" style=\"border-top: none;border-left: none;width: 9.96885%;text-align: center;height: 21px\" width=\"64\">80<\/td>\n<td class=\"xl66\" style=\"border-top: none;border-left: none;width: 14.486%;text-align: center;height: 21px\" width=\"64\">1200&#215;11600<\/td>\n<td class=\"xl66\" style=\"border-top: none;border-left: none;width: 9.03427%;text-align: center;height: 21px\" width=\"64\">1<\/td>\n<td class=\"xl66\" style=\"border-top: none;border-left: none;width: 10.745%;text-align: center;height: 21px\" width=\"64\">13,92<\/td>\n<td class=\"xl66\" style=\"border-top: none;border-left: none;width: 8.87873%;text-align: center;height: 21px\" width=\"64\">1,11<\/td>\n<td class=\"xl66\" style=\"border-top: none;border-left: none;width: 10.2792%;text-align: center;height: 21px\" width=\"64\">250,56<\/td>\n<td class=\"xl66\" style=\"border-top: none;border-left: none;width: 10.5894%;text-align: center;height: 21px\" width=\"64\">19,98<\/td>\n<td class=\"xl66\" style=\"border-top: none;border-left: none;width: 14.9438%;text-align: center;height: 21px\" width=\"64\">2,15<\/td>\n<td class=\"xl66\" style=\"border-top: none;border-left: none;width: 1.55521%;text-align: center;height: 21px\" width=\"64\"><\/td>\n<\/tr>\n<tr style=\"height: 21px\">\n<td class=\"xl65\" style=\"height: 21px;border-top: none;width: 11.3707%;text-align: center\" width=\"64\" height=\"28\">63211001<\/td>\n<td class=\"xl66\" style=\"border-top: none;border-left: none;width: 9.96885%;text-align: center;height: 21px\" width=\"64\">100<\/td>\n<td class=\"xl66\" style=\"border-top: none;border-left: none;width: 14.486%;text-align: center;height: 21px\" width=\"64\">1200&#215;9300<\/td>\n<td class=\"xl66\" style=\"border-top: none;border-left: none;width: 9.03427%;text-align: center;height: 21px\" width=\"64\">1<\/td>\n<td class=\"xl66\" style=\"border-top: none;border-left: none;width: 10.745%;text-align: center;height: 21px\" width=\"64\">11,16<\/td>\n<td class=\"xl66\" style=\"border-top: none;border-left: none;width: 8.87873%;text-align: center;height: 21px\" width=\"64\">1,12<\/td>\n<td class=\"xl66\" style=\"border-top: none;border-left: none;width: 10.2792%;text-align: center;height: 21px\" width=\"64\">200,88<\/td>\n<td class=\"xl66\" style=\"border-top: none;border-left: none;width: 10.5894%;text-align: center;height: 21px\" width=\"64\">20,16<\/td>\n<td class=\"xl66\" style=\"border-top: none;border-left: none;width: 14.9438%;text-align: center;height: 21px\" width=\"64\">2,70<\/td>\n<td class=\"xl66\" style=\"border-top: none;border-left: none;width: 1.55521%;text-align: center;height: 21px\" width=\"64\"><\/td>\n<\/tr>\n<tr style=\"height: 21px\">\n<td class=\"xl65\" style=\"height: 21px;border-top: none;width: 11.3707%;text-align: center\" width=\"64\" height=\"28\">63211201<\/td>\n<td class=\"xl66\" style=\"border-top: none;border-left: none;width: 9.96885%;text-align: center;height: 21px\" width=\"64\">120<\/td>\n<td class=\"xl66\" style=\"border-top: none;border-left: none;width: 14.486%;text-align: center;height: 21px\" width=\"64\">1200&#215;7700<\/td>\n<td class=\"xl66\" style=\"border-top: none;border-left: none;width: 9.03427%;text-align: center;height: 21px\" width=\"64\">1<\/td>\n<td class=\"xl66\" style=\"border-top: none;border-left: none;width: 10.745%;text-align: center;height: 21px\" width=\"64\">9,24<\/td>\n<td class=\"xl66\" style=\"border-top: none;border-left: none;width: 8.87873%;text-align: center;height: 21px\" width=\"64\">1,11<\/td>\n<td class=\"xl66\" style=\"border-top: none;border-left: none;width: 10.2792%;text-align: center;height: 21px\" width=\"64\">166,32<\/td>\n<td class=\"xl66\" style=\"border-top: none;border-left: none;width: 10.5894%;text-align: center;height: 21px\" width=\"64\">19,98<\/td>\n<td class=\"xl66\" style=\"border-top: none;border-left: none;width: 14.9438%;text-align: center;height: 21px\" width=\"64\">3,25<\/td>\n<td class=\"xl66\" style=\"border-top: none;border-left: none;width: 1.55521%;text-align: center;height: 21px\" width=\"64\"><\/td>\n<\/tr>\n<tr style=\"height: 21px\">\n<td class=\"xl65\" style=\"height: 21px;border-top: none;width: 11.3707%;text-align: center\" width=\"64\" height=\"28\">63211401<\/td>\n<td class=\"xl66\" style=\"border-top: none;border-left: none;width: 9.96885%;text-align: center;height: 21px\" width=\"64\">140<\/td>\n<td class=\"xl66\" style=\"border-top: none;border-left: none;width: 14.486%;text-align: center;height: 21px\" width=\"64\">1200&#215;6600<\/td>\n<td class=\"xl66\" style=\"border-top: none;border-left: none;width: 9.03427%;text-align: center;height: 21px\" width=\"64\">1<\/td>\n<td class=\"xl67\" style=\"border-top: none;border-left: none;width: 10.745%;text-align: center;height: 21px\" width=\"64\">7,92<\/td>\n<td class=\"xl66\" style=\"border-top: none;border-left: none;width: 8.87873%;text-align: center;height: 21px\" width=\"64\">1,11<\/td>\n<td class=\"xl66\" style=\"border-top: none;border-left: none;width: 10.2792%;text-align: center;height: 21px\" width=\"64\">142,56<\/td>\n<td class=\"xl66\" style=\"border-top: none;border-left: none;width: 10.5894%;text-align: center;height: 21px\" width=\"64\">19,98<\/td>\n<td class=\"xl66\" style=\"border-top: none;border-left: none;width: 14.9438%;text-align: center;height: 21px\" width=\"64\">3,80<\/td>\n<td class=\"xl66\" style=\"border-top: none;border-left: none;width: 1.55521%;text-align: center;height: 21px\" width=\"64\"><\/td>\n<\/tr>\n<tr style=\"height: 21px\">\n<td class=\"xl65\" style=\"height: 21px;border-top: none;width: 11.3707%;text-align: center\" width=\"64\" height=\"28\">63211501<\/td>\n<td class=\"xl66\" style=\"border-top: none;border-left: none;width: 9.96885%;text-align: center;height: 21px\" width=\"64\">150<\/td>\n<td class=\"xl66\" style=\"border-top: none;border-left: none;width: 14.486%;text-align: center;height: 21px\" width=\"64\">1200&#215;6200<\/td>\n<td class=\"xl66\" style=\"border-top: none;border-left: none;width: 9.03427%;text-align: center;height: 21px\" width=\"64\">1<\/td>\n<td class=\"xl66\" style=\"border-top: none;border-left: none;width: 10.745%;text-align: center;height: 21px\" width=\"64\">7,44<\/td>\n<td class=\"xl66\" style=\"border-top: none;border-left: none;width: 8.87873%;text-align: center;height: 21px\" width=\"64\">1,12<\/td>\n<td class=\"xl66\" style=\"border-top: none;border-left: none;width: 10.2792%;text-align: center;height: 21px\" width=\"64\">133,92<\/td>\n<td class=\"xl66\" style=\"border-top: none;border-left: none;width: 10.5894%;text-align: center;height: 21px\" width=\"64\">20,16<\/td>\n<td class=\"xl66\" style=\"border-top: none;border-left: none;width: 14.9438%;text-align: center;height: 21px\" width=\"64\">4,05<\/td>\n<td class=\"xl66\" style=\"border-top: none;border-left: none;width: 1.55521%;text-align: center;height: 21px\" width=\"64\"><\/td>\n<\/tr>\n<tr style=\"height: 21px\">\n<td class=\"xl65\" style=\"height: 21px;border-top: none;width: 11.3707%;text-align: center\" width=\"64\" height=\"28\">63211601<\/td>\n<td class=\"xl66\" style=\"border-top: none;border-left: none;width: 9.96885%;text-align: center;height: 21px\" width=\"64\">160<\/td>\n<td class=\"xl66\" style=\"border-top: none;border-left: none;width: 14.486%;text-align: center;height: 21px\" width=\"64\">1200&#215;5800<\/td>\n<td class=\"xl66\" style=\"border-top: none;border-left: none;width: 9.03427%;text-align: center;height: 21px\" width=\"64\">1<\/td>\n<td class=\"xl66\" style=\"border-top: none;border-left: none;width: 10.745%;text-align: center;height: 21px\" width=\"64\">6,96<\/td>\n<td class=\"xl66\" style=\"border-top: none;border-left: none;width: 8.87873%;text-align: center;height: 21px\" width=\"64\">1,11<\/td>\n<td class=\"xl66\" style=\"border-top: none;border-left: none;width: 10.2792%;text-align: center;height: 21px\" width=\"64\">125,28<\/td>\n<td class=\"xl66\" style=\"border-top: none;border-left: none;width: 10.5894%;text-align: center;height: 21px\" width=\"64\">19,98<\/td>\n<td class=\"xl66\" style=\"border-top: none;border-left: none;width: 14.9438%;text-align: center;height: 21px\" width=\"64\">4,30<\/td>\n<td class=\"xl66\" style=\"border-top: none;border-left: none;width: 1.55521%;text-align: center;height: 21px\" width=\"64\"><\/td>\n<\/tr>\n<tr style=\"height: 21px\">\n<td class=\"xl65\" style=\"height: 21px;border-top: none;width: 11.3707%;text-align: center\" width=\"64\" height=\"28\">63211801<\/td>\n<td class=\"xl66\" style=\"border-top: none;border-left: none;width: 9.96885%;text-align: center;height: 21px\" width=\"64\">180<\/td>\n<td class=\"xl66\" style=\"border-top: none;border-left: none;width: 14.486%;text-align: center;height: 21px\" width=\"64\">1200&#215;5200<\/td>\n<td class=\"xl66\" style=\"border-top: none;border-left: none;width: 9.03427%;text-align: center;height: 21px\" width=\"64\">1<\/td>\n<td class=\"xl66\" style=\"border-top: none;border-left: none;width: 10.745%;text-align: center;height: 21px\" width=\"64\">6,24<\/td>\n<td class=\"xl66\" style=\"border-top: none;border-left: none;width: 8.87873%;text-align: center;height: 21px\" width=\"64\">1,12<\/td>\n<td class=\"xl66\" style=\"border-top: none;border-left: none;width: 10.2792%;text-align: center;height: 21px\" width=\"64\">112,32<\/td>\n<td class=\"xl66\" style=\"border-top: none;border-left: none;width: 10.5894%;text-align: center;height: 21px\" width=\"64\">20,16<\/td>\n<td class=\"xl66\" style=\"border-top: none;border-left: none;width: 14.9438%;text-align: center;height: 21px\" width=\"64\">4,85<\/td>\n<td class=\"xl66\" style=\"border-top: none;border-left: none;width: 1.55521%;text-align: center;height: 21px\" width=\"64\"><\/td>\n<\/tr>\n<tr style=\"height: 21px\">\n<td class=\"xl65\" style=\"height: 21px;border-top: none;width: 11.3707%;text-align: center\" width=\"64\" height=\"28\">63212001<\/td>\n<td class=\"xl66\" style=\"border-top: none;border-left: none;width: 9.96885%;text-align: center;height: 21px\" width=\"64\">200<\/td>\n<td class=\"xl66\" style=\"border-top: none;border-left: none;width: 14.486%;text-align: center;height: 21px\" width=\"64\">1200&#215;4600<\/td>\n<td class=\"xl66\" style=\"border-top: none;border-left: none;width: 9.03427%;text-align: center;height: 21px\" width=\"64\">1<\/td>\n<td class=\"xl66\" style=\"border-top: none;border-left: none;width: 10.745%;text-align: center;height: 21px\" width=\"64\">5,52<\/td>\n<td class=\"xl66\" style=\"border-top: none;border-left: none;width: 8.87873%;text-align: center;height: 21px\" width=\"64\">1,11<\/td>\n<td class=\"xl66\" style=\"border-top: none;border-left: none;width: 10.2792%;text-align: center;height: 21px\" width=\"64\">99,36<\/td>\n<td class=\"xl66\" style=\"border-top: none;border-left: none;width: 10.5894%;text-align: center;height: 21px\" width=\"64\">19,80<\/td>\n<td class=\"xl66\" style=\"border-top: none;border-left: none;width: 14.9438%;text-align: center;height: 21px\" width=\"64\">5,40<\/td>\n<td class=\"xl66\" style=\"border-top: none;border-left: none;width: 1.55521%;text-align: center;height: 21px\" width=\"64\"><\/td>\n<\/tr>\n<tr style=\"height: 21.0pt\">\n<td class=\"xl65\" style=\"height: 10px;border-top: none;width: 11.3707%;text-align: center\" width=\"64\" height=\"28\"><\/td>\n<td class=\"xl66\" style=\"border-top: none;border-left: none;width: 9.96885%;text-align: center;height: 10px\" width=\"64\"><\/td>\n<td class=\"xl66\" style=\"border-top: none;border-left: none;width: 14.486%;text-align: center;height: 10px\" width=\"64\"><\/td>\n<td class=\"xl66\" style=\"border-top: none;border-left: none;width: 9.03427%;text-align: center;height: 10px\" width=\"64\"><\/td>\n<td class=\"xl66\" style=\"border-top: none;border-left: none;width: 10.745%;text-align: center;height: 10px\" width=\"64\"><\/td>\n<td class=\"xl66\" style=\"border-top: none;border-left: none;width: 8.87873%;text-align: center;height: 10px\" width=\"64\"><\/td>\n<td class=\"xl66\" style=\"border-top: none;border-left: none;width: 10.2792%;text-align: center;height: 10px\" width=\"64\"><\/td>\n<td class=\"xl66\" style=\"border-top: none;border-left: none;width: 10.5894%;text-align: center;height: 10px\" width=\"64\"><\/td>\n<td class=\"xl66\" style=\"border-top: none;border-left: none;width: 14.9438%;text-align: center;height: 10px\" width=\"64\"><\/td>\n<td class=\"xl66\" style=\"border-top: none;border-left: none;width: 1.55521%;text-align: center;height: 10px\" width=\"64\"><\/td>\n<\/tr>\n<\/tbody>\n<\/table>\n<p>&nbsp;<\/p>\n","protected":false},"excerpt":{"rendered":"<p style=\"text-align: justify\">F\u00fcr alle Arten von unbelasteter thermischer und akustischer Isolierung, B\u00f6den auf Holzkissen, abgeh\u00e4ngte Decken und zur Erh\u00f6hung der Schalld\u00e4mmung in Hohlr\u00e4umen auf Dachb\u00f6den.<\/p>\n","protected":false},"featured_media":1843,"comment_status":"closed","ping_status":"closed","template":"","meta":[],"product_cat":[326,328],"product_tag":[],"class_list":{"0":"post-1910","1":"product","2":"type-product","3":"status-publish","4":"has-post-thumbnail","6":"product_cat-dach","7":"product_cat-boden","9":"first","10":"instock","11":"shipping-taxable","12":"product-type-simple"},"_links":{"self":[{"href":"https:\/\/www.rotaflex.cz\/de\/wp-json\/wp\/v2\/product\/1910"}],"collection":[{"href":"https:\/\/www.rotaflex.cz\/de\/wp-json\/wp\/v2\/product"}],"about":[{"href":"https:\/\/www.rotaflex.cz\/de\/wp-json\/wp\/v2\/types\/product"}],"replies":[{"embeddable":true,"href":"https:\/\/www.rotaflex.cz\/de\/wp-json\/wp\/v2\/comments?post=1910"}],"wp:featuredmedia":[{"embeddable":true,"href":"https:\/\/www.rotaflex.cz\/de\/wp-json\/wp\/v2\/media\/1843"}],"wp:attachment":[{"href":"https:\/\/www.rotaflex.cz\/de\/wp-json\/wp\/v2\/media?parent=1910"}],"wp:term":[{"taxonomy":"product_cat","embeddable":true,"href":"https:\/\/www.rotaflex.cz\/de\/wp-json\/wp\/v2\/product_cat?post=1910"},{"taxonomy":"product_tag","embeddable":true,"href":"https:\/\/www.rotaflex.cz\/de\/wp-json\/wp\/v2\/product_tag?post=1910"}],"curies":[{"name":"wp","href":"https:\/\/api.w.org\/{rel}","templated":true}]}}