{"id":1409,"date":"2018-12-02T16:15:26","date_gmt":"2018-12-02T15:15:26","guid":{"rendered":"https:\/\/www.rotaflex.cz\/company-structure\/"},"modified":"2026-04-05T22:44:52","modified_gmt":"2026-04-05T20:44:52","slug":"company-structure","status":"publish","type":"page","link":"https:\/\/www.rotaflex.cz\/en\/company-structure\/","title":{"rendered":"Company structure"},"content":{"rendered":"<div class=\"wp-block-columns is-layout-flex wp-container-core-columns-is-layout-1 wp-block-columns-is-layout-flex\"><div class=\"wp-block-column is-layout-flow wp-block-column-is-layout-flow\" style=\"flex-basis:100%\"><h3><strong>Company Structure<\/strong><\/h3>\n<h4 data-tadv-p=\"keep\"><strong>Company Director<\/strong><\/h4>\n<div class=\"row\" style=\"text-align: left\">\n<div class=\"col-sm-6\">\n<h6 data-tadv-p=\"keep\"><strong>Ing. Ji\u0159\u00ed Zaj\u00ed\u010dek<\/strong><\/h6>\n<\/div>\n<\/div>\n<h4 data-tadv-p=\"keep\"><strong>Company Secretariat<\/strong><\/h4>\n<div class=\"row\" style=\"text-align: left\">\n<div class=\"col-sm-6\">\n<h6 data-tadv-p=\"keep\"><strong>Michaela Petr\u017eelov\u00e1<\/strong><\/h6>\n<p>Tel.: <a href=\"+420417800114\">+420 417 800 114<\/a><\/p>\n<p>Fax: <a href=\"+420417570048\">+420 417 570 048\u00a0<\/a><\/p>\n<p>E-mail: <a href=\"mailto:petrzelova@rotaflex.cz\">petrzelova@rotaflex.cz<\/a><\/p>\n<\/div>\n<\/div>\n<h4 data-tadv-p=\"keep\"><strong>Economics Department<\/strong><\/h4>\n<div class=\"row\" style=\"text-align: left\">\n<div class=\"col-sm-6\">\n<h6 data-tadv-p=\"keep\"><strong>Ing. Petr Zahradn\u00edk<\/strong><\/h6>\n<p>Economic Deputy<\/p>\n<p>Tel.: <a href=\"+420417800311\">+420 417 800 311<\/a><\/p>\n<p>Fax: <a href=\"+420417570048\">+420 417 570 048<\/a><\/p>\n<p>E-mail: <a href=\"mailto:zahradnik@rotaflex.cz\">zahradnik@rotaflex.cz<\/a><\/p>\n<\/div>\n<\/div>\n<h4 data-tadv-p=\"keep\"><strong>Financial Accounting<\/strong><\/h4>\n<div class=\"row\" style=\"text-align: left\">\n<div class=\"col-sm-6\">\n<h6 data-tadv-p=\"keep\"><strong>Monika Jentschov\u00e1<\/strong><\/h6>\n<p>Tel.: <a href=\"+420417800258\">+420 417 800 258<\/a><\/p>\n<p>E-mail: <a href=\"mailto:jentschova@rotaflex.cz\">jentschova@rotaflex.cz<\/a><\/p>\n<\/div>\n<\/div>\n<h4 data-tadv-p=\"keep\"><strong>Personnel Department<\/strong><\/h4>\n<div class=\"row\" style=\"text-align: left\">\n<div class=\"col-sm-6\">\n<h6 data-tadv-p=\"keep\"><strong>Ing. Vladim\u00edr Hovorka<\/strong><\/h6>\n<p>Tel.: <a href=\"+420417800184\">+420 417 800 184<\/a><\/p>\n<p>E-mail: <a href=\"mailto:hovorka@rotaflex.cz\">hovorka@rotaflex.cz<\/a><\/p>\n<\/div>\n<\/div>\n<h4 data-tadv-p=\"keep\"><strong>Sales Department<\/strong><\/h4>\n<div class=\"row\" style=\"text-align: left\">\n<div class=\"col-sm-6\">\n<h6 data-tadv-p=\"keep\"><strong>Radka Maternov\u00e1<\/strong><\/h6>\n<p>Sales and Logistics Manager<\/p>\n<p>Tel.: <a href=\"+420417800183\">+420 417 800 183<\/a><\/p>\n<p>Mob.: <a href=\"+420725010185\">+420 725 010 185<\/a><\/p>\n<p>E-mail: <a href=\"mailto:maternova@rotaflex.cz\">maternova@rotaflex.cz<\/a><\/p>\n<\/div>\n<\/div>\n<div class=\"row\" style=\"text-align: left\">\n<div class=\"col-sm-6\">\n<h6 data-tadv-p=\"keep\"><strong>David Jelen<\/strong><\/h6>\n<p>sales representative<\/p>\n<p>Tel.: <a href=\"+420417800239\">+420 417 800 239<\/a><\/p>\n<p>Mob.: <a href=\"+420725556568\">+420 725 556 568<\/a><\/p>\n<p>E-mail: <a href=\"mailto:maternova@rotaflex.cz\">jelen@rotaflex.cz<\/a><\/p>\n<\/div>\n<\/div>\n<h4 data-tadv-p=\"keep\"><strong>Invoicing and Logistics<\/strong><\/h4>\n<div class=\"row\" style=\"text-align: left\">\n<div class=\"col-sm-6\">\n<h6 data-tadv-p=\"keep\"><strong>Petra Svobodov\u00e1<\/strong><\/h6>\n<p>Tel.: <a href=\"+420417800213\">+420 417 800 213<\/a><\/p>\n<p>Mob.: <a href=\"+420730998639\">+420 730 998 639<\/a><\/p>\n<p>Fax: <a href=\"+420417530045\">+420 417 530 045<\/a><\/p>\n<p>E-mail: <a href=\"mailto:jencova@rotaflex.cz\">svobodova@rotaflex.cz<\/a><\/p>\n<\/div>\n<\/div>\n<h4 data-tadv-p=\"keep\">Supply and Purchasing<\/h4>\n<p>E-mail: <a href=\"mailto:mtz@rotaflex.cz\">mtz@rotaflex.cz<\/a><\/p>\n\n<\/div><\/div>","protected":false},"excerpt":{"rendered":"<p>Company Structure Company Director Ing. Ji\u0159\u00ed Zaj\u00ed\u010dek Company Secretariat Michaela Petr\u017eelov\u00e1 Tel.: +420 417 800 114 Fax: +420 417 570 048\u00a0 E-mail: petrzelova@rotaflex.cz Economics Department Ing. Petr Zahradn\u00edk Economic Deputy Tel.: +420 417 800 311 Fax: +420 417 570 048 E-mail: zahradnik@rotaflex.cz Financial Accounting Monika Jentschov\u00e1 Tel.: +420 417 800 258 E-mail: jentschova@rotaflex.cz Personnel Department [&hellip;]<\/p>\n","protected":false},"author":1,"featured_media":0,"parent":0,"menu_order":0,"comment_status":"closed","ping_status":"closed","template":"","meta":{"footnotes":""},"class_list":["post-1409","page","type-page","status-publish","hentry"],"_links":{"self":[{"href":"https:\/\/www.rotaflex.cz\/en\/wp-json\/wp\/v2\/pages\/1409"}],"collection":[{"href":"https:\/\/www.rotaflex.cz\/en\/wp-json\/wp\/v2\/pages"}],"about":[{"href":"https:\/\/www.rotaflex.cz\/en\/wp-json\/wp\/v2\/types\/page"}],"author":[{"embeddable":true,"href":"https:\/\/www.rotaflex.cz\/en\/wp-json\/wp\/v2\/users\/1"}],"replies":[{"embeddable":true,"href":"https:\/\/www.rotaflex.cz\/en\/wp-json\/wp\/v2\/comments?post=1409"}],"version-history":[{"count":4,"href":"https:\/\/www.rotaflex.cz\/en\/wp-json\/wp\/v2\/pages\/1409\/revisions"}],"predecessor-version":[{"id":1756,"href":"https:\/\/www.rotaflex.cz\/en\/wp-json\/wp\/v2\/pages\/1409\/revisions\/1756"}],"wp:attachment":[{"href":"https:\/\/www.rotaflex.cz\/en\/wp-json\/wp\/v2\/media?parent=1409"}],"curies":[{"name":"wp","href":"https:\/\/api.w.org\/{rel}","templated":true}]}}